{"id":115628,"date":"2026-05-05T15:14:25","date_gmt":"2026-05-05T18:14:25","guid":{"rendered":"https:\/\/www.hediyepazar.com\/?product=kirisiklik-onleyici-guzellik-cihazi-mikro-akim-masaj-ve-isi-terapisi"},"modified":"2026-05-05T15:14:25","modified_gmt":"2026-05-05T18:14:25","slug":"kirisiklik-onleyici-guzellik-cihazi-mikro-akim-masaj-ve-isi-terapisi","status":"publish","type":"product","link":"https:\/\/www.hediyepazar.com\/?product=kirisiklik-onleyici-guzellik-cihazi-mikro-akim-masaj-ve-isi-terapisi","title":{"rendered":"K\u0131r\u0131\u015f\u0131kl\u0131k \u00d6nleyici G\u00fczellik Cihaz\u0131 | Mikro Ak\u0131m Masaj ve Is\u0131 Terapisi"},"content":{"rendered":"<p>Y\u00fcz ve boyun b\u00f6lgesinde sarkma, k\u0131r\u0131\u015f\u0131kl\u0131k ve g\u0131d\u0131 sorunlar\u0131 ya\u015fayanlar i\u00e7in tasarlanan bu cilt s\u0131k\u0131la\u015ft\u0131r\u0131c\u0131 cihaz, modern mikro ak\u0131m teknolojisi ile profesyonel bir bak\u0131m sunar. Dakikada 7000 titre\u015fim yayan sistem, cildin do\u011fal yap\u0131s\u0131n\u0131 uyararak kolajen \u00fcretimini art\u0131r\u0131r. Bu sayede cilt daha s\u0131k\u0131, gergin ve p\u00fcr\u00fczs\u00fcz bir g\u00f6r\u00fcn\u00fcm kazan\u0131r.\u00dc\u00e7 farkl\u0131 bak\u0131m modu ile her cilt tipine uygun kullan\u0131m imkan\u0131 vard\u0131r. Temizlik modu, g\u00f6zeneklerdeki fazla ya\u011f\u0131 ve kiri temizler. EMS modu, mikro ak\u0131mlarla cildi uyararak k\u0131r\u0131\u015f\u0131kl\u0131klar\u0131 azalt\u0131r. Nemlendirme modu ise cilt bak\u0131m \u00fcr\u00fcnlerinin daha etkili emilimini sa\u011flar. Ayr\u0131ca \u0131s\u0131 terapisi ile cildin kan dola\u015f\u0131m\u0131n\u0131 h\u0131zland\u0131r\u0131r, sa\u011fl\u0131kl\u0131 bir parlakl\u0131k kazand\u0131r\u0131r.Ta\u015f\u0131nabilir yap\u0131s\u0131 sayesinde seyahatlerde kolayl\u0131kla kullan\u0131labilir. 500 mAh bataryas\u0131 ile tek \u015farjda uzun s\u00fcre \u00e7al\u0131\u015f\u0131r. Ergonomik tasar\u0131m\u0131 sayesinde elde rahat kavran\u0131r ve y\u00fcz hatlar\u0131na kolayca uygulan\u0131r. Evde profesyonel bak\u0131m etkisi ya\u015famak isteyenler i\u00e7in m\u00fckemmel bir alternatiftir.<\/p>\n","protected":false},"excerpt":{"rendered":"<p>Y\u00fcz ve boyun b\u00f6lgesinde sarkma, k\u0131r\u0131\u015f\u0131kl\u0131k ve g\u0131d\u0131 sorunlar\u0131 ya\u015fayanlar i\u00e7in tasarlanan bu cilt s\u0131k\u0131la\u015ft\u0131r\u0131c\u0131 cihaz, modern mikro ak\u0131m teknolojisi ile profesyonel bir bak\u0131m sunar. Dakikada 7000 titre\u015fim yayan sistem, cildin do\u011fal yap\u0131s\u0131n\u0131 uyararak kolajen \u00fcretimini art\u0131r\u0131r. Bu sayede cilt daha s\u0131k\u0131, gergin ve p\u00fcr\u00fczs\u00fcz bir g\u00f6r\u00fcn\u00fcm kazan\u0131r.\u00dc\u00e7 farkl\u0131 bak\u0131m modu ile her cilt tipine&#8230;<\/p>\n","protected":false},"featured_media":115627,"comment_status":"open","ping_status":"closed","template":"","meta":{"_kad_post_transparent":"","_kad_post_title":"","_kad_post_layout":"","_kad_post_sidebar_id":"","_kad_post_content_style":"","_kad_post_vertical_padding":"","_kad_post_feature":"","_kad_post_feature_position":"","_kad_post_header":false,"_kad_post_footer":false,"_kad_post_classname":""},"product_brand":[],"product_cat":[14917],"product_tag":[],"class_list":{"0":"post-115628","1":"product","2":"type-product","3":"status-publish","4":"has-post-thumbnail","6":"product_cat-yuz-masaj-aleti-yuz-masaj-aleti","8":"first","9":"instock","10":"purchasable","11":"product-type-simple","12":"entry","13":"content-bg","14":"loop-entry"},"_links":{"self":[{"href":"https:\/\/www.hediyepazar.com\/index.php?rest_route=\/wp\/v2\/product\/115628","targetHints":{"allow":["GET"]}}],"collection":[{"href":"https:\/\/www.hediyepazar.com\/index.php?rest_route=\/wp\/v2\/product"}],"about":[{"href":"https:\/\/www.hediyepazar.com\/index.php?rest_route=\/wp\/v2\/types\/product"}],"replies":[{"embeddable":true,"href":"https:\/\/www.hediyepazar.com\/index.php?rest_route=%2Fwp%2Fv2%2Fcomments&post=115628"}],"wp:featuredmedia":[{"embeddable":true,"href":"https:\/\/www.hediyepazar.com\/index.php?rest_route=\/wp\/v2\/media\/115627"}],"wp:attachment":[{"href":"https:\/\/www.hediyepazar.com\/index.php?rest_route=%2Fwp%2Fv2%2Fmedia&parent=115628"}],"wp:term":[{"taxonomy":"product_brand","embeddable":true,"href":"https:\/\/www.hediyepazar.com\/index.php?rest_route=%2Fwp%2Fv2%2Fproduct_brand&post=115628"},{"taxonomy":"product_cat","embeddable":true,"href":"https:\/\/www.hediyepazar.com\/index.php?rest_route=%2Fwp%2Fv2%2Fproduct_cat&post=115628"},{"taxonomy":"product_tag","embeddable":true,"href":"https:\/\/www.hediyepazar.com\/index.php?rest_route=%2Fwp%2Fv2%2Fproduct_tag&post=115628"}],"curies":[{"name":"wp","href":"https:\/\/api.w.org\/{rel}","templated":true}]}}