{"id":115658,"date":"2026-05-05T15:18:00","date_gmt":"2026-05-05T18:18:00","guid":{"rendered":"https:\/\/www.hediyepazar.com\/?product=pu-deri-tasinabilir-masaj-aleti-cok-bolgeli-kullanim"},"modified":"2026-05-05T15:18:00","modified_gmt":"2026-05-05T18:18:00","slug":"pu-deri-tasinabilir-masaj-aleti-cok-bolgeli-kullanim","status":"publish","type":"product","link":"https:\/\/www.hediyepazar.com\/?product=pu-deri-tasinabilir-masaj-aleti-cok-bolgeli-kullanim","title":{"rendered":"PU Deri Ta\u015f\u0131nabilir Masaj Aleti | \u00c7ok B\u00f6lgeli Kullan\u0131m"},"content":{"rendered":"<p>Kablosuz boyun ve omuz masaj aleti, ergonomik tasar\u0131m\u0131 ve g\u00fc\u00e7l\u00fc i\u015flevleriyle g\u00fcnl\u00fck ya\u015famda ihtiya\u00e7 duydu\u011funuz rahatlamay\u0131 sa\u011flar. 3D masaj kafalar\u0131, yo\u011furma ve kavrama hareketleriyle ger\u00e7ek\u00e7i bir masaj deneyimi sunar. Is\u0131tma fonksiyonu, kaslar\u0131n gev\u015femesine yard\u0131mc\u0131 olurken kan dola\u015f\u0131m\u0131n\u0131 art\u0131r\u0131r. \u0130ki mod ve iki h\u0131z se\u00e7ene\u011fi sayesinde farkl\u0131 ihtiya\u00e7lara uygun kullan\u0131m sunar. 2000 mAh bataryas\u0131 kablosuz kullan\u0131m imk\u00e2n\u0131 verir ve tek \u015farjla 7\u20138 kez kullan\u0131labilir. Sessiz motoru, d\u00fc\u015f\u00fck g\u00fcr\u00fclt\u00fcyle konforlu bir kullan\u0131m sa\u011flar. PU deri kaplamas\u0131 dayan\u0131kl\u0131l\u0131\u011f\u0131 art\u0131r\u0131r ve uzun \u00f6m\u00fcrl\u00fc kullan\u0131m sunar. Boyun ve omuzlar\u0131n yan\u0131 s\u0131ra bel, s\u0131rt, kol ve bacak b\u00f6lgelerinde de etkili bir \u015fekilde kullan\u0131labilir. 10 dakikal\u0131k otomatik kapanma \u00f6zelli\u011fi g\u00fcvenli bir kullan\u0131m deneyimi sa\u011flar. Evde dinlenirken, ofiste \u00e7al\u0131\u015f\u0131rken ya da seyahatte yan\u0131n\u0131zda ta\u015f\u0131yabilece\u011finiz ta\u015f\u0131nabilir yap\u0131s\u0131yla \u00f6ne \u00e7\u0131kar. G\u00fcnl\u00fck yorgunlu\u011fu azaltmak, kas a\u011fr\u0131lar\u0131n\u0131 hafifletmek ve enerjinizi art\u0131rmak i\u00e7in ideal bir \u00e7\u00f6z\u00fcmd\u00fcr.<\/p>\n","protected":false},"excerpt":{"rendered":"<p>Kablosuz boyun ve omuz masaj aleti, ergonomik tasar\u0131m\u0131 ve g\u00fc\u00e7l\u00fc i\u015flevleriyle g\u00fcnl\u00fck ya\u015famda ihtiya\u00e7 duydu\u011funuz rahatlamay\u0131 sa\u011flar. 3D masaj kafalar\u0131, yo\u011furma ve kavrama hareketleriyle ger\u00e7ek\u00e7i bir masaj deneyimi sunar. Is\u0131tma fonksiyonu, kaslar\u0131n gev\u015femesine yard\u0131mc\u0131 olurken kan dola\u015f\u0131m\u0131n\u0131 art\u0131r\u0131r. \u0130ki mod ve iki h\u0131z se\u00e7ene\u011fi sayesinde farkl\u0131 ihtiya\u00e7lara uygun kullan\u0131m sunar. 2000 mAh bataryas\u0131 kablosuz kullan\u0131m&#8230;<\/p>\n","protected":false},"featured_media":115657,"comment_status":"open","ping_status":"closed","template":"","meta":{"_kad_post_transparent":"","_kad_post_title":"","_kad_post_layout":"","_kad_post_sidebar_id":"","_kad_post_content_style":"","_kad_post_vertical_padding":"","_kad_post_feature":"","_kad_post_feature_position":"","_kad_post_header":false,"_kad_post_footer":false,"_kad_post_classname":""},"product_brand":[],"product_cat":[14939],"product_tag":[],"class_list":{"0":"post-115658","1":"product","2":"type-product","3":"status-publish","4":"has-post-thumbnail","6":"product_cat-masaj-cihazi-masaj-cihazi","8":"first","9":"instock","10":"purchasable","11":"product-type-simple","12":"entry","13":"content-bg","14":"loop-entry"},"_links":{"self":[{"href":"https:\/\/www.hediyepazar.com\/index.php?rest_route=\/wp\/v2\/product\/115658","targetHints":{"allow":["GET"]}}],"collection":[{"href":"https:\/\/www.hediyepazar.com\/index.php?rest_route=\/wp\/v2\/product"}],"about":[{"href":"https:\/\/www.hediyepazar.com\/index.php?rest_route=\/wp\/v2\/types\/product"}],"replies":[{"embeddable":true,"href":"https:\/\/www.hediyepazar.com\/index.php?rest_route=%2Fwp%2Fv2%2Fcomments&post=115658"}],"wp:featuredmedia":[{"embeddable":true,"href":"https:\/\/www.hediyepazar.com\/index.php?rest_route=\/wp\/v2\/media\/115657"}],"wp:attachment":[{"href":"https:\/\/www.hediyepazar.com\/index.php?rest_route=%2Fwp%2Fv2%2Fmedia&parent=115658"}],"wp:term":[{"taxonomy":"product_brand","embeddable":true,"href":"https:\/\/www.hediyepazar.com\/index.php?rest_route=%2Fwp%2Fv2%2Fproduct_brand&post=115658"},{"taxonomy":"product_cat","embeddable":true,"href":"https:\/\/www.hediyepazar.com\/index.php?rest_route=%2Fwp%2Fv2%2Fproduct_cat&post=115658"},{"taxonomy":"product_tag","embeddable":true,"href":"https:\/\/www.hediyepazar.com\/index.php?rest_route=%2Fwp%2Fv2%2Fproduct_tag&post=115658"}],"curies":[{"name":"wp","href":"https:\/\/api.w.org\/{rel}","templated":true}]}}