{"id":115662,"date":"2026-05-05T15:18:10","date_gmt":"2026-05-05T18:18:10","guid":{"rendered":"https:\/\/www.hediyepazar.com\/?product=servikal-rahatlatici-masaj-aleti-trapezius-ve-sirt-icin-uygun"},"modified":"2026-05-05T15:18:10","modified_gmt":"2026-05-05T18:18:10","slug":"servikal-rahatlatici-masaj-aleti-trapezius-ve-sirt-icin-uygun","status":"publish","type":"product","link":"https:\/\/www.hediyepazar.com\/?product=servikal-rahatlatici-masaj-aleti-trapezius-ve-sirt-icin-uygun","title":{"rendered":"Servikal Rahatlat\u0131c\u0131 Masaj Aleti | Trapezius ve S\u0131rt \u0130\u00e7in Uygun"},"content":{"rendered":"<p>Kablosuz tasar\u0131ma sahip bu masaj aleti, boyun ve omuz b\u00f6lgelerinde yo\u011funla\u015fan kas gerginliklerini gidermek i\u00e7in \u00f6zel olarak \u00fcretilmi\u015ftir. 3D masaj kafalar\u0131, yo\u011furma ve kavrama hareketleriyle insan eli masaj\u0131n\u0131 ger\u00e7ek\u00e7i bir \u015fekilde sim\u00fcle eder. \u00d6zellikle trapezius kaslar\u0131 \u00fczerinde etkili olarak boyun ve s\u0131rt a\u011fr\u0131lar\u0131n\u0131 hafifletir. Is\u0131tma \u00f6zelli\u011fi, s\u0131cak kompres etkisiyle masaj\u0131n faydas\u0131n\u0131 art\u0131r\u0131r, kaslar\u0131n gev\u015femesine yard\u0131mc\u0131 olur. \u0130ki h\u0131z ayar\u0131 ve iki farkl\u0131 mod ile ki\u015fisel tercihinize g\u00f6re masaj yo\u011funlu\u011funu ayarlayabilirsiniz. 2000 mAh bataryas\u0131 sayesinde kablosuz kullan\u0131m kolayl\u0131\u011f\u0131 sunar, tek \u015farj ile 7\u20138 seans \u00e7al\u0131\u015fabilir. Sessiz motoru sayesinde d\u00fc\u015f\u00fck g\u00fcr\u00fclt\u00fcyle rahat bir kullan\u0131m sa\u011flar. PU deri kaplamas\u0131 \u015f\u0131k ve dayan\u0131kl\u0131 bir tasar\u0131m sunar. Sadece boyun ve omuz i\u00e7in de\u011fil, ayn\u0131 zamanda bel, bacak ve kol b\u00f6lgelerinde de kullan\u0131labilir. 10 dakikal\u0131k zamanlama \u00f6zelli\u011fi g\u00fcvenli\u011fi art\u0131r\u0131rken a\u015f\u0131r\u0131 kullan\u0131m\u0131n \u00f6n\u00fcne ge\u00e7er. Evde, ofiste ya da yolculukta rahatlama isteyenler i\u00e7in ideal bir \u00e7\u00f6z\u00fcmd\u00fcr. G\u00fcnl\u00fck yorgunlu\u011fu azaltmak ve enerji kazanmak i\u00e7in g\u00fcvenilir bir masaj deste\u011fidir.<\/p>\n","protected":false},"excerpt":{"rendered":"<p>Kablosuz tasar\u0131ma sahip bu masaj aleti, boyun ve omuz b\u00f6lgelerinde yo\u011funla\u015fan kas gerginliklerini gidermek i\u00e7in \u00f6zel olarak \u00fcretilmi\u015ftir. 3D masaj kafalar\u0131, yo\u011furma ve kavrama hareketleriyle insan eli masaj\u0131n\u0131 ger\u00e7ek\u00e7i bir \u015fekilde sim\u00fcle eder. \u00d6zellikle trapezius kaslar\u0131 \u00fczerinde etkili olarak boyun ve s\u0131rt a\u011fr\u0131lar\u0131n\u0131 hafifletir. Is\u0131tma \u00f6zelli\u011fi, s\u0131cak kompres etkisiyle masaj\u0131n faydas\u0131n\u0131 art\u0131r\u0131r, kaslar\u0131n gev\u015femesine yard\u0131mc\u0131&#8230;<\/p>\n","protected":false},"featured_media":115661,"comment_status":"open","ping_status":"closed","template":"","meta":{"_kad_post_transparent":"","_kad_post_title":"","_kad_post_layout":"","_kad_post_sidebar_id":"","_kad_post_content_style":"","_kad_post_vertical_padding":"","_kad_post_feature":"","_kad_post_feature_position":"","_kad_post_header":false,"_kad_post_footer":false,"_kad_post_classname":""},"product_brand":[],"product_cat":[14939],"product_tag":[],"class_list":{"0":"post-115662","1":"product","2":"type-product","3":"status-publish","4":"has-post-thumbnail","6":"product_cat-masaj-cihazi-masaj-cihazi","8":"first","9":"instock","10":"purchasable","11":"product-type-simple","12":"entry","13":"content-bg","14":"loop-entry"},"_links":{"self":[{"href":"https:\/\/www.hediyepazar.com\/index.php?rest_route=\/wp\/v2\/product\/115662","targetHints":{"allow":["GET"]}}],"collection":[{"href":"https:\/\/www.hediyepazar.com\/index.php?rest_route=\/wp\/v2\/product"}],"about":[{"href":"https:\/\/www.hediyepazar.com\/index.php?rest_route=\/wp\/v2\/types\/product"}],"replies":[{"embeddable":true,"href":"https:\/\/www.hediyepazar.com\/index.php?rest_route=%2Fwp%2Fv2%2Fcomments&post=115662"}],"wp:featuredmedia":[{"embeddable":true,"href":"https:\/\/www.hediyepazar.com\/index.php?rest_route=\/wp\/v2\/media\/115661"}],"wp:attachment":[{"href":"https:\/\/www.hediyepazar.com\/index.php?rest_route=%2Fwp%2Fv2%2Fmedia&parent=115662"}],"wp:term":[{"taxonomy":"product_brand","embeddable":true,"href":"https:\/\/www.hediyepazar.com\/index.php?rest_route=%2Fwp%2Fv2%2Fproduct_brand&post=115662"},{"taxonomy":"product_cat","embeddable":true,"href":"https:\/\/www.hediyepazar.com\/index.php?rest_route=%2Fwp%2Fv2%2Fproduct_cat&post=115662"},{"taxonomy":"product_tag","embeddable":true,"href":"https:\/\/www.hediyepazar.com\/index.php?rest_route=%2Fwp%2Fv2%2Fproduct_tag&post=115662"}],"curies":[{"name":"wp","href":"https:\/\/api.w.org\/{rel}","templated":true}]}}