{"id":115664,"date":"2026-05-05T15:18:15","date_gmt":"2026-05-05T18:18:15","guid":{"rendered":"https:\/\/www.hediyepazar.com\/?product=kablosuz-boyun-ve-omuz-masaj-aleti-isitmali-ve-yogurmali"},"modified":"2026-05-05T15:18:15","modified_gmt":"2026-05-05T18:18:15","slug":"kablosuz-boyun-ve-omuz-masaj-aleti-isitmali-ve-yogurmali","status":"publish","type":"product","link":"https:\/\/www.hediyepazar.com\/?product=kablosuz-boyun-ve-omuz-masaj-aleti-isitmali-ve-yogurmali","title":{"rendered":"Kablosuz Boyun ve Omuz Masaj Aleti | Is\u0131tmal\u0131 ve Yo\u011furmal\u0131"},"content":{"rendered":"<p>Kablosuz boyun ve omuz masaj aleti, g\u00fcnl\u00fck yorgunlu\u011funuzu ve kas gerginliklerini hafifletmek i\u00e7in tasarlanm\u0131\u015ft\u0131r. 3D yo\u011furma teknolojisi, insan eli hareketlerini taklit ederek derinlemesine bir masaj deneyimi sunar. \u0130ki farkl\u0131 mod ve iki h\u0131z ayar\u0131 sayesinde ihtiya\u00e7lar\u0131n\u0131za uygun masaj\u0131 kolayca se\u00e7ebilirsiniz. Is\u0131tma fonksiyonu, kan dola\u015f\u0131m\u0131n\u0131 h\u0131zland\u0131rarak daha etkili bir rahatlama sa\u011flar. 2000 mAh bataryas\u0131yla kablosuz kullan\u0131m imk\u00e2n\u0131 sunan cihaz, tam \u015farjla 7\u20138 seans boyunca kullan\u0131labilir. Sessiz motor teknolojisi, d\u00fc\u015f\u00fck g\u00fcr\u00fclt\u00fcyle konforlu bir kullan\u0131m sa\u011flar. PU deri kaplamas\u0131 dayan\u0131kl\u0131l\u0131k sunarken, ergonomik tasar\u0131m\u0131 boyun, omuz, s\u0131rt, bel ve bacak gibi farkl\u0131 b\u00f6lgelerde kullan\u0131m imk\u00e2n\u0131 tan\u0131r. 10 dakikal\u0131k otomatik zamanlama \u00f6zelli\u011fi ile g\u00fcvenli bir kullan\u0131m sa\u011flar. Ta\u015f\u0131nabilir ve hafif yap\u0131s\u0131yla evde, ofiste ya da seyahatlerde yan\u0131n\u0131zda kolayca ta\u015f\u0131yabilirsiniz. Masaj s\u0131ras\u0131nda kullan\u0131lan \u0131s\u0131tma \u00f6zelli\u011fi, kas sertli\u011fini azaltarak derinlemesine gev\u015feme sunar. G\u00fcnl\u00fck hayat\u0131n stresini atmak, rahatlamak ve sa\u011fl\u0131kl\u0131 bir ya\u015fam i\u00e7in ideal bir \u00e7\u00f6z\u00fcmd\u00fcr.<\/p>\n","protected":false},"excerpt":{"rendered":"<p>Kablosuz boyun ve omuz masaj aleti, g\u00fcnl\u00fck yorgunlu\u011funuzu ve kas gerginliklerini hafifletmek i\u00e7in tasarlanm\u0131\u015ft\u0131r. 3D yo\u011furma teknolojisi, insan eli hareketlerini taklit ederek derinlemesine bir masaj deneyimi sunar. \u0130ki farkl\u0131 mod ve iki h\u0131z ayar\u0131 sayesinde ihtiya\u00e7lar\u0131n\u0131za uygun masaj\u0131 kolayca se\u00e7ebilirsiniz. Is\u0131tma fonksiyonu, kan dola\u015f\u0131m\u0131n\u0131 h\u0131zland\u0131rarak daha etkili bir rahatlama sa\u011flar. 2000 mAh bataryas\u0131yla kablosuz kullan\u0131m&#8230;<\/p>\n","protected":false},"featured_media":115663,"comment_status":"open","ping_status":"closed","template":"","meta":{"_kad_post_transparent":"","_kad_post_title":"","_kad_post_layout":"","_kad_post_sidebar_id":"","_kad_post_content_style":"","_kad_post_vertical_padding":"","_kad_post_feature":"","_kad_post_feature_position":"","_kad_post_header":false,"_kad_post_footer":false,"_kad_post_classname":""},"product_brand":[],"product_cat":[14939],"product_tag":[],"class_list":{"0":"post-115664","1":"product","2":"type-product","3":"status-publish","4":"has-post-thumbnail","6":"product_cat-masaj-cihazi-masaj-cihazi","8":"first","9":"instock","10":"purchasable","11":"product-type-simple","12":"entry","13":"content-bg","14":"loop-entry"},"_links":{"self":[{"href":"https:\/\/www.hediyepazar.com\/index.php?rest_route=\/wp\/v2\/product\/115664","targetHints":{"allow":["GET"]}}],"collection":[{"href":"https:\/\/www.hediyepazar.com\/index.php?rest_route=\/wp\/v2\/product"}],"about":[{"href":"https:\/\/www.hediyepazar.com\/index.php?rest_route=\/wp\/v2\/types\/product"}],"replies":[{"embeddable":true,"href":"https:\/\/www.hediyepazar.com\/index.php?rest_route=%2Fwp%2Fv2%2Fcomments&post=115664"}],"wp:featuredmedia":[{"embeddable":true,"href":"https:\/\/www.hediyepazar.com\/index.php?rest_route=\/wp\/v2\/media\/115663"}],"wp:attachment":[{"href":"https:\/\/www.hediyepazar.com\/index.php?rest_route=%2Fwp%2Fv2%2Fmedia&parent=115664"}],"wp:term":[{"taxonomy":"product_brand","embeddable":true,"href":"https:\/\/www.hediyepazar.com\/index.php?rest_route=%2Fwp%2Fv2%2Fproduct_brand&post=115664"},{"taxonomy":"product_cat","embeddable":true,"href":"https:\/\/www.hediyepazar.com\/index.php?rest_route=%2Fwp%2Fv2%2Fproduct_cat&post=115664"},{"taxonomy":"product_tag","embeddable":true,"href":"https:\/\/www.hediyepazar.com\/index.php?rest_route=%2Fwp%2Fv2%2Fproduct_tag&post=115664"}],"curies":[{"name":"wp","href":"https:\/\/api.w.org\/{rel}","templated":true}]}}