{"id":115725,"date":"2026-05-05T15:24:58","date_gmt":"2026-05-05T18:24:58","guid":{"rendered":"https:\/\/www.hediyepazar.com\/?product=kimyasal-icermeyen-uv-isikli-bocek-ve-sivrisinek-kapani-guvenli-kullanim"},"modified":"2026-05-05T15:24:58","modified_gmt":"2026-05-05T18:24:58","slug":"kimyasal-icermeyen-uv-isikli-bocek-ve-sivrisinek-kapani-guvenli-kullanim","status":"publish","type":"product","link":"https:\/\/www.hediyepazar.com\/?product=kimyasal-icermeyen-uv-isikli-bocek-ve-sivrisinek-kapani-guvenli-kullanim","title":{"rendered":"Kimyasal \u0130\u00e7ermeyen UV I\u015f\u0131kl\u0131 B\u00f6cek ve Sivrisinek Kapan\u0131 \u2013 G\u00fcvenli Kullan\u0131m"},"content":{"rendered":"<p>Yaz aylar\u0131nda en \u00e7ok kar\u015f\u0131la\u015f\u0131lan sorunlardan biri olan sivrisinekler, art\u0131k Elektrikli Sivrisinek Katili ile sorun olmaktan \u00e7\u0131k\u0131yor. UV \u0131\u015f\u0131k teknolojisiyle \u00e7al\u0131\u015fan bu cihaz, 20-50 m\u00b2\u2019lik alanda etkili bir \u00e7\u00f6z\u00fcm sunar. 3W g\u00fc\u00e7 t\u00fcketimiyle \u00e7evre dostu ve ekonomik bir kullan\u0131m sa\u011flar. Sivrisinek, karasinek ve di\u011fer u\u00e7an b\u00f6cekleri h\u0131zl\u0131ca yok ederek sa\u011fl\u0131kl\u0131 bir ortam olu\u015fturur. ABS malzeme ile \u00fcretilmi\u015f dayan\u0131kl\u0131 g\u00f6vdesi uzun \u00f6m\u00fcrl\u00fcd\u00fcr. Ayr\u0131ca, kimyasal ve koku i\u00e7ermemesi sayesinde evlerde, restoranlarda, otellerde ve ofislerde g\u00fcvenle kullan\u0131labilir. Geli\u015fmi\u015f elektrikli \u0131zgaras\u0131 b\u00f6cekleri etkili bir \u015fekilde yok ederken, \u00f6l\u00fc b\u00f6cekler haznede birikir ve kolayca temizlenebilir. Cihaz\u0131n en verimli \u00e7al\u0131\u015fmas\u0131 i\u00e7in karanl\u0131k k\u00f6\u015felere yerle\u015ftirilmesi \u00f6nerilir. 170 cm kablo uzunlu\u011fu ile farkl\u0131 konumlarda rahat kullan\u0131m sa\u011flar. Uyumadan \u00f6nce \u00e7al\u0131\u015ft\u0131r\u0131ld\u0131\u011f\u0131nda gece boyu sineksiz bir ortam sunar. Sessiz \u00e7al\u0131\u015ft\u0131\u011f\u0131 i\u00e7in uyurken rahats\u0131z etmez. Yaz\u0131n rahat uyumak, bah\u00e7ede sineksiz vakit ge\u00e7irmek ve b\u00f6ceklerden korunmak isteyenler i\u00e7in ideal bir \u00e7\u00f6z\u00fcmd\u00fcr. Hem ekonomik hem de g\u00fcvenli bir sivrisinek \u00e7\u00f6z\u00fcm\u00fc ar\u0131yorsan\u0131z bu \u00fcr\u00fcn tam size g\u00f6re!<\/p>\n","protected":false},"excerpt":{"rendered":"<p>Yaz aylar\u0131nda en \u00e7ok kar\u015f\u0131la\u015f\u0131lan sorunlardan biri olan sivrisinekler, art\u0131k Elektrikli Sivrisinek Katili ile sorun olmaktan \u00e7\u0131k\u0131yor. UV \u0131\u015f\u0131k teknolojisiyle \u00e7al\u0131\u015fan bu cihaz, 20-50 m\u00b2\u2019lik alanda etkili bir \u00e7\u00f6z\u00fcm sunar. 3W g\u00fc\u00e7 t\u00fcketimiyle \u00e7evre dostu ve ekonomik bir kullan\u0131m sa\u011flar. Sivrisinek, karasinek ve di\u011fer u\u00e7an b\u00f6cekleri h\u0131zl\u0131ca yok ederek sa\u011fl\u0131kl\u0131 bir ortam olu\u015fturur. ABS malzeme&#8230;<\/p>\n","protected":false},"featured_media":115724,"comment_status":"open","ping_status":"closed","template":"","meta":{"_kad_post_transparent":"","_kad_post_title":"","_kad_post_layout":"","_kad_post_sidebar_id":"","_kad_post_content_style":"","_kad_post_vertical_padding":"","_kad_post_feature":"","_kad_post_feature_position":"","_kad_post_header":false,"_kad_post_footer":false,"_kad_post_classname":""},"product_brand":[],"product_cat":[15078],"product_tag":[],"class_list":{"0":"post-115725","1":"product","2":"type-product","3":"status-publish","4":"has-post-thumbnail","6":"product_cat-hasere-kovucular-hasere-kovucular","8":"first","9":"instock","10":"purchasable","11":"product-type-simple","12":"entry","13":"content-bg","14":"loop-entry"},"_links":{"self":[{"href":"https:\/\/www.hediyepazar.com\/index.php?rest_route=\/wp\/v2\/product\/115725","targetHints":{"allow":["GET"]}}],"collection":[{"href":"https:\/\/www.hediyepazar.com\/index.php?rest_route=\/wp\/v2\/product"}],"about":[{"href":"https:\/\/www.hediyepazar.com\/index.php?rest_route=\/wp\/v2\/types\/product"}],"replies":[{"embeddable":true,"href":"https:\/\/www.hediyepazar.com\/index.php?rest_route=%2Fwp%2Fv2%2Fcomments&post=115725"}],"wp:featuredmedia":[{"embeddable":true,"href":"https:\/\/www.hediyepazar.com\/index.php?rest_route=\/wp\/v2\/media\/115724"}],"wp:attachment":[{"href":"https:\/\/www.hediyepazar.com\/index.php?rest_route=%2Fwp%2Fv2%2Fmedia&parent=115725"}],"wp:term":[{"taxonomy":"product_brand","embeddable":true,"href":"https:\/\/www.hediyepazar.com\/index.php?rest_route=%2Fwp%2Fv2%2Fproduct_brand&post=115725"},{"taxonomy":"product_cat","embeddable":true,"href":"https:\/\/www.hediyepazar.com\/index.php?rest_route=%2Fwp%2Fv2%2Fproduct_cat&post=115725"},{"taxonomy":"product_tag","embeddable":true,"href":"https:\/\/www.hediyepazar.com\/index.php?rest_route=%2Fwp%2Fv2%2Fproduct_tag&post=115725"}],"curies":[{"name":"wp","href":"https:\/\/api.w.org\/{rel}","templated":true}]}}