{"id":115735,"date":"2026-05-05T15:27:04","date_gmt":"2026-05-05T18:27:04","guid":{"rendered":"https:\/\/www.hediyepazar.com\/?product=yuksek-saflikta-bakir-cekirdekli-30w-hizli-sarj-kablosu"},"modified":"2026-05-05T15:27:04","modified_gmt":"2026-05-05T18:27:04","slug":"yuksek-saflikta-bakir-cekirdekli-30w-hizli-sarj-kablosu","status":"publish","type":"product","link":"https:\/\/www.hediyepazar.com\/?product=yuksek-saflikta-bakir-cekirdekli-30w-hizli-sarj-kablosu","title":{"rendered":"Y\u00fcksek Safl\u0131kta Bak\u0131r \u00c7ekirdekli 30W H\u0131zl\u0131 \u015earj Kablosu"},"content":{"rendered":"<p>Geli\u015fmi\u015f ak\u0131m kontrol\u00fc ve g\u00fcvenli \u015farj teknolojisiyle cihazlar\u0131n\u0131z\u0131 a\u015f\u0131r\u0131 \u0131s\u0131nmaya kar\u015f\u0131 korur. Kararl\u0131 ak\u0131m sayesinde \u015farj s\u00fcresince performans d\u00fc\u015f\u00fc\u015f\u00fc ya\u015famazs\u0131n\u0131z.<\/p>\n","protected":false},"excerpt":{"rendered":"<p>Geli\u015fmi\u015f ak\u0131m kontrol\u00fc ve g\u00fcvenli \u015farj teknolojisiyle cihazlar\u0131n\u0131z\u0131 a\u015f\u0131r\u0131 \u0131s\u0131nmaya kar\u015f\u0131 korur. Kararl\u0131 ak\u0131m sayesinde \u015farj s\u00fcresince performans d\u00fc\u015f\u00fc\u015f\u00fc ya\u015famazs\u0131n\u0131z.<\/p>\n","protected":false},"featured_media":115734,"comment_status":"open","ping_status":"closed","template":"","meta":{"_kad_post_transparent":"","_kad_post_title":"","_kad_post_layout":"","_kad_post_sidebar_id":"","_kad_post_content_style":"","_kad_post_vertical_padding":"","_kad_post_feature":"","_kad_post_feature_position":"","_kad_post_header":false,"_kad_post_footer":false,"_kad_post_classname":""},"product_brand":[],"product_cat":[14975],"product_tag":[],"class_list":{"0":"post-115735","1":"product","2":"type-product","3":"status-publish","4":"has-post-thumbnail","6":"product_cat-sarj-aletleri-sarj-aletleri","8":"first","9":"instock","10":"purchasable","11":"product-type-simple","12":"entry","13":"content-bg","14":"loop-entry"},"_links":{"self":[{"href":"https:\/\/www.hediyepazar.com\/index.php?rest_route=\/wp\/v2\/product\/115735","targetHints":{"allow":["GET"]}}],"collection":[{"href":"https:\/\/www.hediyepazar.com\/index.php?rest_route=\/wp\/v2\/product"}],"about":[{"href":"https:\/\/www.hediyepazar.com\/index.php?rest_route=\/wp\/v2\/types\/product"}],"replies":[{"embeddable":true,"href":"https:\/\/www.hediyepazar.com\/index.php?rest_route=%2Fwp%2Fv2%2Fcomments&post=115735"}],"wp:featuredmedia":[{"embeddable":true,"href":"https:\/\/www.hediyepazar.com\/index.php?rest_route=\/wp\/v2\/media\/115734"}],"wp:attachment":[{"href":"https:\/\/www.hediyepazar.com\/index.php?rest_route=%2Fwp%2Fv2%2Fmedia&parent=115735"}],"wp:term":[{"taxonomy":"product_brand","embeddable":true,"href":"https:\/\/www.hediyepazar.com\/index.php?rest_route=%2Fwp%2Fv2%2Fproduct_brand&post=115735"},{"taxonomy":"product_cat","embeddable":true,"href":"https:\/\/www.hediyepazar.com\/index.php?rest_route=%2Fwp%2Fv2%2Fproduct_cat&post=115735"},{"taxonomy":"product_tag","embeddable":true,"href":"https:\/\/www.hediyepazar.com\/index.php?rest_route=%2Fwp%2Fv2%2Fproduct_tag&post=115735"}],"curies":[{"name":"wp","href":"https:\/\/api.w.org\/{rel}","templated":true}]}}