{"id":115741,"date":"2026-05-05T15:27:17","date_gmt":"2026-05-05T18:27:17","guid":{"rendered":"https:\/\/www.hediyepazar.com\/?product=dayanikli-tpe-lightning-kablo-30w-hizli-sarj-ve-veri-transferi"},"modified":"2026-05-05T15:27:17","modified_gmt":"2026-05-05T18:27:17","slug":"dayanikli-tpe-lightning-kablo-30w-hizli-sarj-ve-veri-transferi","status":"publish","type":"product","link":"https:\/\/www.hediyepazar.com\/?product=dayanikli-tpe-lightning-kablo-30w-hizli-sarj-ve-veri-transferi","title":{"rendered":"Dayan\u0131kl\u0131 TPE Lightning Kablo \u2013 30W H\u0131zl\u0131 \u015earj ve Veri Transferi"},"content":{"rendered":"<p>Y\u00fcksek safl\u0131kta bak\u0131r \u00e7ekirdek ve ak\u0131ll\u0131 \u00e7ip teknolojisi ile \u00fcretilen bu kablo, verimli enerji aktar\u0131m\u0131 ve uzun \u00f6m\u00fcrl\u00fc kullan\u0131m sunar. Otomatik anahtarlama \u00f6zelli\u011fiyle cihaz\u0131n\u0131z\u0131 her zaman en g\u00fcvenli \u015fekilde \u015farj eder.<\/p>\n","protected":false},"excerpt":{"rendered":"<p>Y\u00fcksek safl\u0131kta bak\u0131r \u00e7ekirdek ve ak\u0131ll\u0131 \u00e7ip teknolojisi ile \u00fcretilen bu kablo, verimli enerji aktar\u0131m\u0131 ve uzun \u00f6m\u00fcrl\u00fc kullan\u0131m sunar. Otomatik anahtarlama \u00f6zelli\u011fiyle cihaz\u0131n\u0131z\u0131 her zaman en g\u00fcvenli \u015fekilde \u015farj eder.<\/p>\n","protected":false},"featured_media":115740,"comment_status":"open","ping_status":"closed","template":"","meta":{"_kad_post_transparent":"","_kad_post_title":"","_kad_post_layout":"","_kad_post_sidebar_id":"","_kad_post_content_style":"","_kad_post_vertical_padding":"","_kad_post_feature":"","_kad_post_feature_position":"","_kad_post_header":false,"_kad_post_footer":false,"_kad_post_classname":""},"product_brand":[],"product_cat":[14975],"product_tag":[],"class_list":{"0":"post-115741","1":"product","2":"type-product","3":"status-publish","4":"has-post-thumbnail","6":"product_cat-sarj-aletleri-sarj-aletleri","8":"first","9":"instock","10":"purchasable","11":"product-type-simple","12":"entry","13":"content-bg","14":"loop-entry"},"_links":{"self":[{"href":"https:\/\/www.hediyepazar.com\/index.php?rest_route=\/wp\/v2\/product\/115741","targetHints":{"allow":["GET"]}}],"collection":[{"href":"https:\/\/www.hediyepazar.com\/index.php?rest_route=\/wp\/v2\/product"}],"about":[{"href":"https:\/\/www.hediyepazar.com\/index.php?rest_route=\/wp\/v2\/types\/product"}],"replies":[{"embeddable":true,"href":"https:\/\/www.hediyepazar.com\/index.php?rest_route=%2Fwp%2Fv2%2Fcomments&post=115741"}],"wp:featuredmedia":[{"embeddable":true,"href":"https:\/\/www.hediyepazar.com\/index.php?rest_route=\/wp\/v2\/media\/115740"}],"wp:attachment":[{"href":"https:\/\/www.hediyepazar.com\/index.php?rest_route=%2Fwp%2Fv2%2Fmedia&parent=115741"}],"wp:term":[{"taxonomy":"product_brand","embeddable":true,"href":"https:\/\/www.hediyepazar.com\/index.php?rest_route=%2Fwp%2Fv2%2Fproduct_brand&post=115741"},{"taxonomy":"product_cat","embeddable":true,"href":"https:\/\/www.hediyepazar.com\/index.php?rest_route=%2Fwp%2Fv2%2Fproduct_cat&post=115741"},{"taxonomy":"product_tag","embeddable":true,"href":"https:\/\/www.hediyepazar.com\/index.php?rest_route=%2Fwp%2Fv2%2Fproduct_tag&post=115741"}],"curies":[{"name":"wp","href":"https:\/\/api.w.org\/{rel}","templated":true}]}}