{"id":115751,"date":"2026-05-05T15:27:45","date_gmt":"2026-05-05T18:27:45","guid":{"rendered":"https:\/\/www.hediyepazar.com\/?product=gunes-enerjili-3-modlu-duvar-apligi-bahce-ve-garaj-aydinlatmasi"},"modified":"2026-05-05T15:27:45","modified_gmt":"2026-05-05T18:27:45","slug":"gunes-enerjili-3-modlu-duvar-apligi-bahce-ve-garaj-aydinlatmasi","status":"publish","type":"product","link":"https:\/\/www.hediyepazar.com\/?product=gunes-enerjili-3-modlu-duvar-apligi-bahce-ve-garaj-aydinlatmasi","title":{"rendered":"G\u00fcne\u015f Enerjili 3 Modlu Duvar Apli\u011fi \u2013 Bah\u00e7e ve Garaj Ayd\u0131nlatmas\u0131"},"content":{"rendered":"<p>3 in 1 Solar Duvar Lambas\u0131, g\u00fcne\u015f enerjisini en verimli \u015fekilde kullanarak y\u00fcksek performansl\u0131 bir ayd\u0131nlatma deneyimi sunar. Geli\u015ftirilmi\u015f IC sens\u00f6r, \u00e7evredeki \u0131\u015f\u0131k seviyesini alg\u0131lar ve lambay\u0131 otomatik olarak a\u00e7\u0131p kapat\u0131r. B\u00f6ylece hem enerji tasarrufu sa\u011flar hem de s\u00fcrekli kontrol gerektirmez. PIR hareket sens\u00f6r\u00fc ile donat\u0131lm\u0131\u015ft\u0131r; 120\u00b0 geni\u015f a\u00e7\u0131yla alg\u0131lama yaparak g\u00fcvenli\u011finizi art\u0131r\u0131r. 3 farkl\u0131 \u0131\u015f\u0131k modu, kullan\u0131m alan\u0131na g\u00f6re ihtiyac\u0131n\u0131za uygun \u015fekilde ayarlanabilir. \u0130lk modda yaln\u0131zca hareket alg\u0131land\u0131\u011f\u0131nda \u0131\u015f\u0131k yanar. \u0130kinci modda, hareket oldu\u011funda g\u00fc\u00e7l\u00fc \u0131\u015f\u0131k verir, hareket yokken d\u00fc\u015f\u00fck \u0131\u015f\u0131kta yanar. \u00dc\u00e7\u00fcnc\u00fc modda ise s\u00fcrekli d\u00fc\u015f\u00fck \u0131\u015f\u0131k sa\u011flar. ABS plastik malzeme yap\u0131s\u0131 sayesinde darbeye dayan\u0131kl\u0131 ve uzun \u00f6m\u00fcrl\u00fcd\u00fcr. IP65 su ge\u00e7irmez \u00f6zelli\u011fiyle ya\u011fmur ve neme kar\u015f\u0131 koruma sunar. Garajlar, bah\u00e7eler, balkonlar, yollar ve duvarlar i\u00e7in uygundur. Kolay montaj yap\u0131labilir ve kablosuz tasar\u0131m\u0131 sayesinde ekstra elektrik maliyeti olu\u015fturmaz. Hem g\u00fcvenlik hem de dekoratif bir \u00e7\u00f6z\u00fcm isteyenler i\u00e7in ideal bir se\u00e7imdir.<\/p>\n","protected":false},"excerpt":{"rendered":"<p>3 in 1 Solar Duvar Lambas\u0131, g\u00fcne\u015f enerjisini en verimli \u015fekilde kullanarak y\u00fcksek performansl\u0131 bir ayd\u0131nlatma deneyimi sunar. Geli\u015ftirilmi\u015f IC sens\u00f6r, \u00e7evredeki \u0131\u015f\u0131k seviyesini alg\u0131lar ve lambay\u0131 otomatik olarak a\u00e7\u0131p kapat\u0131r. B\u00f6ylece hem enerji tasarrufu sa\u011flar hem de s\u00fcrekli kontrol gerektirmez. PIR hareket sens\u00f6r\u00fc ile donat\u0131lm\u0131\u015ft\u0131r; 120\u00b0 geni\u015f a\u00e7\u0131yla alg\u0131lama yaparak g\u00fcvenli\u011finizi art\u0131r\u0131r. 3 farkl\u0131&#8230;<\/p>\n","protected":false},"featured_media":115750,"comment_status":"open","ping_status":"closed","template":"","meta":{"_kad_post_transparent":"","_kad_post_title":"","_kad_post_layout":"","_kad_post_sidebar_id":"","_kad_post_content_style":"","_kad_post_vertical_padding":"","_kad_post_feature":"","_kad_post_feature_position":"","_kad_post_header":false,"_kad_post_footer":false,"_kad_post_classname":""},"product_brand":[],"product_cat":[14946],"product_tag":[],"class_list":{"0":"post-115751","1":"product","2":"type-product","3":"status-publish","4":"has-post-thumbnail","6":"product_cat-bahce-aydinlatmasi-bahce-aydinlatmasi","8":"first","9":"instock","10":"purchasable","11":"product-type-simple","12":"entry","13":"content-bg","14":"loop-entry"},"_links":{"self":[{"href":"https:\/\/www.hediyepazar.com\/index.php?rest_route=\/wp\/v2\/product\/115751","targetHints":{"allow":["GET"]}}],"collection":[{"href":"https:\/\/www.hediyepazar.com\/index.php?rest_route=\/wp\/v2\/product"}],"about":[{"href":"https:\/\/www.hediyepazar.com\/index.php?rest_route=\/wp\/v2\/types\/product"}],"replies":[{"embeddable":true,"href":"https:\/\/www.hediyepazar.com\/index.php?rest_route=%2Fwp%2Fv2%2Fcomments&post=115751"}],"wp:featuredmedia":[{"embeddable":true,"href":"https:\/\/www.hediyepazar.com\/index.php?rest_route=\/wp\/v2\/media\/115750"}],"wp:attachment":[{"href":"https:\/\/www.hediyepazar.com\/index.php?rest_route=%2Fwp%2Fv2%2Fmedia&parent=115751"}],"wp:term":[{"taxonomy":"product_brand","embeddable":true,"href":"https:\/\/www.hediyepazar.com\/index.php?rest_route=%2Fwp%2Fv2%2Fproduct_brand&post=115751"},{"taxonomy":"product_cat","embeddable":true,"href":"https:\/\/www.hediyepazar.com\/index.php?rest_route=%2Fwp%2Fv2%2Fproduct_cat&post=115751"},{"taxonomy":"product_tag","embeddable":true,"href":"https:\/\/www.hediyepazar.com\/index.php?rest_route=%2Fwp%2Fv2%2Fproduct_tag&post=115751"}],"curies":[{"name":"wp","href":"https:\/\/api.w.org\/{rel}","templated":true}]}}