{"id":115777,"date":"2026-05-05T15:30:11","date_gmt":"2026-05-05T18:30:11","guid":{"rendered":"https:\/\/www.hediyepazar.com\/?product=yuksek-basincli-sarjli-yikama-tabancasi-su-tabancasi-hortumlu"},"modified":"2026-05-05T15:30:11","modified_gmt":"2026-05-05T18:30:11","slug":"yuksek-basincli-sarjli-yikama-tabancasi-su-tabancasi-hortumlu","status":"publish","type":"product","link":"https:\/\/www.hediyepazar.com\/?product=yuksek-basincli-sarjli-yikama-tabancasi-su-tabancasi-hortumlu","title":{"rendered":"Y\u00fcksek Bas\u0131n\u00e7l\u0131 \u015earjl\u0131 Y\u0131kama Tabancas\u0131 Su Tabancas\u0131 Hortumlu"},"content":{"rendered":"<p>\u015earjl\u0131 bas\u0131n\u00e7l\u0131 y\u0131kama makinesi ile temizlik art\u0131k \u00e7ok daha kolay. D\u00fc\u015f\u00fck su t\u00fcketimi ile \u00e7evre dostudur ve enerji tasarrufu sa\u011flar. Ev, bah\u00e7e, ara\u00e7, tekne ve havuz temizli\u011fi i\u00e7in m\u00fckemmel bir \u00e7\u00f6z\u00fcmd\u00fcr. Kompakt ta\u015f\u0131ma \u00e7antas\u0131 sayesinde her yere yan\u0131n\u0131zda g\u00f6t\u00fcrebilirsiniz.<\/p>\n","protected":false},"excerpt":{"rendered":"<p>\u015earjl\u0131 bas\u0131n\u00e7l\u0131 y\u0131kama makinesi ile temizlik art\u0131k \u00e7ok daha kolay. D\u00fc\u015f\u00fck su t\u00fcketimi ile \u00e7evre dostudur ve enerji tasarrufu sa\u011flar. Ev, bah\u00e7e, ara\u00e7, tekne ve havuz temizli\u011fi i\u00e7in m\u00fckemmel bir \u00e7\u00f6z\u00fcmd\u00fcr. Kompakt ta\u015f\u0131ma \u00e7antas\u0131 sayesinde her yere yan\u0131n\u0131zda g\u00f6t\u00fcrebilirsiniz.<\/p>\n","protected":false},"featured_media":115776,"comment_status":"open","ping_status":"closed","template":"","meta":{"_kad_post_transparent":"","_kad_post_title":"","_kad_post_layout":"","_kad_post_sidebar_id":"","_kad_post_content_style":"","_kad_post_vertical_padding":"","_kad_post_feature":"","_kad_post_feature_position":"","_kad_post_header":false,"_kad_post_footer":false,"_kad_post_classname":""},"product_brand":[],"product_cat":[14971],"product_tag":[],"class_list":{"0":"post-115777","1":"product","2":"type-product","3":"status-publish","4":"has-post-thumbnail","6":"product_cat-yuksek-basincli-yikama-makinesi-yuksek-basincli-yikama-makinesi","8":"first","9":"instock","10":"purchasable","11":"product-type-simple","12":"entry","13":"content-bg","14":"loop-entry"},"_links":{"self":[{"href":"https:\/\/www.hediyepazar.com\/index.php?rest_route=\/wp\/v2\/product\/115777","targetHints":{"allow":["GET"]}}],"collection":[{"href":"https:\/\/www.hediyepazar.com\/index.php?rest_route=\/wp\/v2\/product"}],"about":[{"href":"https:\/\/www.hediyepazar.com\/index.php?rest_route=\/wp\/v2\/types\/product"}],"replies":[{"embeddable":true,"href":"https:\/\/www.hediyepazar.com\/index.php?rest_route=%2Fwp%2Fv2%2Fcomments&post=115777"}],"wp:featuredmedia":[{"embeddable":true,"href":"https:\/\/www.hediyepazar.com\/index.php?rest_route=\/wp\/v2\/media\/115776"}],"wp:attachment":[{"href":"https:\/\/www.hediyepazar.com\/index.php?rest_route=%2Fwp%2Fv2%2Fmedia&parent=115777"}],"wp:term":[{"taxonomy":"product_brand","embeddable":true,"href":"https:\/\/www.hediyepazar.com\/index.php?rest_route=%2Fwp%2Fv2%2Fproduct_brand&post=115777"},{"taxonomy":"product_cat","embeddable":true,"href":"https:\/\/www.hediyepazar.com\/index.php?rest_route=%2Fwp%2Fv2%2Fproduct_cat&post=115777"},{"taxonomy":"product_tag","embeddable":true,"href":"https:\/\/www.hediyepazar.com\/index.php?rest_route=%2Fwp%2Fv2%2Fproduct_tag&post=115777"}],"curies":[{"name":"wp","href":"https:\/\/api.w.org\/{rel}","templated":true}]}}