{"id":115779,"date":"2026-05-05T15:30:17","date_gmt":"2026-05-05T18:30:17","guid":{"rendered":"https:\/\/www.hediyepazar.com\/?product=kablosuz-tasinabilir-basincli-yikama-tabancasi-kopuk-siseli"},"modified":"2026-05-05T15:30:17","modified_gmt":"2026-05-05T18:30:17","slug":"kablosuz-tasinabilir-basincli-yikama-tabancasi-kopuk-siseli","status":"publish","type":"product","link":"https:\/\/www.hediyepazar.com\/?product=kablosuz-tasinabilir-basincli-yikama-tabancasi-kopuk-siseli","title":{"rendered":"Kablosuz Ta\u015f\u0131nabilir Bas\u0131n\u00e7l\u0131 Y\u0131kama Tabancas\u0131 K\u00f6p\u00fck \u015ei\u015feli"},"content":{"rendered":"<p>450PSI y\u00fcksek bas\u0131n\u00e7l\u0131 ak\u00fcl\u00fc y\u0131kama tabancas\u0131, arac\u0131n\u0131z\u0131n d\u0131\u015f y\u00fczeyinden sert zeminlere kadar \u00e7ok y\u00f6nl\u00fc temizlik sa\u011flar. Y\u00fcksek bas\u0131n\u00e7l\u0131 su \u00e7\u0131k\u0131\u015f\u0131 sayesinde ya\u011f, \u00e7amur ve inat\u00e7\u0131 lekeleri k\u0131sa s\u00fcrede yok eder. G\u00fc\u00e7l\u00fc motoruyla kesintisiz performans sunar.<\/p>\n","protected":false},"excerpt":{"rendered":"<p>450PSI y\u00fcksek bas\u0131n\u00e7l\u0131 ak\u00fcl\u00fc y\u0131kama tabancas\u0131, arac\u0131n\u0131z\u0131n d\u0131\u015f y\u00fczeyinden sert zeminlere kadar \u00e7ok y\u00f6nl\u00fc temizlik sa\u011flar. Y\u00fcksek bas\u0131n\u00e7l\u0131 su \u00e7\u0131k\u0131\u015f\u0131 sayesinde ya\u011f, \u00e7amur ve inat\u00e7\u0131 lekeleri k\u0131sa s\u00fcrede yok eder. G\u00fc\u00e7l\u00fc motoruyla kesintisiz performans sunar.<\/p>\n","protected":false},"featured_media":115778,"comment_status":"open","ping_status":"closed","template":"","meta":{"_kad_post_transparent":"","_kad_post_title":"","_kad_post_layout":"","_kad_post_sidebar_id":"","_kad_post_content_style":"","_kad_post_vertical_padding":"","_kad_post_feature":"","_kad_post_feature_position":"","_kad_post_header":false,"_kad_post_footer":false,"_kad_post_classname":""},"product_brand":[],"product_cat":[14971],"product_tag":[],"class_list":{"0":"post-115779","1":"product","2":"type-product","3":"status-publish","4":"has-post-thumbnail","6":"product_cat-yuksek-basincli-yikama-makinesi-yuksek-basincli-yikama-makinesi","8":"first","9":"instock","10":"purchasable","11":"product-type-simple","12":"entry","13":"content-bg","14":"loop-entry"},"_links":{"self":[{"href":"https:\/\/www.hediyepazar.com\/index.php?rest_route=\/wp\/v2\/product\/115779","targetHints":{"allow":["GET"]}}],"collection":[{"href":"https:\/\/www.hediyepazar.com\/index.php?rest_route=\/wp\/v2\/product"}],"about":[{"href":"https:\/\/www.hediyepazar.com\/index.php?rest_route=\/wp\/v2\/types\/product"}],"replies":[{"embeddable":true,"href":"https:\/\/www.hediyepazar.com\/index.php?rest_route=%2Fwp%2Fv2%2Fcomments&post=115779"}],"wp:featuredmedia":[{"embeddable":true,"href":"https:\/\/www.hediyepazar.com\/index.php?rest_route=\/wp\/v2\/media\/115778"}],"wp:attachment":[{"href":"https:\/\/www.hediyepazar.com\/index.php?rest_route=%2Fwp%2Fv2%2Fmedia&parent=115779"}],"wp:term":[{"taxonomy":"product_brand","embeddable":true,"href":"https:\/\/www.hediyepazar.com\/index.php?rest_route=%2Fwp%2Fv2%2Fproduct_brand&post=115779"},{"taxonomy":"product_cat","embeddable":true,"href":"https:\/\/www.hediyepazar.com\/index.php?rest_route=%2Fwp%2Fv2%2Fproduct_cat&post=115779"},{"taxonomy":"product_tag","embeddable":true,"href":"https:\/\/www.hediyepazar.com\/index.php?rest_route=%2Fwp%2Fv2%2Fproduct_tag&post=115779"}],"curies":[{"name":"wp","href":"https:\/\/api.w.org\/{rel}","templated":true}]}}