{"id":115783,"date":"2026-05-05T15:32:08","date_gmt":"2026-05-05T18:32:08","guid":{"rendered":"https:\/\/www.hediyepazar.com\/?product=akulu-basincli-yikama-tabancasi-450psi-su-puskurtme-makinesi"},"modified":"2026-05-05T15:32:08","modified_gmt":"2026-05-05T18:32:08","slug":"akulu-basincli-yikama-tabancasi-450psi-su-puskurtme-makinesi","status":"publish","type":"product","link":"https:\/\/www.hediyepazar.com\/?product=akulu-basincli-yikama-tabancasi-450psi-su-puskurtme-makinesi","title":{"rendered":"Ak\u00fcl\u00fc Bas\u0131n\u00e7l\u0131 Y\u0131kama Tabancas\u0131 450PSI Su P\u00fcsk\u00fcrtme Makinesi"},"content":{"rendered":"<p>Ta\u015f\u0131nabilir bas\u0131n\u00e7l\u0131 y\u0131kama makinesi 3 metre hortumu ve \u00f6zel filtresi ile her ortamda kullan\u0131labilir. Suyu daha uzaktan alabilir, i\u00e7indeki filtre sayesinde safs\u0131zl\u0131k ve partik\u00fclleri temizleyerek motoru korur. Dayan\u0131kl\u0131 malzeme ile uzun s\u00fcreli kullan\u0131m i\u00e7in uygundur.<\/p>\n","protected":false},"excerpt":{"rendered":"<p>Ta\u015f\u0131nabilir bas\u0131n\u00e7l\u0131 y\u0131kama makinesi 3 metre hortumu ve \u00f6zel filtresi ile her ortamda kullan\u0131labilir. Suyu daha uzaktan alabilir, i\u00e7indeki filtre sayesinde safs\u0131zl\u0131k ve partik\u00fclleri temizleyerek motoru korur. Dayan\u0131kl\u0131 malzeme ile uzun s\u00fcreli kullan\u0131m i\u00e7in uygundur.<\/p>\n","protected":false},"featured_media":115782,"comment_status":"open","ping_status":"closed","template":"","meta":{"_kad_post_transparent":"","_kad_post_title":"","_kad_post_layout":"","_kad_post_sidebar_id":"","_kad_post_content_style":"","_kad_post_vertical_padding":"","_kad_post_feature":"","_kad_post_feature_position":"","_kad_post_header":false,"_kad_post_footer":false,"_kad_post_classname":""},"product_brand":[],"product_cat":[14971],"product_tag":[],"class_list":{"0":"post-115783","1":"product","2":"type-product","3":"status-publish","4":"has-post-thumbnail","6":"product_cat-yuksek-basincli-yikama-makinesi-yuksek-basincli-yikama-makinesi","8":"first","9":"instock","10":"purchasable","11":"product-type-simple","12":"entry","13":"content-bg","14":"loop-entry"},"_links":{"self":[{"href":"https:\/\/www.hediyepazar.com\/index.php?rest_route=\/wp\/v2\/product\/115783","targetHints":{"allow":["GET"]}}],"collection":[{"href":"https:\/\/www.hediyepazar.com\/index.php?rest_route=\/wp\/v2\/product"}],"about":[{"href":"https:\/\/www.hediyepazar.com\/index.php?rest_route=\/wp\/v2\/types\/product"}],"replies":[{"embeddable":true,"href":"https:\/\/www.hediyepazar.com\/index.php?rest_route=%2Fwp%2Fv2%2Fcomments&post=115783"}],"wp:featuredmedia":[{"embeddable":true,"href":"https:\/\/www.hediyepazar.com\/index.php?rest_route=\/wp\/v2\/media\/115782"}],"wp:attachment":[{"href":"https:\/\/www.hediyepazar.com\/index.php?rest_route=%2Fwp%2Fv2%2Fmedia&parent=115783"}],"wp:term":[{"taxonomy":"product_brand","embeddable":true,"href":"https:\/\/www.hediyepazar.com\/index.php?rest_route=%2Fwp%2Fv2%2Fproduct_brand&post=115783"},{"taxonomy":"product_cat","embeddable":true,"href":"https:\/\/www.hediyepazar.com\/index.php?rest_route=%2Fwp%2Fv2%2Fproduct_cat&post=115783"},{"taxonomy":"product_tag","embeddable":true,"href":"https:\/\/www.hediyepazar.com\/index.php?rest_route=%2Fwp%2Fv2%2Fproduct_tag&post=115783"}],"curies":[{"name":"wp","href":"https:\/\/api.w.org\/{rel}","templated":true}]}}