{"id":115787,"date":"2026-05-05T15:32:19","date_gmt":"2026-05-05T18:32:19","guid":{"rendered":"https:\/\/www.hediyepazar.com\/?product=48v-sarjli-basincli-yikama-makinesi-kablosuz-su-tabancasi"},"modified":"2026-05-05T15:32:19","modified_gmt":"2026-05-05T18:32:19","slug":"48v-sarjli-basincli-yikama-makinesi-kablosuz-su-tabancasi","status":"publish","type":"product","link":"https:\/\/www.hediyepazar.com\/?product=48v-sarjli-basincli-yikama-makinesi-kablosuz-su-tabancasi","title":{"rendered":"48V \u015earjl\u0131 Bas\u0131n\u00e7l\u0131 Y\u0131kama Makinesi Kablosuz Su Tabancas\u0131"},"content":{"rendered":"<p>48V \u015farjl\u0131 bas\u0131n\u00e7l\u0131 y\u0131kama makinesi ile arac\u0131n\u0131z\u0131, bisikletinizi, bah\u00e7enizi ve evinizi dakikalar i\u00e7inde temizleyin. Maksimum 450PSI bas\u0131n\u00e7 ve 4L\/dak su ak\u0131\u015f\u0131 sayesinde en zorlu kirleri bile kolayca \u00e7\u0131kar\u0131r. Kablosuz tasar\u0131m\u0131 ile her yerde rahat kullan\u0131m imkan\u0131 sunar.<\/p>\n","protected":false},"excerpt":{"rendered":"<p>48V \u015farjl\u0131 bas\u0131n\u00e7l\u0131 y\u0131kama makinesi ile arac\u0131n\u0131z\u0131, bisikletinizi, bah\u00e7enizi ve evinizi dakikalar i\u00e7inde temizleyin. Maksimum 450PSI bas\u0131n\u00e7 ve 4L\/dak su ak\u0131\u015f\u0131 sayesinde en zorlu kirleri bile kolayca \u00e7\u0131kar\u0131r. Kablosuz tasar\u0131m\u0131 ile her yerde rahat kullan\u0131m imkan\u0131 sunar.<\/p>\n","protected":false},"featured_media":115786,"comment_status":"open","ping_status":"closed","template":"","meta":{"_kad_post_transparent":"","_kad_post_title":"","_kad_post_layout":"","_kad_post_sidebar_id":"","_kad_post_content_style":"","_kad_post_vertical_padding":"","_kad_post_feature":"","_kad_post_feature_position":"","_kad_post_header":false,"_kad_post_footer":false,"_kad_post_classname":""},"product_brand":[],"product_cat":[14971],"product_tag":[],"class_list":{"0":"post-115787","1":"product","2":"type-product","3":"status-publish","4":"has-post-thumbnail","6":"product_cat-yuksek-basincli-yikama-makinesi-yuksek-basincli-yikama-makinesi","8":"first","9":"instock","10":"purchasable","11":"product-type-simple","12":"entry","13":"content-bg","14":"loop-entry"},"_links":{"self":[{"href":"https:\/\/www.hediyepazar.com\/index.php?rest_route=\/wp\/v2\/product\/115787","targetHints":{"allow":["GET"]}}],"collection":[{"href":"https:\/\/www.hediyepazar.com\/index.php?rest_route=\/wp\/v2\/product"}],"about":[{"href":"https:\/\/www.hediyepazar.com\/index.php?rest_route=\/wp\/v2\/types\/product"}],"replies":[{"embeddable":true,"href":"https:\/\/www.hediyepazar.com\/index.php?rest_route=%2Fwp%2Fv2%2Fcomments&post=115787"}],"wp:featuredmedia":[{"embeddable":true,"href":"https:\/\/www.hediyepazar.com\/index.php?rest_route=\/wp\/v2\/media\/115786"}],"wp:attachment":[{"href":"https:\/\/www.hediyepazar.com\/index.php?rest_route=%2Fwp%2Fv2%2Fmedia&parent=115787"}],"wp:term":[{"taxonomy":"product_brand","embeddable":true,"href":"https:\/\/www.hediyepazar.com\/index.php?rest_route=%2Fwp%2Fv2%2Fproduct_brand&post=115787"},{"taxonomy":"product_cat","embeddable":true,"href":"https:\/\/www.hediyepazar.com\/index.php?rest_route=%2Fwp%2Fv2%2Fproduct_cat&post=115787"},{"taxonomy":"product_tag","embeddable":true,"href":"https:\/\/www.hediyepazar.com\/index.php?rest_route=%2Fwp%2Fv2%2Fproduct_tag&post=115787"}],"curies":[{"name":"wp","href":"https:\/\/api.w.org\/{rel}","templated":true}]}}