{"id":115789,"date":"2026-05-05T15:33:04","date_gmt":"2026-05-05T18:33:04","guid":{"rendered":"https:\/\/www.hediyepazar.com\/?product=kas-eklem-agrilarina-ovmali-isitmali-boyun-omuz-bel-masaj-aleti"},"modified":"2026-05-05T15:33:04","modified_gmt":"2026-05-05T18:33:04","slug":"kas-eklem-agrilarina-ovmali-isitmali-boyun-omuz-bel-masaj-aleti","status":"publish","type":"product","link":"https:\/\/www.hediyepazar.com\/?product=kas-eklem-agrilarina-ovmali-isitmali-boyun-omuz-bel-masaj-aleti","title":{"rendered":"Kas Eklem A\u011fr\u0131lar\u0131na Ovmal\u0131 Is\u0131tmal\u0131 Boyun Omuz Bel Masaj Aleti"},"content":{"rendered":"<p>Kas a\u011fr\u0131lar\u0131n\u0131 azaltan, uyku kalitesini art\u0131ran ve sindirim sistemini d\u00fczenleyen ovmal\u0131 masaj aleti, sa\u011fl\u0131kl\u0131 bir ya\u015fam i\u00e7in vazge\u00e7ilmezdir. G\u00fcnl\u00fck kullan\u0131mda stresi azalt\u0131r ve v\u00fccut fonksiyonlar\u0131n\u0131 destekler.<\/p>\n","protected":false},"excerpt":{"rendered":"<p>Kas a\u011fr\u0131lar\u0131n\u0131 azaltan, uyku kalitesini art\u0131ran ve sindirim sistemini d\u00fczenleyen ovmal\u0131 masaj aleti, sa\u011fl\u0131kl\u0131 bir ya\u015fam i\u00e7in vazge\u00e7ilmezdir. G\u00fcnl\u00fck kullan\u0131mda stresi azalt\u0131r ve v\u00fccut fonksiyonlar\u0131n\u0131 destekler.<\/p>\n","protected":false},"featured_media":115788,"comment_status":"open","ping_status":"closed","template":"","meta":{"_kad_post_transparent":"","_kad_post_title":"","_kad_post_layout":"","_kad_post_sidebar_id":"","_kad_post_content_style":"","_kad_post_vertical_padding":"","_kad_post_feature":"","_kad_post_feature_position":"","_kad_post_header":false,"_kad_post_footer":false,"_kad_post_classname":""},"product_brand":[],"product_cat":[14939],"product_tag":[],"class_list":{"0":"post-115789","1":"product","2":"type-product","3":"status-publish","4":"has-post-thumbnail","6":"product_cat-masaj-cihazi-masaj-cihazi","8":"first","9":"instock","10":"purchasable","11":"product-type-simple","12":"entry","13":"content-bg","14":"loop-entry"},"_links":{"self":[{"href":"https:\/\/www.hediyepazar.com\/index.php?rest_route=\/wp\/v2\/product\/115789","targetHints":{"allow":["GET"]}}],"collection":[{"href":"https:\/\/www.hediyepazar.com\/index.php?rest_route=\/wp\/v2\/product"}],"about":[{"href":"https:\/\/www.hediyepazar.com\/index.php?rest_route=\/wp\/v2\/types\/product"}],"replies":[{"embeddable":true,"href":"https:\/\/www.hediyepazar.com\/index.php?rest_route=%2Fwp%2Fv2%2Fcomments&post=115789"}],"wp:featuredmedia":[{"embeddable":true,"href":"https:\/\/www.hediyepazar.com\/index.php?rest_route=\/wp\/v2\/media\/115788"}],"wp:attachment":[{"href":"https:\/\/www.hediyepazar.com\/index.php?rest_route=%2Fwp%2Fv2%2Fmedia&parent=115789"}],"wp:term":[{"taxonomy":"product_brand","embeddable":true,"href":"https:\/\/www.hediyepazar.com\/index.php?rest_route=%2Fwp%2Fv2%2Fproduct_brand&post=115789"},{"taxonomy":"product_cat","embeddable":true,"href":"https:\/\/www.hediyepazar.com\/index.php?rest_route=%2Fwp%2Fv2%2Fproduct_cat&post=115789"},{"taxonomy":"product_tag","embeddable":true,"href":"https:\/\/www.hediyepazar.com\/index.php?rest_route=%2Fwp%2Fv2%2Fproduct_tag&post=115789"}],"curies":[{"name":"wp","href":"https:\/\/api.w.org\/{rel}","templated":true}]}}