{"id":115795,"date":"2026-05-05T15:33:21","date_gmt":"2026-05-05T18:33:21","guid":{"rendered":"https:\/\/www.hediyepazar.com\/?product=isitmali-ovmali-masaj-aleti-kas-gevsetici-ve-kan-dolasimi-duzenleyici"},"modified":"2026-05-05T15:33:21","modified_gmt":"2026-05-05T18:33:21","slug":"isitmali-ovmali-masaj-aleti-kas-gevsetici-ve-kan-dolasimi-duzenleyici","status":"publish","type":"product","link":"https:\/\/www.hediyepazar.com\/?product=isitmali-ovmali-masaj-aleti-kas-gevsetici-ve-kan-dolasimi-duzenleyici","title":{"rendered":"Is\u0131tmal\u0131 Ovmal\u0131 Masaj Aleti Kas Gev\u015fetici ve Kan Dola\u015f\u0131m\u0131 D\u00fczenleyici"},"content":{"rendered":"<p>Profesyonel masaj deneyimini evinize ta\u015f\u0131yan ovmal\u0131 masaj aleti, g\u00fc\u00e7l\u00fc motoru ve \u0131s\u0131tma \u00f6zelli\u011fiyle kaslara derinlemesine etki eder. Otomatik geri vites fonksiyonu ile farkl\u0131 y\u00f6nlerde masaj yaparak kaslar\u0131n rahatlamas\u0131n\u0131 sa\u011flar. 15 dakikal\u0131k otomatik program g\u00fcvenli kullan\u0131m sunar.<\/p>\n","protected":false},"excerpt":{"rendered":"<p>Profesyonel masaj deneyimini evinize ta\u015f\u0131yan ovmal\u0131 masaj aleti, g\u00fc\u00e7l\u00fc motoru ve \u0131s\u0131tma \u00f6zelli\u011fiyle kaslara derinlemesine etki eder. Otomatik geri vites fonksiyonu ile farkl\u0131 y\u00f6nlerde masaj yaparak kaslar\u0131n rahatlamas\u0131n\u0131 sa\u011flar. 15 dakikal\u0131k otomatik program g\u00fcvenli kullan\u0131m sunar.<\/p>\n","protected":false},"featured_media":115794,"comment_status":"open","ping_status":"closed","template":"","meta":{"_kad_post_transparent":"","_kad_post_title":"","_kad_post_layout":"","_kad_post_sidebar_id":"","_kad_post_content_style":"","_kad_post_vertical_padding":"","_kad_post_feature":"","_kad_post_feature_position":"","_kad_post_header":false,"_kad_post_footer":false,"_kad_post_classname":""},"product_brand":[],"product_cat":[14939],"product_tag":[],"class_list":{"0":"post-115795","1":"product","2":"type-product","3":"status-publish","4":"has-post-thumbnail","6":"product_cat-masaj-cihazi-masaj-cihazi","8":"first","9":"instock","10":"purchasable","11":"product-type-simple","12":"entry","13":"content-bg","14":"loop-entry"},"_links":{"self":[{"href":"https:\/\/www.hediyepazar.com\/index.php?rest_route=\/wp\/v2\/product\/115795","targetHints":{"allow":["GET"]}}],"collection":[{"href":"https:\/\/www.hediyepazar.com\/index.php?rest_route=\/wp\/v2\/product"}],"about":[{"href":"https:\/\/www.hediyepazar.com\/index.php?rest_route=\/wp\/v2\/types\/product"}],"replies":[{"embeddable":true,"href":"https:\/\/www.hediyepazar.com\/index.php?rest_route=%2Fwp%2Fv2%2Fcomments&post=115795"}],"wp:featuredmedia":[{"embeddable":true,"href":"https:\/\/www.hediyepazar.com\/index.php?rest_route=\/wp\/v2\/media\/115794"}],"wp:attachment":[{"href":"https:\/\/www.hediyepazar.com\/index.php?rest_route=%2Fwp%2Fv2%2Fmedia&parent=115795"}],"wp:term":[{"taxonomy":"product_brand","embeddable":true,"href":"https:\/\/www.hediyepazar.com\/index.php?rest_route=%2Fwp%2Fv2%2Fproduct_brand&post=115795"},{"taxonomy":"product_cat","embeddable":true,"href":"https:\/\/www.hediyepazar.com\/index.php?rest_route=%2Fwp%2Fv2%2Fproduct_cat&post=115795"},{"taxonomy":"product_tag","embeddable":true,"href":"https:\/\/www.hediyepazar.com\/index.php?rest_route=%2Fwp%2Fv2%2Fproduct_tag&post=115795"}],"curies":[{"name":"wp","href":"https:\/\/api.w.org\/{rel}","templated":true}]}}