{"id":115801,"date":"2026-05-05T15:35:13","date_gmt":"2026-05-05T18:35:13","guid":{"rendered":"https:\/\/www.hediyepazar.com\/?product=profesyonel-ovmali-masaj-aleti-isitmali-vucut-masaji-icin-pratik-kullanim"},"modified":"2026-05-05T15:35:13","modified_gmt":"2026-05-05T18:35:13","slug":"profesyonel-ovmali-masaj-aleti-isitmali-vucut-masaji-icin-pratik-kullanim","status":"publish","type":"product","link":"https:\/\/www.hediyepazar.com\/?product=profesyonel-ovmali-masaj-aleti-isitmali-vucut-masaji-icin-pratik-kullanim","title":{"rendered":"Profesyonel Ovmal\u0131 Masaj Aleti Is\u0131tmal\u0131 V\u00fccut Masaj\u0131 \u0130\u00e7in Pratik Kullan\u0131m"},"content":{"rendered":"<p>Kas a\u011fr\u0131lar\u0131na, yorgunlu\u011fa ve strese pratik \u00e7\u00f6z\u00fcm sunan ovmal\u0131 \u0131s\u0131tmal\u0131 masaj aleti, g\u00fc\u00e7l\u00fc motor teknolojisi ile derinlemesine masaj etkisi yarat\u0131r. 24 watt g\u00fcc\u00fc sayesinde etkili bir masaj deneyimi sunar. Otomatik 15 dakika program\u0131 ile g\u00fcvenli kullan\u0131m sa\u011flan\u0131r. Is\u0131tmal\u0131 \u00f6zelli\u011fiyle so\u011fuk havalarda dahi kaslar\u0131 \u0131s\u0131tarak rahatlama sa\u011flar. D\u00fczenli kullan\u0131mda uyku kalitesini art\u0131r\u0131r, mide fonksiyonlar\u0131n\u0131 d\u00fczenler ve sindirime yard\u0131mc\u0131 olur.<\/p>\n","protected":false},"excerpt":{"rendered":"<p>Kas a\u011fr\u0131lar\u0131na, yorgunlu\u011fa ve strese pratik \u00e7\u00f6z\u00fcm sunan ovmal\u0131 \u0131s\u0131tmal\u0131 masaj aleti, g\u00fc\u00e7l\u00fc motor teknolojisi ile derinlemesine masaj etkisi yarat\u0131r. 24 watt g\u00fcc\u00fc sayesinde etkili bir masaj deneyimi sunar. Otomatik 15 dakika program\u0131 ile g\u00fcvenli kullan\u0131m sa\u011flan\u0131r. Is\u0131tmal\u0131 \u00f6zelli\u011fiyle so\u011fuk havalarda dahi kaslar\u0131 \u0131s\u0131tarak rahatlama sa\u011flar. D\u00fczenli kullan\u0131mda uyku kalitesini art\u0131r\u0131r, mide fonksiyonlar\u0131n\u0131 d\u00fczenler ve&#8230;<\/p>\n","protected":false},"featured_media":115800,"comment_status":"open","ping_status":"closed","template":"","meta":{"_kad_post_transparent":"","_kad_post_title":"","_kad_post_layout":"","_kad_post_sidebar_id":"","_kad_post_content_style":"","_kad_post_vertical_padding":"","_kad_post_feature":"","_kad_post_feature_position":"","_kad_post_header":false,"_kad_post_footer":false,"_kad_post_classname":""},"product_brand":[],"product_cat":[14939],"product_tag":[],"class_list":{"0":"post-115801","1":"product","2":"type-product","3":"status-publish","4":"has-post-thumbnail","6":"product_cat-masaj-cihazi-masaj-cihazi","8":"first","9":"instock","10":"purchasable","11":"product-type-simple","12":"entry","13":"content-bg","14":"loop-entry"},"_links":{"self":[{"href":"https:\/\/www.hediyepazar.com\/index.php?rest_route=\/wp\/v2\/product\/115801","targetHints":{"allow":["GET"]}}],"collection":[{"href":"https:\/\/www.hediyepazar.com\/index.php?rest_route=\/wp\/v2\/product"}],"about":[{"href":"https:\/\/www.hediyepazar.com\/index.php?rest_route=\/wp\/v2\/types\/product"}],"replies":[{"embeddable":true,"href":"https:\/\/www.hediyepazar.com\/index.php?rest_route=%2Fwp%2Fv2%2Fcomments&post=115801"}],"wp:featuredmedia":[{"embeddable":true,"href":"https:\/\/www.hediyepazar.com\/index.php?rest_route=\/wp\/v2\/media\/115800"}],"wp:attachment":[{"href":"https:\/\/www.hediyepazar.com\/index.php?rest_route=%2Fwp%2Fv2%2Fmedia&parent=115801"}],"wp:term":[{"taxonomy":"product_brand","embeddable":true,"href":"https:\/\/www.hediyepazar.com\/index.php?rest_route=%2Fwp%2Fv2%2Fproduct_brand&post=115801"},{"taxonomy":"product_cat","embeddable":true,"href":"https:\/\/www.hediyepazar.com\/index.php?rest_route=%2Fwp%2Fv2%2Fproduct_cat&post=115801"},{"taxonomy":"product_tag","embeddable":true,"href":"https:\/\/www.hediyepazar.com\/index.php?rest_route=%2Fwp%2Fv2%2Fproduct_tag&post=115801"}],"curies":[{"name":"wp","href":"https:\/\/api.w.org\/{rel}","templated":true}]}}