{"id":115803,"date":"2026-05-05T15:35:20","date_gmt":"2026-05-05T18:35:20","guid":{"rendered":"https:\/\/www.hediyepazar.com\/?product=bel-omuz-boyun-masaj-aleti-ovmali-isitmali-kas-yorgunlugu-giderici"},"modified":"2026-05-05T15:35:20","modified_gmt":"2026-05-05T18:35:20","slug":"bel-omuz-boyun-masaj-aleti-ovmali-isitmali-kas-yorgunlugu-giderici","status":"publish","type":"product","link":"https:\/\/www.hediyepazar.com\/?product=bel-omuz-boyun-masaj-aleti-ovmali-isitmali-kas-yorgunlugu-giderici","title":{"rendered":"Bel Omuz Boyun Masaj Aleti Ovmal\u0131 Is\u0131tmal\u0131 Kas Yorgunlu\u011fu Giderici"},"content":{"rendered":"<p>Art\u0131k masaj salonlar\u0131na gitmenize gerek yok! Ovmal\u0131 \u0131s\u0131tmal\u0131 masaj aleti, profesyonel masaj rahatl\u0131\u011f\u0131n\u0131 evinize getiriyor. 3 farkl\u0131 fonksiyona sahip olan cihaz a\u00e7ma\/kapama, \u0131s\u0131tma ve y\u00f6n de\u011fi\u015ftirme \u00f6zellikleriyle ihtiyac\u0131n\u0131za uygun masaj deneyimi sunar. 10-15 dakika i\u00e7inde 60 dereceye ula\u015fan \u0131s\u0131tma \u00f6zelli\u011fiyle kas a\u011fr\u0131lar\u0131n\u0131z\u0131 hafifletir. Otomatik geri vites fonksiyonu sayesinde masaj y\u00f6n\u00fcn\u00fc de\u011fi\u015ftirerek kaslara daha dengeli bask\u0131 uygular. Boyun, omuz, bel, ayak ve v\u00fccudun di\u011fer b\u00f6lgelerinde kullan\u0131labilir. Uzun s\u00fcreli kullan\u0131mda v\u00fccudun enerji dengesini sa\u011flar, stresi azalt\u0131r ve zindeli\u011finizi art\u0131r\u0131r.<\/p>\n","protected":false},"excerpt":{"rendered":"<p>Art\u0131k masaj salonlar\u0131na gitmenize gerek yok! Ovmal\u0131 \u0131s\u0131tmal\u0131 masaj aleti, profesyonel masaj rahatl\u0131\u011f\u0131n\u0131 evinize getiriyor. 3 farkl\u0131 fonksiyona sahip olan cihaz a\u00e7ma\/kapama, \u0131s\u0131tma ve y\u00f6n de\u011fi\u015ftirme \u00f6zellikleriyle ihtiyac\u0131n\u0131za uygun masaj deneyimi sunar. 10-15 dakika i\u00e7inde 60 dereceye ula\u015fan \u0131s\u0131tma \u00f6zelli\u011fiyle kas a\u011fr\u0131lar\u0131n\u0131z\u0131 hafifletir. Otomatik geri vites fonksiyonu sayesinde masaj y\u00f6n\u00fcn\u00fc de\u011fi\u015ftirerek kaslara daha dengeli bask\u0131&#8230;<\/p>\n","protected":false},"featured_media":115802,"comment_status":"open","ping_status":"closed","template":"","meta":{"_kad_post_transparent":"","_kad_post_title":"","_kad_post_layout":"","_kad_post_sidebar_id":"","_kad_post_content_style":"","_kad_post_vertical_padding":"","_kad_post_feature":"","_kad_post_feature_position":"","_kad_post_header":false,"_kad_post_footer":false,"_kad_post_classname":""},"product_brand":[],"product_cat":[14939],"product_tag":[],"class_list":{"0":"post-115803","1":"product","2":"type-product","3":"status-publish","4":"has-post-thumbnail","6":"product_cat-masaj-cihazi-masaj-cihazi","8":"first","9":"instock","10":"purchasable","11":"product-type-simple","12":"entry","13":"content-bg","14":"loop-entry"},"_links":{"self":[{"href":"https:\/\/www.hediyepazar.com\/index.php?rest_route=\/wp\/v2\/product\/115803","targetHints":{"allow":["GET"]}}],"collection":[{"href":"https:\/\/www.hediyepazar.com\/index.php?rest_route=\/wp\/v2\/product"}],"about":[{"href":"https:\/\/www.hediyepazar.com\/index.php?rest_route=\/wp\/v2\/types\/product"}],"replies":[{"embeddable":true,"href":"https:\/\/www.hediyepazar.com\/index.php?rest_route=%2Fwp%2Fv2%2Fcomments&post=115803"}],"wp:featuredmedia":[{"embeddable":true,"href":"https:\/\/www.hediyepazar.com\/index.php?rest_route=\/wp\/v2\/media\/115802"}],"wp:attachment":[{"href":"https:\/\/www.hediyepazar.com\/index.php?rest_route=%2Fwp%2Fv2%2Fmedia&parent=115803"}],"wp:term":[{"taxonomy":"product_brand","embeddable":true,"href":"https:\/\/www.hediyepazar.com\/index.php?rest_route=%2Fwp%2Fv2%2Fproduct_brand&post=115803"},{"taxonomy":"product_cat","embeddable":true,"href":"https:\/\/www.hediyepazar.com\/index.php?rest_route=%2Fwp%2Fv2%2Fproduct_cat&post=115803"},{"taxonomy":"product_tag","embeddable":true,"href":"https:\/\/www.hediyepazar.com\/index.php?rest_route=%2Fwp%2Fv2%2Fproduct_tag&post=115803"}],"curies":[{"name":"wp","href":"https:\/\/api.w.org\/{rel}","templated":true}]}}