{"id":115805,"date":"2026-05-05T15:37:10","date_gmt":"2026-05-05T18:37:10","guid":{"rendered":"https:\/\/www.hediyepazar.com\/?product=isitma-fonksiyonlu-ovmali-boyun-omuz-ve-vucut-masaj-cihazi-rahatlatici"},"modified":"2026-05-05T15:37:10","modified_gmt":"2026-05-05T18:37:10","slug":"isitma-fonksiyonlu-ovmali-boyun-omuz-ve-vucut-masaj-cihazi-rahatlatici","status":"publish","type":"product","link":"https:\/\/www.hediyepazar.com\/?product=isitma-fonksiyonlu-ovmali-boyun-omuz-ve-vucut-masaj-cihazi-rahatlatici","title":{"rendered":"Is\u0131tma Fonksiyonlu Ovmal\u0131 Boyun Omuz ve V\u00fccut Masaj Cihaz\u0131 Rahatlat\u0131c\u0131"},"content":{"rendered":"<p>Boyun, omuz, bel ve s\u0131rt a\u011fr\u0131lar\u0131na son vermek i\u00e7in \u00f6zel olarak tasarlanm\u0131\u015f ovmal\u0131 masaj aleti, \u0131s\u0131tma \u00f6zelli\u011fi ile kaslara derinlemesine n\u00fcfuz eder. Is\u0131tma fonksiyonu sayesinde kaslar gev\u015fer, kan dola\u015f\u0131m\u0131 h\u0131zlan\u0131r ve v\u00fccut rahatlar. 45 dB sessiz \u00e7al\u0131\u015fma teknolojisi ile televizyon izlerken veya kitap okurken bile kullanabilirsiniz. ABS + kanvas malzemeden \u00fcretilmi\u015f dayan\u0131kl\u0131 yap\u0131s\u0131 sayesinde uzun \u00f6m\u00fcrl\u00fc kullan\u0131m sa\u011flar. 1.6 kg a\u011f\u0131rl\u0131\u011f\u0131yla kolay ta\u015f\u0131nabilir ve evin her alan\u0131nda rahatl\u0131kla kullan\u0131labilir. Ovmal\u0131 masaj fonksiyonu sayesinde kaslar\u0131 yo\u011furarak a\u011fr\u0131lar\u0131 azalt\u0131r, stresinizi giderir. D\u00fczenli kullan\u0131mda uyku kalitesini art\u0131r\u0131r, sindirim sistemini d\u00fczenler ve genel v\u00fccut fonksiyonlar\u0131n\u0131 iyile\u015ftirir.<\/p>\n","protected":false},"excerpt":{"rendered":"<p>Boyun, omuz, bel ve s\u0131rt a\u011fr\u0131lar\u0131na son vermek i\u00e7in \u00f6zel olarak tasarlanm\u0131\u015f ovmal\u0131 masaj aleti, \u0131s\u0131tma \u00f6zelli\u011fi ile kaslara derinlemesine n\u00fcfuz eder. Is\u0131tma fonksiyonu sayesinde kaslar gev\u015fer, kan dola\u015f\u0131m\u0131 h\u0131zlan\u0131r ve v\u00fccut rahatlar. 45 dB sessiz \u00e7al\u0131\u015fma teknolojisi ile televizyon izlerken veya kitap okurken bile kullanabilirsiniz. ABS + kanvas malzemeden \u00fcretilmi\u015f dayan\u0131kl\u0131 yap\u0131s\u0131 sayesinde uzun&#8230;<\/p>\n","protected":false},"featured_media":115804,"comment_status":"open","ping_status":"closed","template":"","meta":{"_kad_post_transparent":"","_kad_post_title":"","_kad_post_layout":"","_kad_post_sidebar_id":"","_kad_post_content_style":"","_kad_post_vertical_padding":"","_kad_post_feature":"","_kad_post_feature_position":"","_kad_post_header":false,"_kad_post_footer":false,"_kad_post_classname":""},"product_brand":[],"product_cat":[14939],"product_tag":[],"class_list":{"0":"post-115805","1":"product","2":"type-product","3":"status-publish","4":"has-post-thumbnail","6":"product_cat-masaj-cihazi-masaj-cihazi","8":"first","9":"instock","10":"purchasable","11":"product-type-simple","12":"entry","13":"content-bg","14":"loop-entry"},"_links":{"self":[{"href":"https:\/\/www.hediyepazar.com\/index.php?rest_route=\/wp\/v2\/product\/115805","targetHints":{"allow":["GET"]}}],"collection":[{"href":"https:\/\/www.hediyepazar.com\/index.php?rest_route=\/wp\/v2\/product"}],"about":[{"href":"https:\/\/www.hediyepazar.com\/index.php?rest_route=\/wp\/v2\/types\/product"}],"replies":[{"embeddable":true,"href":"https:\/\/www.hediyepazar.com\/index.php?rest_route=%2Fwp%2Fv2%2Fcomments&post=115805"}],"wp:featuredmedia":[{"embeddable":true,"href":"https:\/\/www.hediyepazar.com\/index.php?rest_route=\/wp\/v2\/media\/115804"}],"wp:attachment":[{"href":"https:\/\/www.hediyepazar.com\/index.php?rest_route=%2Fwp%2Fv2%2Fmedia&parent=115805"}],"wp:term":[{"taxonomy":"product_brand","embeddable":true,"href":"https:\/\/www.hediyepazar.com\/index.php?rest_route=%2Fwp%2Fv2%2Fproduct_brand&post=115805"},{"taxonomy":"product_cat","embeddable":true,"href":"https:\/\/www.hediyepazar.com\/index.php?rest_route=%2Fwp%2Fv2%2Fproduct_cat&post=115805"},{"taxonomy":"product_tag","embeddable":true,"href":"https:\/\/www.hediyepazar.com\/index.php?rest_route=%2Fwp%2Fv2%2Fproduct_tag&post=115805"}],"curies":[{"name":"wp","href":"https:\/\/api.w.org\/{rel}","templated":true}]}}