{"id":115839,"date":"2026-05-05T15:45:38","date_gmt":"2026-05-05T18:45:38","guid":{"rendered":"https:\/\/www.hediyepazar.com\/?product=5-in-1-elektrikli-yuz-temizleme-ve-masaj-cihazi"},"modified":"2026-05-05T15:45:38","modified_gmt":"2026-05-05T18:45:38","slug":"5-in-1-elektrikli-yuz-temizleme-ve-masaj-cihazi","status":"publish","type":"product","link":"https:\/\/www.hediyepazar.com\/?product=5-in-1-elektrikli-yuz-temizleme-ve-masaj-cihazi","title":{"rendered":"5 in 1 Elektrikli Y\u00fcz Temizleme ve Masaj Cihaz\u0131"},"content":{"rendered":"<p>5 in 1 Elektrikli Y\u00fcz Temizleme Cihaz\u0131, g\u00fcnl\u00fck cilt bak\u0131m\u0131n\u0131z\u0131 profesyonel seviyeye ta\u015f\u0131r. 5 farkl\u0131 ba\u015fl\u0131k se\u00e7ene\u011fi ile derin temizlik, masaj, peeling ve krem uygulama i\u015flemlerini kolayca yapabilirsiniz. Cildinizi \u00f6l\u00fc h\u00fccrelerden ar\u0131nd\u0131r\u0131r, daha sa\u011fl\u0131kl\u0131, parlak ve esnek bir g\u00f6r\u00fcn\u00fcm kazand\u0131r\u0131r.<\/p>\n","protected":false},"excerpt":{"rendered":"<p>5 in 1 Elektrikli Y\u00fcz Temizleme Cihaz\u0131, g\u00fcnl\u00fck cilt bak\u0131m\u0131n\u0131z\u0131 profesyonel seviyeye ta\u015f\u0131r. 5 farkl\u0131 ba\u015fl\u0131k se\u00e7ene\u011fi ile derin temizlik, masaj, peeling ve krem uygulama i\u015flemlerini kolayca yapabilirsiniz. Cildinizi \u00f6l\u00fc h\u00fccrelerden ar\u0131nd\u0131r\u0131r, daha sa\u011fl\u0131kl\u0131, parlak ve esnek bir g\u00f6r\u00fcn\u00fcm kazand\u0131r\u0131r.<\/p>\n","protected":false},"featured_media":115838,"comment_status":"open","ping_status":"closed","template":"","meta":{"_kad_post_transparent":"","_kad_post_title":"","_kad_post_layout":"","_kad_post_sidebar_id":"","_kad_post_content_style":"","_kad_post_vertical_padding":"","_kad_post_feature":"","_kad_post_feature_position":"","_kad_post_header":false,"_kad_post_footer":false,"_kad_post_classname":""},"product_brand":[],"product_cat":[15018],"product_tag":[],"class_list":{"0":"post-115839","1":"product","2":"type-product","3":"status-publish","4":"has-post-thumbnail","6":"product_cat-yuz-temizleme-cihazi-yuz-temizleme-cihazi","8":"first","9":"instock","10":"purchasable","11":"product-type-simple","12":"entry","13":"content-bg","14":"loop-entry"},"_links":{"self":[{"href":"https:\/\/www.hediyepazar.com\/index.php?rest_route=\/wp\/v2\/product\/115839","targetHints":{"allow":["GET"]}}],"collection":[{"href":"https:\/\/www.hediyepazar.com\/index.php?rest_route=\/wp\/v2\/product"}],"about":[{"href":"https:\/\/www.hediyepazar.com\/index.php?rest_route=\/wp\/v2\/types\/product"}],"replies":[{"embeddable":true,"href":"https:\/\/www.hediyepazar.com\/index.php?rest_route=%2Fwp%2Fv2%2Fcomments&post=115839"}],"wp:featuredmedia":[{"embeddable":true,"href":"https:\/\/www.hediyepazar.com\/index.php?rest_route=\/wp\/v2\/media\/115838"}],"wp:attachment":[{"href":"https:\/\/www.hediyepazar.com\/index.php?rest_route=%2Fwp%2Fv2%2Fmedia&parent=115839"}],"wp:term":[{"taxonomy":"product_brand","embeddable":true,"href":"https:\/\/www.hediyepazar.com\/index.php?rest_route=%2Fwp%2Fv2%2Fproduct_brand&post=115839"},{"taxonomy":"product_cat","embeddable":true,"href":"https:\/\/www.hediyepazar.com\/index.php?rest_route=%2Fwp%2Fv2%2Fproduct_cat&post=115839"},{"taxonomy":"product_tag","embeddable":true,"href":"https:\/\/www.hediyepazar.com\/index.php?rest_route=%2Fwp%2Fv2%2Fproduct_tag&post=115839"}],"curies":[{"name":"wp","href":"https:\/\/api.w.org\/{rel}","templated":true}]}}