{"id":115843,"date":"2026-05-05T15:45:48","date_gmt":"2026-05-05T18:45:48","guid":{"rendered":"https:\/\/www.hediyepazar.com\/?product=solar-ve-usb-sarjli-su-gecirmez-katlanabilir-led-lamba"},"modified":"2026-05-05T15:45:48","modified_gmt":"2026-05-05T18:45:48","slug":"solar-ve-usb-sarjli-su-gecirmez-katlanabilir-led-lamba","status":"publish","type":"product","link":"https:\/\/www.hediyepazar.com\/?product=solar-ve-usb-sarjli-su-gecirmez-katlanabilir-led-lamba","title":{"rendered":"Solar ve USB \u015earjl\u0131 Su Ge\u00e7irmez Katlanabilir LED Lamba"},"content":{"rendered":"<p>Solar ve USB \u015farj \u00f6zellikli katlanabilir LED lamba, enerji tasarruflu ve dayan\u0131kl\u0131 yap\u0131s\u0131yla \u00f6ne \u00e7\u0131kar. 5 kanatl\u0131 tasar\u0131m\u0131yla \u0131\u015f\u0131\u011f\u0131 farkl\u0131 y\u00f6nlere da\u011f\u0131tarak daha geni\u015f alanlar\u0131 ayd\u0131nlat\u0131r. 45 LED \u0131\u015f\u0131k kayna\u011f\u0131 g\u00fc\u00e7l\u00fc bir ayd\u0131nlatma sunar. 2400mAh pil kapasitesi ile 6-8 saat kesintisiz kullan\u0131m sa\u011flar. G\u00fcne\u015f enerjisiyle 8 saatte, USB kablosuyla 6 saatte \u015farj olur. IP65 su ge\u00e7irmezlik \u00f6zelli\u011fi sayesinde bah\u00e7e, kamp, balkon ve acil durum ayd\u0131nlatmalar\u0131 i\u00e7in idealdir. Katlanabilir yap\u0131s\u0131 sayesinde ta\u015f\u0131nabilir ve kompakt bir \u00fcr\u00fcnd\u00fcr. Ask\u0131 aparat\u0131 ile kolay kullan\u0131m sa\u011flar. Hem ekonomik hem \u00e7evre dostu bir ayd\u0131nlatma \u00e7\u00f6z\u00fcm\u00fcd\u00fcr.<\/p>\n","protected":false},"excerpt":{"rendered":"<p>Solar ve USB \u015farj \u00f6zellikli katlanabilir LED lamba, enerji tasarruflu ve dayan\u0131kl\u0131 yap\u0131s\u0131yla \u00f6ne \u00e7\u0131kar. 5 kanatl\u0131 tasar\u0131m\u0131yla \u0131\u015f\u0131\u011f\u0131 farkl\u0131 y\u00f6nlere da\u011f\u0131tarak daha geni\u015f alanlar\u0131 ayd\u0131nlat\u0131r. 45 LED \u0131\u015f\u0131k kayna\u011f\u0131 g\u00fc\u00e7l\u00fc bir ayd\u0131nlatma sunar. 2400mAh pil kapasitesi ile 6-8 saat kesintisiz kullan\u0131m sa\u011flar. G\u00fcne\u015f enerjisiyle 8 saatte, USB kablosuyla 6 saatte \u015farj olur. IP65 su&#8230;<\/p>\n","protected":false},"featured_media":115842,"comment_status":"open","ping_status":"closed","template":"","meta":{"_kad_post_transparent":"","_kad_post_title":"","_kad_post_layout":"","_kad_post_sidebar_id":"","_kad_post_content_style":"","_kad_post_vertical_padding":"","_kad_post_feature":"","_kad_post_feature_position":"","_kad_post_header":false,"_kad_post_footer":false,"_kad_post_classname":""},"product_brand":[],"product_cat":[15076],"product_tag":[],"class_list":{"0":"post-115843","1":"product","2":"type-product","3":"status-publish","4":"has-post-thumbnail","6":"product_cat-kamp-seti-kamp-seti","8":"first","9":"instock","10":"purchasable","11":"product-type-simple","12":"entry","13":"content-bg","14":"loop-entry"},"_links":{"self":[{"href":"https:\/\/www.hediyepazar.com\/index.php?rest_route=\/wp\/v2\/product\/115843","targetHints":{"allow":["GET"]}}],"collection":[{"href":"https:\/\/www.hediyepazar.com\/index.php?rest_route=\/wp\/v2\/product"}],"about":[{"href":"https:\/\/www.hediyepazar.com\/index.php?rest_route=\/wp\/v2\/types\/product"}],"replies":[{"embeddable":true,"href":"https:\/\/www.hediyepazar.com\/index.php?rest_route=%2Fwp%2Fv2%2Fcomments&post=115843"}],"wp:featuredmedia":[{"embeddable":true,"href":"https:\/\/www.hediyepazar.com\/index.php?rest_route=\/wp\/v2\/media\/115842"}],"wp:attachment":[{"href":"https:\/\/www.hediyepazar.com\/index.php?rest_route=%2Fwp%2Fv2%2Fmedia&parent=115843"}],"wp:term":[{"taxonomy":"product_brand","embeddable":true,"href":"https:\/\/www.hediyepazar.com\/index.php?rest_route=%2Fwp%2Fv2%2Fproduct_brand&post=115843"},{"taxonomy":"product_cat","embeddable":true,"href":"https:\/\/www.hediyepazar.com\/index.php?rest_route=%2Fwp%2Fv2%2Fproduct_cat&post=115843"},{"taxonomy":"product_tag","embeddable":true,"href":"https:\/\/www.hediyepazar.com\/index.php?rest_route=%2Fwp%2Fv2%2Fproduct_tag&post=115843"}],"curies":[{"name":"wp","href":"https:\/\/api.w.org\/{rel}","templated":true}]}}