{"id":115847,"date":"2026-05-05T15:46:04","date_gmt":"2026-05-05T18:46:04","guid":{"rendered":"https:\/\/www.hediyepazar.com\/?product=usb-ve-solar-sarjli-katlanabilir-5-tarafli-led-lamba"},"modified":"2026-05-05T15:46:04","modified_gmt":"2026-05-05T18:46:04","slug":"usb-ve-solar-sarjli-katlanabilir-5-tarafli-led-lamba","status":"publish","type":"product","link":"https:\/\/www.hediyepazar.com\/?product=usb-ve-solar-sarjli-katlanabilir-5-tarafli-led-lamba","title":{"rendered":"USB ve Solar \u015earjl\u0131 Katlanabilir 5 Tarafl\u0131 LED Lamba"},"content":{"rendered":"<p>USB ve solar \u015farj \u00f6zellikli katlanabilir LED lamba, pratik kullan\u0131m\u0131 ve g\u00fc\u00e7l\u00fc ayd\u0131nlatmas\u0131 ile \u00e7ok y\u00f6nl\u00fc bir \u00fcr\u00fcnd\u00fcr. 5 kanatl\u0131 tasar\u0131m\u0131 sayesinde 360 dereceye yak\u0131n ayd\u0131nlatma sa\u011flar. 45 LED \u0131\u015f\u0131k kayna\u011f\u0131, y\u00fcksek parlakl\u0131k sunarken 2400mAh pili ile 6-8 saat boyunca \u00e7al\u0131\u015fabilir. G\u00fcne\u015f enerjisiyle veya USB kablosu ile kolayca \u015farj edilebilir. IP65 sertifikal\u0131 su ge\u00e7irmez \u00f6zelli\u011fi sayesinde d\u0131\u015f mekanlarda g\u00fcvenle kullan\u0131labilir. Bah\u00e7e, kamp, sokak ayd\u0131nlatmas\u0131 ve acil durumlar i\u00e7in uygundur. Katlanabilir yap\u0131s\u0131 sayesinde kompakt ve ta\u015f\u0131nabilir bir tasar\u0131ma sahiptir. Enerji tasarruflu yap\u0131s\u0131 ile \u00e7evre dostu bir \u00e7\u00f6z\u00fcmd\u00fcr.<\/p>\n","protected":false},"excerpt":{"rendered":"<p>USB ve solar \u015farj \u00f6zellikli katlanabilir LED lamba, pratik kullan\u0131m\u0131 ve g\u00fc\u00e7l\u00fc ayd\u0131nlatmas\u0131 ile \u00e7ok y\u00f6nl\u00fc bir \u00fcr\u00fcnd\u00fcr. 5 kanatl\u0131 tasar\u0131m\u0131 sayesinde 360 dereceye yak\u0131n ayd\u0131nlatma sa\u011flar. 45 LED \u0131\u015f\u0131k kayna\u011f\u0131, y\u00fcksek parlakl\u0131k sunarken 2400mAh pili ile 6-8 saat boyunca \u00e7al\u0131\u015fabilir. G\u00fcne\u015f enerjisiyle veya USB kablosu ile kolayca \u015farj edilebilir. IP65 sertifikal\u0131 su ge\u00e7irmez \u00f6zelli\u011fi&#8230;<\/p>\n","protected":false},"featured_media":115846,"comment_status":"open","ping_status":"closed","template":"","meta":{"_kad_post_transparent":"","_kad_post_title":"","_kad_post_layout":"","_kad_post_sidebar_id":"","_kad_post_content_style":"","_kad_post_vertical_padding":"","_kad_post_feature":"","_kad_post_feature_position":"","_kad_post_header":false,"_kad_post_footer":false,"_kad_post_classname":""},"product_brand":[],"product_cat":[15076],"product_tag":[],"class_list":{"0":"post-115847","1":"product","2":"type-product","3":"status-publish","4":"has-post-thumbnail","6":"product_cat-kamp-seti-kamp-seti","8":"first","9":"instock","10":"purchasable","11":"product-type-simple","12":"entry","13":"content-bg","14":"loop-entry"},"_links":{"self":[{"href":"https:\/\/www.hediyepazar.com\/index.php?rest_route=\/wp\/v2\/product\/115847","targetHints":{"allow":["GET"]}}],"collection":[{"href":"https:\/\/www.hediyepazar.com\/index.php?rest_route=\/wp\/v2\/product"}],"about":[{"href":"https:\/\/www.hediyepazar.com\/index.php?rest_route=\/wp\/v2\/types\/product"}],"replies":[{"embeddable":true,"href":"https:\/\/www.hediyepazar.com\/index.php?rest_route=%2Fwp%2Fv2%2Fcomments&post=115847"}],"wp:featuredmedia":[{"embeddable":true,"href":"https:\/\/www.hediyepazar.com\/index.php?rest_route=\/wp\/v2\/media\/115846"}],"wp:attachment":[{"href":"https:\/\/www.hediyepazar.com\/index.php?rest_route=%2Fwp%2Fv2%2Fmedia&parent=115847"}],"wp:term":[{"taxonomy":"product_brand","embeddable":true,"href":"https:\/\/www.hediyepazar.com\/index.php?rest_route=%2Fwp%2Fv2%2Fproduct_brand&post=115847"},{"taxonomy":"product_cat","embeddable":true,"href":"https:\/\/www.hediyepazar.com\/index.php?rest_route=%2Fwp%2Fv2%2Fproduct_cat&post=115847"},{"taxonomy":"product_tag","embeddable":true,"href":"https:\/\/www.hediyepazar.com\/index.php?rest_route=%2Fwp%2Fv2%2Fproduct_tag&post=115847"}],"curies":[{"name":"wp","href":"https:\/\/api.w.org\/{rel}","templated":true}]}}