{"id":115851,"date":"2026-05-05T15:46:17","date_gmt":"2026-05-05T18:46:17","guid":{"rendered":"https:\/\/www.hediyepazar.com\/?product=gunes-enerjili-katlanabilir-5-kanatli-solar-bahce-lambasi"},"modified":"2026-05-05T15:46:17","modified_gmt":"2026-05-05T18:46:17","slug":"gunes-enerjili-katlanabilir-5-kanatli-solar-bahce-lambasi","status":"publish","type":"product","link":"https:\/\/www.hediyepazar.com\/?product=gunes-enerjili-katlanabilir-5-kanatli-solar-bahce-lambasi","title":{"rendered":"G\u00fcne\u015f Enerjili Katlanabilir 5 Kanatl\u0131 Solar Bah\u00e7e Lambas\u0131"},"content":{"rendered":"<p>G\u00fcne\u015f enerjili katlanabilir 5 kanatl\u0131 solar bah\u00e7e lambas\u0131, g\u00fc\u00e7l\u00fc ayd\u0131nlatma performans\u0131 ve pratik kullan\u0131m\u0131yla \u00f6ne \u00e7\u0131kar. 45 LED \u0131\u015f\u0131k kayna\u011f\u0131 sayesinde geni\u015f alanlar\u0131 ayd\u0131nlat\u0131r. Katlanabilir yap\u0131s\u0131 sayesinde \u0131\u015f\u0131k a\u00e7\u0131s\u0131n\u0131 ayarlayarak farkl\u0131 b\u00f6lgelerde daha verimli kullan\u0131m sa\u011flar. Dahili 2400mAh lityum pil ile 6-8 saat \u00e7al\u0131\u015fma s\u00fcresi sunar. G\u00fcne\u015f enerjisi ile 8 saatte, USB kablosu ile 6 saatte \u015farj edilebilir. IP65 su ge\u00e7irmez \u00f6zelli\u011fi sayesinde ya\u011fmur ve d\u0131\u015f etkenlere dayan\u0131kl\u0131d\u0131r. Bah\u00e7e, kamp, sokak, ev ve acil durum ayd\u0131nlatmalar\u0131nda kullan\u0131labilir. Ask\u0131 aparat\u0131 ile kolayca ta\u015f\u0131nabilir ve istenilen yere monte edilebilir. Enerji tasarruflu, \u00e7evre dostu ve uzun \u00f6m\u00fcrl\u00fc yap\u0131s\u0131yla g\u00fcnl\u00fck ya\u015famda g\u00fcvenilir bir ayd\u0131nlatma \u00e7\u00f6z\u00fcm\u00fcd\u00fcr.<\/p>\n","protected":false},"excerpt":{"rendered":"<p>G\u00fcne\u015f enerjili katlanabilir 5 kanatl\u0131 solar bah\u00e7e lambas\u0131, g\u00fc\u00e7l\u00fc ayd\u0131nlatma performans\u0131 ve pratik kullan\u0131m\u0131yla \u00f6ne \u00e7\u0131kar. 45 LED \u0131\u015f\u0131k kayna\u011f\u0131 sayesinde geni\u015f alanlar\u0131 ayd\u0131nlat\u0131r. Katlanabilir yap\u0131s\u0131 sayesinde \u0131\u015f\u0131k a\u00e7\u0131s\u0131n\u0131 ayarlayarak farkl\u0131 b\u00f6lgelerde daha verimli kullan\u0131m sa\u011flar. Dahili 2400mAh lityum pil ile 6-8 saat \u00e7al\u0131\u015fma s\u00fcresi sunar. G\u00fcne\u015f enerjisi ile 8 saatte, USB kablosu ile 6&#8230;<\/p>\n","protected":false},"featured_media":115850,"comment_status":"open","ping_status":"closed","template":"","meta":{"_kad_post_transparent":"","_kad_post_title":"","_kad_post_layout":"","_kad_post_sidebar_id":"","_kad_post_content_style":"","_kad_post_vertical_padding":"","_kad_post_feature":"","_kad_post_feature_position":"","_kad_post_header":false,"_kad_post_footer":false,"_kad_post_classname":""},"product_brand":[],"product_cat":[15076],"product_tag":[],"class_list":{"0":"post-115851","1":"product","2":"type-product","3":"status-publish","4":"has-post-thumbnail","6":"product_cat-kamp-seti-kamp-seti","8":"first","9":"instock","10":"purchasable","11":"product-type-simple","12":"entry","13":"content-bg","14":"loop-entry"},"_links":{"self":[{"href":"https:\/\/www.hediyepazar.com\/index.php?rest_route=\/wp\/v2\/product\/115851","targetHints":{"allow":["GET"]}}],"collection":[{"href":"https:\/\/www.hediyepazar.com\/index.php?rest_route=\/wp\/v2\/product"}],"about":[{"href":"https:\/\/www.hediyepazar.com\/index.php?rest_route=\/wp\/v2\/types\/product"}],"replies":[{"embeddable":true,"href":"https:\/\/www.hediyepazar.com\/index.php?rest_route=%2Fwp%2Fv2%2Fcomments&post=115851"}],"wp:featuredmedia":[{"embeddable":true,"href":"https:\/\/www.hediyepazar.com\/index.php?rest_route=\/wp\/v2\/media\/115850"}],"wp:attachment":[{"href":"https:\/\/www.hediyepazar.com\/index.php?rest_route=%2Fwp%2Fv2%2Fmedia&parent=115851"}],"wp:term":[{"taxonomy":"product_brand","embeddable":true,"href":"https:\/\/www.hediyepazar.com\/index.php?rest_route=%2Fwp%2Fv2%2Fproduct_brand&post=115851"},{"taxonomy":"product_cat","embeddable":true,"href":"https:\/\/www.hediyepazar.com\/index.php?rest_route=%2Fwp%2Fv2%2Fproduct_cat&post=115851"},{"taxonomy":"product_tag","embeddable":true,"href":"https:\/\/www.hediyepazar.com\/index.php?rest_route=%2Fwp%2Fv2%2Fproduct_tag&post=115851"}],"curies":[{"name":"wp","href":"https:\/\/api.w.org\/{rel}","templated":true}]}}