{"id":115853,"date":"2026-05-05T15:47:57","date_gmt":"2026-05-05T18:47:57","guid":{"rendered":"https:\/\/www.hediyepazar.com\/?product=dekoratif-led-celenk-isik-8-farkli-aydinlatma-modu"},"modified":"2026-05-05T15:47:57","modified_gmt":"2026-05-05T18:47:57","slug":"dekoratif-led-celenk-isik-8-farkli-aydinlatma-modu","status":"publish","type":"product","link":"https:\/\/www.hediyepazar.com\/?product=dekoratif-led-celenk-isik-8-farkli-aydinlatma-modu","title":{"rendered":"Dekoratif LED \u00c7elenk I\u015f\u0131k 8 Farkl\u0131 Ayd\u0131nlatma Modu"},"content":{"rendered":"<p>Dekoratif LED \u00e7elenk \u0131\u015f\u0131k, i\u00e7 mekanlarda b\u00fcy\u00fcleyici bir ambiyans yarat\u0131r. 8 farkl\u0131 ayd\u0131nlatma modu sayesinde ortama uygun \u0131\u015f\u0131k efektlerini se\u00e7ebilirsiniz. Y\u0131lba\u015f\u0131 a\u011fac\u0131 s\u00fcslemesinden d\u00fc\u011f\u00fcn dekorasyonuna, yatak odas\u0131 romantik ayd\u0131nlatmas\u0131ndan parti atmosferine kadar bir\u00e7ok kullan\u0131m alan\u0131 sunar. Enerji tasarruflu LED\u2019leri d\u00fc\u015f\u00fck elektrik t\u00fcketir ve uzun \u00f6m\u00fcrl\u00fc kullan\u0131m sa\u011flar. Esnek kablosu ile farkl\u0131 y\u00fczeylere kolayca uygulanabilir. Renkli \u0131\u015f\u0131klar\u0131yla evinize ve etkinliklerinize \u015f\u0131kl\u0131k katar. \u015eenlikli, s\u0131cak ve samimi bir ortam olu\u015fturmak isteyenler i\u00e7in ideal bir dekoratif ayd\u0131nlatmad\u0131r.<\/p>\n","protected":false},"excerpt":{"rendered":"<p>Dekoratif LED \u00e7elenk \u0131\u015f\u0131k, i\u00e7 mekanlarda b\u00fcy\u00fcleyici bir ambiyans yarat\u0131r. 8 farkl\u0131 ayd\u0131nlatma modu sayesinde ortama uygun \u0131\u015f\u0131k efektlerini se\u00e7ebilirsiniz. Y\u0131lba\u015f\u0131 a\u011fac\u0131 s\u00fcslemesinden d\u00fc\u011f\u00fcn dekorasyonuna, yatak odas\u0131 romantik ayd\u0131nlatmas\u0131ndan parti atmosferine kadar bir\u00e7ok kullan\u0131m alan\u0131 sunar. Enerji tasarruflu LED\u2019leri d\u00fc\u015f\u00fck elektrik t\u00fcketir ve uzun \u00f6m\u00fcrl\u00fc kullan\u0131m sa\u011flar. Esnek kablosu ile farkl\u0131 y\u00fczeylere kolayca uygulanabilir. Renkli&#8230;<\/p>\n","protected":false},"featured_media":115852,"comment_status":"open","ping_status":"closed","template":"","meta":{"_kad_post_transparent":"","_kad_post_title":"","_kad_post_layout":"","_kad_post_sidebar_id":"","_kad_post_content_style":"","_kad_post_vertical_padding":"","_kad_post_feature":"","_kad_post_feature_position":"","_kad_post_header":false,"_kad_post_footer":false,"_kad_post_classname":""},"product_brand":[],"product_cat":[14933],"product_tag":[],"class_list":{"0":"post-115853","1":"product","2":"type-product","3":"status-publish","4":"has-post-thumbnail","6":"product_cat-led-isik-led-isik","8":"first","9":"instock","10":"purchasable","11":"product-type-simple","12":"entry","13":"content-bg","14":"loop-entry"},"_links":{"self":[{"href":"https:\/\/www.hediyepazar.com\/index.php?rest_route=\/wp\/v2\/product\/115853","targetHints":{"allow":["GET"]}}],"collection":[{"href":"https:\/\/www.hediyepazar.com\/index.php?rest_route=\/wp\/v2\/product"}],"about":[{"href":"https:\/\/www.hediyepazar.com\/index.php?rest_route=\/wp\/v2\/types\/product"}],"replies":[{"embeddable":true,"href":"https:\/\/www.hediyepazar.com\/index.php?rest_route=%2Fwp%2Fv2%2Fcomments&post=115853"}],"wp:featuredmedia":[{"embeddable":true,"href":"https:\/\/www.hediyepazar.com\/index.php?rest_route=\/wp\/v2\/media\/115852"}],"wp:attachment":[{"href":"https:\/\/www.hediyepazar.com\/index.php?rest_route=%2Fwp%2Fv2%2Fmedia&parent=115853"}],"wp:term":[{"taxonomy":"product_brand","embeddable":true,"href":"https:\/\/www.hediyepazar.com\/index.php?rest_route=%2Fwp%2Fv2%2Fproduct_brand&post=115853"},{"taxonomy":"product_cat","embeddable":true,"href":"https:\/\/www.hediyepazar.com\/index.php?rest_route=%2Fwp%2Fv2%2Fproduct_cat&post=115853"},{"taxonomy":"product_tag","embeddable":true,"href":"https:\/\/www.hediyepazar.com\/index.php?rest_route=%2Fwp%2Fv2%2Fproduct_tag&post=115853"}],"curies":[{"name":"wp","href":"https:\/\/api.w.org\/{rel}","templated":true}]}}