{"id":115855,"date":"2026-05-05T15:48:46","date_gmt":"2026-05-05T18:48:46","guid":{"rendered":"https:\/\/www.hediyepazar.com\/?product=8-modlu-led-isik-zinciri-ic-mekan-dekoratif-aydinlatma"},"modified":"2026-05-05T15:48:46","modified_gmt":"2026-05-05T18:48:46","slug":"8-modlu-led-isik-zinciri-ic-mekan-dekoratif-aydinlatma","status":"publish","type":"product","link":"https:\/\/www.hediyepazar.com\/?product=8-modlu-led-isik-zinciri-ic-mekan-dekoratif-aydinlatma","title":{"rendered":"8 Modlu LED I\u015f\u0131k Zinciri \u0130\u00e7 Mekan Dekoratif Ayd\u0131nlatma"},"content":{"rendered":"<p>8 farkl\u0131 \u0131\u015f\u0131k modu sunan LED \u0131\u015f\u0131k zinciri, ev dekorasyonunuza s\u0131cakl\u0131k ve renk katar. I\u015f\u0131k efektlerini kolayca de\u011fi\u015ftirerek diledi\u011finiz atmosferi yaratabilirsiniz. Yatak odas\u0131, oturma odas\u0131, y\u0131lba\u015f\u0131 a\u011fac\u0131, d\u00fc\u011f\u00fcn veya parti s\u00fcslemeleri i\u00e7in uygundur. Yumu\u015fak \u0131\u015f\u0131klar\u0131 ile g\u00f6z\u00fc yormaz, bulundu\u011fu alana huzurlu bir ortam sa\u011flar. Enerji tasarruflu LED yap\u0131s\u0131 uzun \u00f6m\u00fcrl\u00fc kullan\u0131m sunar. Esnek kablosu sayesinde istedi\u011finiz y\u00fczeye rahat\u00e7a yerle\u015ftirebilirsiniz. \u0130\u00e7 mekanlarda \u015fenlikli ve davetkar bir ortam yaratmak i\u00e7in m\u00fckemmel dekoratif bir \u00e7\u00f6z\u00fcmd\u00fcr.<\/p>\n","protected":false},"excerpt":{"rendered":"<p>8 farkl\u0131 \u0131\u015f\u0131k modu sunan LED \u0131\u015f\u0131k zinciri, ev dekorasyonunuza s\u0131cakl\u0131k ve renk katar. I\u015f\u0131k efektlerini kolayca de\u011fi\u015ftirerek diledi\u011finiz atmosferi yaratabilirsiniz. Yatak odas\u0131, oturma odas\u0131, y\u0131lba\u015f\u0131 a\u011fac\u0131, d\u00fc\u011f\u00fcn veya parti s\u00fcslemeleri i\u00e7in uygundur. Yumu\u015fak \u0131\u015f\u0131klar\u0131 ile g\u00f6z\u00fc yormaz, bulundu\u011fu alana huzurlu bir ortam sa\u011flar. Enerji tasarruflu LED yap\u0131s\u0131 uzun \u00f6m\u00fcrl\u00fc kullan\u0131m sunar. Esnek kablosu sayesinde&#8230;<\/p>\n","protected":false},"featured_media":0,"comment_status":"open","ping_status":"closed","template":"","meta":{"_kad_post_transparent":"","_kad_post_title":"","_kad_post_layout":"","_kad_post_sidebar_id":"","_kad_post_content_style":"","_kad_post_vertical_padding":"","_kad_post_feature":"","_kad_post_feature_position":"","_kad_post_header":false,"_kad_post_footer":false,"_kad_post_classname":""},"product_brand":[],"product_cat":[14933],"product_tag":[],"class_list":{"0":"post-115855","1":"product","2":"type-product","3":"status-publish","5":"product_cat-led-isik-led-isik","7":"first","8":"instock","9":"purchasable","10":"product-type-simple","11":"entry","12":"content-bg","13":"loop-entry"},"_links":{"self":[{"href":"https:\/\/www.hediyepazar.com\/index.php?rest_route=\/wp\/v2\/product\/115855","targetHints":{"allow":["GET"]}}],"collection":[{"href":"https:\/\/www.hediyepazar.com\/index.php?rest_route=\/wp\/v2\/product"}],"about":[{"href":"https:\/\/www.hediyepazar.com\/index.php?rest_route=\/wp\/v2\/types\/product"}],"replies":[{"embeddable":true,"href":"https:\/\/www.hediyepazar.com\/index.php?rest_route=%2Fwp%2Fv2%2Fcomments&post=115855"}],"wp:attachment":[{"href":"https:\/\/www.hediyepazar.com\/index.php?rest_route=%2Fwp%2Fv2%2Fmedia&parent=115855"}],"wp:term":[{"taxonomy":"product_brand","embeddable":true,"href":"https:\/\/www.hediyepazar.com\/index.php?rest_route=%2Fwp%2Fv2%2Fproduct_brand&post=115855"},{"taxonomy":"product_cat","embeddable":true,"href":"https:\/\/www.hediyepazar.com\/index.php?rest_route=%2Fwp%2Fv2%2Fproduct_cat&post=115855"},{"taxonomy":"product_tag","embeddable":true,"href":"https:\/\/www.hediyepazar.com\/index.php?rest_route=%2Fwp%2Fv2%2Fproduct_tag&post=115855"}],"curies":[{"name":"wp","href":"https:\/\/api.w.org\/{rel}","templated":true}]}}