{"id":115865,"date":"2026-05-05T15:49:12","date_gmt":"2026-05-05T18:49:12","guid":{"rendered":"https:\/\/www.hediyepazar.com\/?product=kumandali-5-metre-serit-led-dekoratif-aydinlatma"},"modified":"2026-05-05T15:49:12","modified_gmt":"2026-05-05T18:49:12","slug":"kumandali-5-metre-serit-led-dekoratif-aydinlatma","status":"publish","type":"product","link":"https:\/\/www.hediyepazar.com\/?product=kumandali-5-metre-serit-led-dekoratif-aydinlatma","title":{"rendered":"Kumandal\u0131 5 Metre \u015eerit LED Dekoratif Ayd\u0131nlatma"},"content":{"rendered":"<p>Kumandal\u0131 5 metre \u015ferit LED, dekoratif ayd\u0131nlatma ihtiyac\u0131n\u0131z i\u00e7in ideal \u00e7\u00f6z\u00fcmd\u00fcr. Esnek yap\u0131s\u0131 ile farkl\u0131 y\u00fczeylere uygulanabilir ve istenildi\u011finde kesilerek \u00f6l\u00e7\u00fclere uyum sa\u011flar. Uzaktan kumanda ile \u0131\u015f\u0131k rengini de\u011fi\u015ftirebilir, parlakl\u0131k seviyesini ayarlayabilir ve \u00f6zel efekt modlar\u0131n\u0131 aktif edebilirsiniz. Strobe, fade, smooth ve flash gibi modlar sayesinde ki\u015fisel \u0131\u015f\u0131k kombinasyonlar\u0131 olu\u015fturabilirsiniz. Yap\u0131\u015fkanl\u0131 band\u0131 ile h\u0131zl\u0131 ve pratik \u015fekilde kurulabilir. Suya ve toza dayan\u0131kl\u0131 yap\u0131s\u0131 sayesinde hem i\u00e7 mekanlarda hem de bah\u00e7e, balkon gibi d\u0131\u015f mekanlarda rahatl\u0131kla kullan\u0131labilir. Enerji tasarrufu sa\u011flayan LED teknolojisi ile uzun \u00f6m\u00fcrl\u00fc ve ekonomik bir kullan\u0131m sunar.<\/p>\n","protected":false},"excerpt":{"rendered":"<p>Kumandal\u0131 5 metre \u015ferit LED, dekoratif ayd\u0131nlatma ihtiyac\u0131n\u0131z i\u00e7in ideal \u00e7\u00f6z\u00fcmd\u00fcr. Esnek yap\u0131s\u0131 ile farkl\u0131 y\u00fczeylere uygulanabilir ve istenildi\u011finde kesilerek \u00f6l\u00e7\u00fclere uyum sa\u011flar. Uzaktan kumanda ile \u0131\u015f\u0131k rengini de\u011fi\u015ftirebilir, parlakl\u0131k seviyesini ayarlayabilir ve \u00f6zel efekt modlar\u0131n\u0131 aktif edebilirsiniz. Strobe, fade, smooth ve flash gibi modlar sayesinde ki\u015fisel \u0131\u015f\u0131k kombinasyonlar\u0131 olu\u015fturabilirsiniz. Yap\u0131\u015fkanl\u0131 band\u0131 ile h\u0131zl\u0131 ve&#8230;<\/p>\n","protected":false},"featured_media":115864,"comment_status":"open","ping_status":"closed","template":"","meta":{"_kad_post_transparent":"","_kad_post_title":"","_kad_post_layout":"","_kad_post_sidebar_id":"","_kad_post_content_style":"","_kad_post_vertical_padding":"","_kad_post_feature":"","_kad_post_feature_position":"","_kad_post_header":false,"_kad_post_footer":false,"_kad_post_classname":""},"product_brand":[],"product_cat":[14933],"product_tag":[],"class_list":{"0":"post-115865","1":"product","2":"type-product","3":"status-publish","4":"has-post-thumbnail","6":"product_cat-led-isik-led-isik","8":"first","9":"instock","10":"purchasable","11":"product-type-simple","12":"entry","13":"content-bg","14":"loop-entry"},"_links":{"self":[{"href":"https:\/\/www.hediyepazar.com\/index.php?rest_route=\/wp\/v2\/product\/115865","targetHints":{"allow":["GET"]}}],"collection":[{"href":"https:\/\/www.hediyepazar.com\/index.php?rest_route=\/wp\/v2\/product"}],"about":[{"href":"https:\/\/www.hediyepazar.com\/index.php?rest_route=\/wp\/v2\/types\/product"}],"replies":[{"embeddable":true,"href":"https:\/\/www.hediyepazar.com\/index.php?rest_route=%2Fwp%2Fv2%2Fcomments&post=115865"}],"wp:featuredmedia":[{"embeddable":true,"href":"https:\/\/www.hediyepazar.com\/index.php?rest_route=\/wp\/v2\/media\/115864"}],"wp:attachment":[{"href":"https:\/\/www.hediyepazar.com\/index.php?rest_route=%2Fwp%2Fv2%2Fmedia&parent=115865"}],"wp:term":[{"taxonomy":"product_brand","embeddable":true,"href":"https:\/\/www.hediyepazar.com\/index.php?rest_route=%2Fwp%2Fv2%2Fproduct_brand&post=115865"},{"taxonomy":"product_cat","embeddable":true,"href":"https:\/\/www.hediyepazar.com\/index.php?rest_route=%2Fwp%2Fv2%2Fproduct_cat&post=115865"},{"taxonomy":"product_tag","embeddable":true,"href":"https:\/\/www.hediyepazar.com\/index.php?rest_route=%2Fwp%2Fv2%2Fproduct_tag&post=115865"}],"curies":[{"name":"wp","href":"https:\/\/api.w.org\/{rel}","templated":true}]}}