{"id":115869,"date":"2026-05-05T15:49:22","date_gmt":"2026-05-05T18:49:22","guid":{"rendered":"https:\/\/www.hediyepazar.com\/?product=bluetooth-5-0-kablosuz-gaming-kulaklik-suya-dayanikli"},"modified":"2026-05-05T15:49:22","modified_gmt":"2026-05-05T18:49:22","slug":"bluetooth-5-0-kablosuz-gaming-kulaklik-suya-dayanikli","status":"publish","type":"product","link":"https:\/\/www.hediyepazar.com\/?product=bluetooth-5-0-kablosuz-gaming-kulaklik-suya-dayanikli","title":{"rendered":"Bluetooth 5.0 Kablosuz Gaming Kulakl\u0131k Suya Dayan\u0131kl\u0131"},"content":{"rendered":"<p>Kablosuz Bluetooth 5.0 kulakl\u0131k, oyun ve m\u00fczik deneyiminizi \u00fcst seviyeye \u00e7\u0131karacak \u015fekilde tasarlanm\u0131\u015ft\u0131r. Uzun pil \u00f6mr\u00fc sayesinde g\u00fcn boyu kesintisiz kullan\u0131m sa\u011flar. Bluetooth 5.0 teknolojisi ile h\u0131zl\u0131 ve kararl\u0131 ba\u011flant\u0131 sunarak gecikmeyi minimuma indirir. G\u00fcr\u00fclt\u00fc azaltma \u00f6zelli\u011fi ile telefon g\u00f6r\u00fc\u015fmelerinde sesiniz daha net ve berrak duyulur. IPX4 suya ve toza dayan\u0131kl\u0131l\u0131k \u00f6zelli\u011fi sayesinde spor yaparken veya d\u0131\u015f mekanda g\u00fcvenle kullan\u0131labilir. Manyetik kulakl\u0131k u\u00e7lar\u0131 kulakl\u0131ktan d\u00fc\u015fmeyi \u00f6nlerken ergonomik tasar\u0131m kulaklara tam uyum sa\u011flar ve uzun s\u00fcreli kullan\u0131mda bile konfor sunar. Ses kalitesi ortalaman\u0131n \u00fczerinde olup g\u00fc\u00e7l\u00fc bas ve net tizlerle dengeli bir performans sa\u011flar. Hem g\u00fcnl\u00fck kullan\u0131m hem de oyun modu ile \u00fcst\u00fcn ses deneyimi arayanlar i\u00e7in ideal bir \u00fcr\u00fcnd\u00fcr.<\/p>\n","protected":false},"excerpt":{"rendered":"<p>Kablosuz Bluetooth 5.0 kulakl\u0131k, oyun ve m\u00fczik deneyiminizi \u00fcst seviyeye \u00e7\u0131karacak \u015fekilde tasarlanm\u0131\u015ft\u0131r. Uzun pil \u00f6mr\u00fc sayesinde g\u00fcn boyu kesintisiz kullan\u0131m sa\u011flar. Bluetooth 5.0 teknolojisi ile h\u0131zl\u0131 ve kararl\u0131 ba\u011flant\u0131 sunarak gecikmeyi minimuma indirir. G\u00fcr\u00fclt\u00fc azaltma \u00f6zelli\u011fi ile telefon g\u00f6r\u00fc\u015fmelerinde sesiniz daha net ve berrak duyulur. IPX4 suya ve toza dayan\u0131kl\u0131l\u0131k \u00f6zelli\u011fi sayesinde spor yaparken&#8230;<\/p>\n","protected":false},"featured_media":115868,"comment_status":"open","ping_status":"closed","template":"","meta":{"_kad_post_transparent":"","_kad_post_title":"","_kad_post_layout":"","_kad_post_sidebar_id":"","_kad_post_content_style":"","_kad_post_vertical_padding":"","_kad_post_feature":"","_kad_post_feature_position":"","_kad_post_header":false,"_kad_post_footer":false,"_kad_post_classname":""},"product_brand":[],"product_cat":[14957],"product_tag":[],"class_list":{"0":"post-115869","1":"product","2":"type-product","3":"status-publish","4":"has-post-thumbnail","6":"product_cat-kablosuz-kulaklik-kablosuz-kulaklik","8":"first","9":"instock","10":"purchasable","11":"product-type-simple","12":"entry","13":"content-bg","14":"loop-entry"},"_links":{"self":[{"href":"https:\/\/www.hediyepazar.com\/index.php?rest_route=\/wp\/v2\/product\/115869","targetHints":{"allow":["GET"]}}],"collection":[{"href":"https:\/\/www.hediyepazar.com\/index.php?rest_route=\/wp\/v2\/product"}],"about":[{"href":"https:\/\/www.hediyepazar.com\/index.php?rest_route=\/wp\/v2\/types\/product"}],"replies":[{"embeddable":true,"href":"https:\/\/www.hediyepazar.com\/index.php?rest_route=%2Fwp%2Fv2%2Fcomments&post=115869"}],"wp:featuredmedia":[{"embeddable":true,"href":"https:\/\/www.hediyepazar.com\/index.php?rest_route=\/wp\/v2\/media\/115868"}],"wp:attachment":[{"href":"https:\/\/www.hediyepazar.com\/index.php?rest_route=%2Fwp%2Fv2%2Fmedia&parent=115869"}],"wp:term":[{"taxonomy":"product_brand","embeddable":true,"href":"https:\/\/www.hediyepazar.com\/index.php?rest_route=%2Fwp%2Fv2%2Fproduct_brand&post=115869"},{"taxonomy":"product_cat","embeddable":true,"href":"https:\/\/www.hediyepazar.com\/index.php?rest_route=%2Fwp%2Fv2%2Fproduct_cat&post=115869"},{"taxonomy":"product_tag","embeddable":true,"href":"https:\/\/www.hediyepazar.com\/index.php?rest_route=%2Fwp%2Fv2%2Fproduct_tag&post=115869"}],"curies":[{"name":"wp","href":"https:\/\/api.w.org\/{rel}","templated":true}]}}