{"id":115873,"date":"2026-05-05T15:50:07","date_gmt":"2026-05-05T18:50:07","guid":{"rendered":"https:\/\/www.hediyepazar.com\/?product=kablosuz-gaming-kulaklik-gurultu-onleyici-mikrofonlu"},"modified":"2026-05-05T15:50:07","modified_gmt":"2026-05-05T18:50:07","slug":"kablosuz-gaming-kulaklik-gurultu-onleyici-mikrofonlu","status":"publish","type":"product","link":"https:\/\/www.hediyepazar.com\/?product=kablosuz-gaming-kulaklik-gurultu-onleyici-mikrofonlu","title":{"rendered":"Kablosuz Gaming Kulakl\u0131k G\u00fcr\u00fclt\u00fc \u00d6nleyici Mikrofonlu"},"content":{"rendered":"<p>Led \u0131\u015f\u0131kl\u0131 kablosuz gaming kulakl\u0131k, \u015f\u0131k tasar\u0131m\u0131 ve konforlu yap\u0131s\u0131yla \u00f6ne \u00e7\u0131kar. Bluetooth 5.0 ba\u011flant\u0131s\u0131 sayesinde d\u00fc\u015f\u00fck gecikme ve g\u00fc\u00e7l\u00fc performans sunar. G\u00fcr\u00fclt\u00fc azaltma teknolojisi telefon g\u00f6r\u00fc\u015fmelerini net hale getirir. IPX4 su ve toz direnci ile a\u00e7\u0131k hava ve spor aktivitelerinde kullan\u0131labilir. Manyetik kulakl\u0131k u\u00e7lar\u0131 sayesinde d\u00fc\u015fme riski ortadan kalkar. Uzun pil \u00f6mr\u00fc g\u00fcn boyu kesintisiz kullan\u0131m sa\u011flar. Ergonomik tasar\u0131m\u0131 kulaklara tam oturur. G\u00fc\u00e7l\u00fc bas ve net tizlerle kaliteli bir ses deneyimi ya\u015fat\u0131r. Oyun ve m\u00fczik keyfi i\u00e7in ideal se\u00e7imdir.<\/p>\n","protected":false},"excerpt":{"rendered":"<p>Led \u0131\u015f\u0131kl\u0131 kablosuz gaming kulakl\u0131k, \u015f\u0131k tasar\u0131m\u0131 ve konforlu yap\u0131s\u0131yla \u00f6ne \u00e7\u0131kar. Bluetooth 5.0 ba\u011flant\u0131s\u0131 sayesinde d\u00fc\u015f\u00fck gecikme ve g\u00fc\u00e7l\u00fc performans sunar. G\u00fcr\u00fclt\u00fc azaltma teknolojisi telefon g\u00f6r\u00fc\u015fmelerini net hale getirir. IPX4 su ve toz direnci ile a\u00e7\u0131k hava ve spor aktivitelerinde kullan\u0131labilir. Manyetik kulakl\u0131k u\u00e7lar\u0131 sayesinde d\u00fc\u015fme riski ortadan kalkar. Uzun pil \u00f6mr\u00fc g\u00fcn boyu&#8230;<\/p>\n","protected":false},"featured_media":115872,"comment_status":"open","ping_status":"closed","template":"","meta":{"_kad_post_transparent":"","_kad_post_title":"","_kad_post_layout":"","_kad_post_sidebar_id":"","_kad_post_content_style":"","_kad_post_vertical_padding":"","_kad_post_feature":"","_kad_post_feature_position":"","_kad_post_header":false,"_kad_post_footer":false,"_kad_post_classname":""},"product_brand":[],"product_cat":[14957],"product_tag":[],"class_list":{"0":"post-115873","1":"product","2":"type-product","3":"status-publish","4":"has-post-thumbnail","6":"product_cat-kablosuz-kulaklik-kablosuz-kulaklik","8":"first","9":"instock","10":"purchasable","11":"product-type-simple","12":"entry","13":"content-bg","14":"loop-entry"},"_links":{"self":[{"href":"https:\/\/www.hediyepazar.com\/index.php?rest_route=\/wp\/v2\/product\/115873","targetHints":{"allow":["GET"]}}],"collection":[{"href":"https:\/\/www.hediyepazar.com\/index.php?rest_route=\/wp\/v2\/product"}],"about":[{"href":"https:\/\/www.hediyepazar.com\/index.php?rest_route=\/wp\/v2\/types\/product"}],"replies":[{"embeddable":true,"href":"https:\/\/www.hediyepazar.com\/index.php?rest_route=%2Fwp%2Fv2%2Fcomments&post=115873"}],"wp:featuredmedia":[{"embeddable":true,"href":"https:\/\/www.hediyepazar.com\/index.php?rest_route=\/wp\/v2\/media\/115872"}],"wp:attachment":[{"href":"https:\/\/www.hediyepazar.com\/index.php?rest_route=%2Fwp%2Fv2%2Fmedia&parent=115873"}],"wp:term":[{"taxonomy":"product_brand","embeddable":true,"href":"https:\/\/www.hediyepazar.com\/index.php?rest_route=%2Fwp%2Fv2%2Fproduct_brand&post=115873"},{"taxonomy":"product_cat","embeddable":true,"href":"https:\/\/www.hediyepazar.com\/index.php?rest_route=%2Fwp%2Fv2%2Fproduct_cat&post=115873"},{"taxonomy":"product_tag","embeddable":true,"href":"https:\/\/www.hediyepazar.com\/index.php?rest_route=%2Fwp%2Fv2%2Fproduct_tag&post=115873"}],"curies":[{"name":"wp","href":"https:\/\/api.w.org\/{rel}","templated":true}]}}