{"id":115889,"date":"2026-05-05T15:51:22","date_gmt":"2026-05-05T18:51:22","guid":{"rendered":"https:\/\/www.hediyepazar.com\/?product=matkap-ucu-temizlik-fircasi-seti-ev-ve-arac-icin"},"modified":"2026-05-05T15:51:22","modified_gmt":"2026-05-05T18:51:22","slug":"matkap-ucu-temizlik-fircasi-seti-ev-ve-arac-icin","status":"publish","type":"product","link":"https:\/\/www.hediyepazar.com\/?product=matkap-ucu-temizlik-fircasi-seti-ev-ve-arac-icin","title":{"rendered":"Matkap Ucu Temizlik F\u0131r\u00e7as\u0131 Seti Ev ve Ara\u00e7 \u0130\u00e7in"},"content":{"rendered":"<p>Matkap ucu temizlik f\u0131r\u00e7as\u0131 seti, ev ve ara\u00e7 temizli\u011fi i\u00e7in pratik ve etkili \u00e7\u00f6z\u00fcmler sunar. 3 farkl\u0131 f\u0131r\u00e7a ba\u015fl\u0131\u011f\u0131 sayesinde farkl\u0131 y\u00fczeylerde g\u00fcvenle kullan\u0131labilir. Geni\u015f alanlarda, dar k\u00f6\u015felerde ve ula\u015f\u0131lmas\u0131 zor b\u00f6lgelerde \u00fcst\u00fcn performans g\u00f6sterir. Fayans, lavabo, k\u00fcvet, mutfak, hal\u0131 ve ara\u00e7 jantlar\u0131 i\u00e7in uygundur. Naylon k\u0131llar\u0131 \u00e7izilme yapmadan temizlik sa\u011flar. Dayan\u0131kl\u0131 yap\u0131s\u0131 ile uzun s\u00fcreli kullan\u0131m imkan\u0131 sunar. Matkap g\u00fcc\u00fc sayesinde zamandan tasarruf ettirir.&nbsp;<\/p>\n","protected":false},"excerpt":{"rendered":"<p>Matkap ucu temizlik f\u0131r\u00e7as\u0131 seti, ev ve ara\u00e7 temizli\u011fi i\u00e7in pratik ve etkili \u00e7\u00f6z\u00fcmler sunar. 3 farkl\u0131 f\u0131r\u00e7a ba\u015fl\u0131\u011f\u0131 sayesinde farkl\u0131 y\u00fczeylerde g\u00fcvenle kullan\u0131labilir. Geni\u015f alanlarda, dar k\u00f6\u015felerde ve ula\u015f\u0131lmas\u0131 zor b\u00f6lgelerde \u00fcst\u00fcn performans g\u00f6sterir. Fayans, lavabo, k\u00fcvet, mutfak, hal\u0131 ve ara\u00e7 jantlar\u0131 i\u00e7in uygundur. Naylon k\u0131llar\u0131 \u00e7izilme yapmadan temizlik sa\u011flar. Dayan\u0131kl\u0131 yap\u0131s\u0131 ile uzun&#8230;<\/p>\n","protected":false},"featured_media":115888,"comment_status":"open","ping_status":"closed","template":"","meta":{"_kad_post_transparent":"","_kad_post_title":"","_kad_post_layout":"","_kad_post_sidebar_id":"","_kad_post_content_style":"","_kad_post_vertical_padding":"","_kad_post_feature":"","_kad_post_feature_position":"","_kad_post_header":false,"_kad_post_footer":false,"_kad_post_classname":""},"product_brand":[],"product_cat":[15053],"product_tag":[],"class_list":{"0":"post-115889","1":"product","2":"type-product","3":"status-publish","4":"has-post-thumbnail","6":"product_cat-oto-bakim-seti-oto-bakim-seti-2","8":"first","9":"instock","10":"purchasable","11":"product-type-simple","12":"entry","13":"content-bg","14":"loop-entry"},"_links":{"self":[{"href":"https:\/\/www.hediyepazar.com\/index.php?rest_route=\/wp\/v2\/product\/115889","targetHints":{"allow":["GET"]}}],"collection":[{"href":"https:\/\/www.hediyepazar.com\/index.php?rest_route=\/wp\/v2\/product"}],"about":[{"href":"https:\/\/www.hediyepazar.com\/index.php?rest_route=\/wp\/v2\/types\/product"}],"replies":[{"embeddable":true,"href":"https:\/\/www.hediyepazar.com\/index.php?rest_route=%2Fwp%2Fv2%2Fcomments&post=115889"}],"wp:featuredmedia":[{"embeddable":true,"href":"https:\/\/www.hediyepazar.com\/index.php?rest_route=\/wp\/v2\/media\/115888"}],"wp:attachment":[{"href":"https:\/\/www.hediyepazar.com\/index.php?rest_route=%2Fwp%2Fv2%2Fmedia&parent=115889"}],"wp:term":[{"taxonomy":"product_brand","embeddable":true,"href":"https:\/\/www.hediyepazar.com\/index.php?rest_route=%2Fwp%2Fv2%2Fproduct_brand&post=115889"},{"taxonomy":"product_cat","embeddable":true,"href":"https:\/\/www.hediyepazar.com\/index.php?rest_route=%2Fwp%2Fv2%2Fproduct_cat&post=115889"},{"taxonomy":"product_tag","embeddable":true,"href":"https:\/\/www.hediyepazar.com\/index.php?rest_route=%2Fwp%2Fv2%2Fproduct_tag&post=115889"}],"curies":[{"name":"wp","href":"https:\/\/api.w.org\/{rel}","templated":true}]}}