{"id":115891,"date":"2026-05-05T15:51:59","date_gmt":"2026-05-05T18:51:59","guid":{"rendered":"https:\/\/www.hediyepazar.com\/?product=3lu-matkap-ucu-firca-takimi-zorlu-kirler-icin"},"modified":"2026-05-05T15:51:59","modified_gmt":"2026-05-05T18:51:59","slug":"3lu-matkap-ucu-firca-takimi-zorlu-kirler-icin","status":"publish","type":"product","link":"https:\/\/www.hediyepazar.com\/?product=3lu-matkap-ucu-firca-takimi-zorlu-kirler-icin","title":{"rendered":"3\u2019l\u00fc Matkap Ucu F\u0131r\u00e7a Tak\u0131m\u0131 Zorlu Kirler \u0130\u00e7in"},"content":{"rendered":"<p>Zorlu kir ve lekeleri \u00e7\u0131karmak art\u0131k \u00e7ok daha kolay. 3\u2019l\u00fc matkap ucu f\u0131r\u00e7a tak\u0131m\u0131, g\u00fc\u00e7l\u00fc temizlik performans\u0131 sunar. Elektrikli matkaplara uyumlu olan bu f\u0131r\u00e7alar, geni\u015f y\u00fczeylerden k\u00f6\u015fe ve dar alanlara kadar her yerde kullan\u0131labilir. Naylon k\u0131llar\u0131 y\u00fczeye zarar vermez ve uzun s\u00fcre dayan\u0131kl\u0131d\u0131r. Fayans, lavabo, k\u00fcvet, mutfak ve ara\u00e7 jantlar\u0131nda etkili temizlik sa\u011flar. H\u0131zl\u0131 ve pratik kullan\u0131m imkan\u0131yla g\u00fcnl\u00fck temizlikte b\u00fcy\u00fck kolayl\u0131k sunar.&nbsp;<\/p>\n","protected":false},"excerpt":{"rendered":"<p>Zorlu kir ve lekeleri \u00e7\u0131karmak art\u0131k \u00e7ok daha kolay. 3\u2019l\u00fc matkap ucu f\u0131r\u00e7a tak\u0131m\u0131, g\u00fc\u00e7l\u00fc temizlik performans\u0131 sunar. Elektrikli matkaplara uyumlu olan bu f\u0131r\u00e7alar, geni\u015f y\u00fczeylerden k\u00f6\u015fe ve dar alanlara kadar her yerde kullan\u0131labilir. Naylon k\u0131llar\u0131 y\u00fczeye zarar vermez ve uzun s\u00fcre dayan\u0131kl\u0131d\u0131r. Fayans, lavabo, k\u00fcvet, mutfak ve ara\u00e7 jantlar\u0131nda etkili temizlik sa\u011flar. H\u0131zl\u0131 ve&#8230;<\/p>\n","protected":false},"featured_media":115890,"comment_status":"open","ping_status":"closed","template":"","meta":{"_kad_post_transparent":"","_kad_post_title":"","_kad_post_layout":"","_kad_post_sidebar_id":"","_kad_post_content_style":"","_kad_post_vertical_padding":"","_kad_post_feature":"","_kad_post_feature_position":"","_kad_post_header":false,"_kad_post_footer":false,"_kad_post_classname":""},"product_brand":[],"product_cat":[15053],"product_tag":[],"class_list":{"0":"post-115891","1":"product","2":"type-product","3":"status-publish","4":"has-post-thumbnail","6":"product_cat-oto-bakim-seti-oto-bakim-seti-2","8":"first","9":"instock","10":"purchasable","11":"product-type-simple","12":"entry","13":"content-bg","14":"loop-entry"},"_links":{"self":[{"href":"https:\/\/www.hediyepazar.com\/index.php?rest_route=\/wp\/v2\/product\/115891","targetHints":{"allow":["GET"]}}],"collection":[{"href":"https:\/\/www.hediyepazar.com\/index.php?rest_route=\/wp\/v2\/product"}],"about":[{"href":"https:\/\/www.hediyepazar.com\/index.php?rest_route=\/wp\/v2\/types\/product"}],"replies":[{"embeddable":true,"href":"https:\/\/www.hediyepazar.com\/index.php?rest_route=%2Fwp%2Fv2%2Fcomments&post=115891"}],"wp:featuredmedia":[{"embeddable":true,"href":"https:\/\/www.hediyepazar.com\/index.php?rest_route=\/wp\/v2\/media\/115890"}],"wp:attachment":[{"href":"https:\/\/www.hediyepazar.com\/index.php?rest_route=%2Fwp%2Fv2%2Fmedia&parent=115891"}],"wp:term":[{"taxonomy":"product_brand","embeddable":true,"href":"https:\/\/www.hediyepazar.com\/index.php?rest_route=%2Fwp%2Fv2%2Fproduct_brand&post=115891"},{"taxonomy":"product_cat","embeddable":true,"href":"https:\/\/www.hediyepazar.com\/index.php?rest_route=%2Fwp%2Fv2%2Fproduct_cat&post=115891"},{"taxonomy":"product_tag","embeddable":true,"href":"https:\/\/www.hediyepazar.com\/index.php?rest_route=%2Fwp%2Fv2%2Fproduct_tag&post=115891"}],"curies":[{"name":"wp","href":"https:\/\/api.w.org\/{rel}","templated":true}]}}