{"id":115893,"date":"2026-05-05T15:52:05","date_gmt":"2026-05-05T18:52:05","guid":{"rendered":"https:\/\/www.hediyepazar.com\/?product=matkap-ucu-firca-seti-hali-fayans-zemin-temizligi"},"modified":"2026-05-05T15:52:05","modified_gmt":"2026-05-05T18:52:05","slug":"matkap-ucu-firca-seti-hali-fayans-zemin-temizligi","status":"publish","type":"product","link":"https:\/\/www.hediyepazar.com\/?product=matkap-ucu-firca-seti-hali-fayans-zemin-temizligi","title":{"rendered":"Matkap Ucu F\u0131r\u00e7a Seti Hal\u0131 Fayans Zemin Temizli\u011fi"},"content":{"rendered":"<p>Matkap ucu f\u0131r\u00e7a seti, hal\u0131, fayans ve zemin temizli\u011fi i\u00e7in g\u00fc\u00e7l\u00fc bir yard\u0131mc\u0131n\u0131zd\u0131r. 3 farkl\u0131 f\u0131r\u00e7a ba\u015fl\u0131\u011f\u0131 ile farkl\u0131 alanlarda kullan\u0131m imkan\u0131 sunar. D\u00fcz f\u0131r\u00e7a geni\u015f y\u00fczeylerde, yuvarlak f\u0131r\u00e7a k\u00f6\u015felerde, konik f\u0131r\u00e7a ise dar b\u00f6lgelerde etkilidir. Naylon k\u0131llar y\u00fczeyleri \u00e7izmeden temizler. Dayan\u0131kl\u0131 polipropilen liflerle \u00fcretilmi\u015ftir ve uzun \u00f6m\u00fcrl\u00fcd\u00fcr. Matkab\u0131n\u0131za kolayca takarak zahmetsiz ve h\u0131zl\u0131 bir \u015fekilde temizlik yapabilirsiniz.&nbsp;<\/p>\n","protected":false},"excerpt":{"rendered":"<p>Matkap ucu f\u0131r\u00e7a seti, hal\u0131, fayans ve zemin temizli\u011fi i\u00e7in g\u00fc\u00e7l\u00fc bir yard\u0131mc\u0131n\u0131zd\u0131r. 3 farkl\u0131 f\u0131r\u00e7a ba\u015fl\u0131\u011f\u0131 ile farkl\u0131 alanlarda kullan\u0131m imkan\u0131 sunar. D\u00fcz f\u0131r\u00e7a geni\u015f y\u00fczeylerde, yuvarlak f\u0131r\u00e7a k\u00f6\u015felerde, konik f\u0131r\u00e7a ise dar b\u00f6lgelerde etkilidir. Naylon k\u0131llar y\u00fczeyleri \u00e7izmeden temizler. Dayan\u0131kl\u0131 polipropilen liflerle \u00fcretilmi\u015ftir ve uzun \u00f6m\u00fcrl\u00fcd\u00fcr. Matkab\u0131n\u0131za kolayca takarak zahmetsiz ve h\u0131zl\u0131 bir&#8230;<\/p>\n","protected":false},"featured_media":115892,"comment_status":"open","ping_status":"closed","template":"","meta":{"_kad_post_transparent":"","_kad_post_title":"","_kad_post_layout":"","_kad_post_sidebar_id":"","_kad_post_content_style":"","_kad_post_vertical_padding":"","_kad_post_feature":"","_kad_post_feature_position":"","_kad_post_header":false,"_kad_post_footer":false,"_kad_post_classname":""},"product_brand":[],"product_cat":[15053],"product_tag":[],"class_list":{"0":"post-115893","1":"product","2":"type-product","3":"status-publish","4":"has-post-thumbnail","6":"product_cat-oto-bakim-seti-oto-bakim-seti-2","8":"first","9":"instock","10":"purchasable","11":"product-type-simple","12":"entry","13":"content-bg","14":"loop-entry"},"_links":{"self":[{"href":"https:\/\/www.hediyepazar.com\/index.php?rest_route=\/wp\/v2\/product\/115893","targetHints":{"allow":["GET"]}}],"collection":[{"href":"https:\/\/www.hediyepazar.com\/index.php?rest_route=\/wp\/v2\/product"}],"about":[{"href":"https:\/\/www.hediyepazar.com\/index.php?rest_route=\/wp\/v2\/types\/product"}],"replies":[{"embeddable":true,"href":"https:\/\/www.hediyepazar.com\/index.php?rest_route=%2Fwp%2Fv2%2Fcomments&post=115893"}],"wp:featuredmedia":[{"embeddable":true,"href":"https:\/\/www.hediyepazar.com\/index.php?rest_route=\/wp\/v2\/media\/115892"}],"wp:attachment":[{"href":"https:\/\/www.hediyepazar.com\/index.php?rest_route=%2Fwp%2Fv2%2Fmedia&parent=115893"}],"wp:term":[{"taxonomy":"product_brand","embeddable":true,"href":"https:\/\/www.hediyepazar.com\/index.php?rest_route=%2Fwp%2Fv2%2Fproduct_brand&post=115893"},{"taxonomy":"product_cat","embeddable":true,"href":"https:\/\/www.hediyepazar.com\/index.php?rest_route=%2Fwp%2Fv2%2Fproduct_cat&post=115893"},{"taxonomy":"product_tag","embeddable":true,"href":"https:\/\/www.hediyepazar.com\/index.php?rest_route=%2Fwp%2Fv2%2Fproduct_tag&post=115893"}],"curies":[{"name":"wp","href":"https:\/\/api.w.org\/{rel}","templated":true}]}}