{"id":115895,"date":"2026-05-05T15:52:10","date_gmt":"2026-05-05T18:52:10","guid":{"rendered":"https:\/\/www.hediyepazar.com\/?product=banyo-ve-mutfak-icin-matkap-ucu-temizlik-fircasi-3lu-set"},"modified":"2026-05-05T15:52:10","modified_gmt":"2026-05-05T18:52:10","slug":"banyo-ve-mutfak-icin-matkap-ucu-temizlik-fircasi-3lu-set","status":"publish","type":"product","link":"https:\/\/www.hediyepazar.com\/?product=banyo-ve-mutfak-icin-matkap-ucu-temizlik-fircasi-3lu-set","title":{"rendered":"Banyo ve Mutfak \u0130\u00e7in Matkap Ucu Temizlik F\u0131r\u00e7as\u0131 3\u2019l\u00fc Set"},"content":{"rendered":"<p>Banyo ve mutfak temizli\u011fi i\u00e7in \u00f6zel tasarlanm\u0131\u015f bu 3\u2019l\u00fc matkap ucu f\u0131r\u00e7a seti, zahmetsiz kullan\u0131m sunar. Elektrikli matkaplara kolayca tak\u0131larak \u00e7al\u0131\u015f\u0131r. Farkl\u0131 boyut ve \u015fekillerdeki f\u0131r\u00e7alar geni\u015f alanlardan dar k\u00f6\u015felere kadar her noktada etkilidir. Fayans, lavabo, k\u00fcvet, du\u015fakabin, mutfak zemini ve derz aralar\u0131nda \u00fcst\u00fcn performans g\u00f6sterir. Naylon k\u0131llar\u0131 \u00e7izilme yapmaz, uzun \u00f6m\u00fcrl\u00fc kullan\u0131m sa\u011flar. Profesyonel ve ev kullan\u0131m\u0131 i\u00e7in uygundur.&nbsp;<\/p>\n","protected":false},"excerpt":{"rendered":"<p>Banyo ve mutfak temizli\u011fi i\u00e7in \u00f6zel tasarlanm\u0131\u015f bu 3\u2019l\u00fc matkap ucu f\u0131r\u00e7a seti, zahmetsiz kullan\u0131m sunar. Elektrikli matkaplara kolayca tak\u0131larak \u00e7al\u0131\u015f\u0131r. Farkl\u0131 boyut ve \u015fekillerdeki f\u0131r\u00e7alar geni\u015f alanlardan dar k\u00f6\u015felere kadar her noktada etkilidir. Fayans, lavabo, k\u00fcvet, du\u015fakabin, mutfak zemini ve derz aralar\u0131nda \u00fcst\u00fcn performans g\u00f6sterir. Naylon k\u0131llar\u0131 \u00e7izilme yapmaz, uzun \u00f6m\u00fcrl\u00fc kullan\u0131m sa\u011flar. Profesyonel&#8230;<\/p>\n","protected":false},"featured_media":115894,"comment_status":"open","ping_status":"closed","template":"","meta":{"_kad_post_transparent":"","_kad_post_title":"","_kad_post_layout":"","_kad_post_sidebar_id":"","_kad_post_content_style":"","_kad_post_vertical_padding":"","_kad_post_feature":"","_kad_post_feature_position":"","_kad_post_header":false,"_kad_post_footer":false,"_kad_post_classname":""},"product_brand":[],"product_cat":[15053],"product_tag":[],"class_list":{"0":"post-115895","1":"product","2":"type-product","3":"status-publish","4":"has-post-thumbnail","6":"product_cat-oto-bakim-seti-oto-bakim-seti-2","8":"first","9":"instock","10":"purchasable","11":"product-type-simple","12":"entry","13":"content-bg","14":"loop-entry"},"_links":{"self":[{"href":"https:\/\/www.hediyepazar.com\/index.php?rest_route=\/wp\/v2\/product\/115895","targetHints":{"allow":["GET"]}}],"collection":[{"href":"https:\/\/www.hediyepazar.com\/index.php?rest_route=\/wp\/v2\/product"}],"about":[{"href":"https:\/\/www.hediyepazar.com\/index.php?rest_route=\/wp\/v2\/types\/product"}],"replies":[{"embeddable":true,"href":"https:\/\/www.hediyepazar.com\/index.php?rest_route=%2Fwp%2Fv2%2Fcomments&post=115895"}],"wp:featuredmedia":[{"embeddable":true,"href":"https:\/\/www.hediyepazar.com\/index.php?rest_route=\/wp\/v2\/media\/115894"}],"wp:attachment":[{"href":"https:\/\/www.hediyepazar.com\/index.php?rest_route=%2Fwp%2Fv2%2Fmedia&parent=115895"}],"wp:term":[{"taxonomy":"product_brand","embeddable":true,"href":"https:\/\/www.hediyepazar.com\/index.php?rest_route=%2Fwp%2Fv2%2Fproduct_brand&post=115895"},{"taxonomy":"product_cat","embeddable":true,"href":"https:\/\/www.hediyepazar.com\/index.php?rest_route=%2Fwp%2Fv2%2Fproduct_cat&post=115895"},{"taxonomy":"product_tag","embeddable":true,"href":"https:\/\/www.hediyepazar.com\/index.php?rest_route=%2Fwp%2Fv2%2Fproduct_tag&post=115895"}],"curies":[{"name":"wp","href":"https:\/\/api.w.org\/{rel}","templated":true}]}}