{"id":115897,"date":"2026-05-05T15:52:16","date_gmt":"2026-05-05T18:52:16","guid":{"rendered":"https:\/\/www.hediyepazar.com\/?product=matkap-uyumlu-temizlik-fircasi-seti-3lu-cok-amacli"},"modified":"2026-05-05T15:52:16","modified_gmt":"2026-05-05T18:52:16","slug":"matkap-uyumlu-temizlik-fircasi-seti-3lu-cok-amacli","status":"publish","type":"product","link":"https:\/\/www.hediyepazar.com\/?product=matkap-uyumlu-temizlik-fircasi-seti-3lu-cok-amacli","title":{"rendered":"Matkap Uyumlu Temizlik F\u0131r\u00e7as\u0131 Seti 3\u2019l\u00fc \u00c7ok Ama\u00e7l\u0131"},"content":{"rendered":"<p>Matkap uyumlu temizlik f\u0131r\u00e7as\u0131 seti ile g\u00fcnl\u00fck temizlik art\u0131k \u00e7ok daha kolay. \u00dc\u00e7 farkl\u0131 ba\u015fl\u0131k, farkl\u0131 alanlarda etkili sonu\u00e7 verir. Geni\u015f f\u0131r\u00e7a b\u00fcy\u00fck y\u00fczeylerde h\u0131z kazand\u0131r\u0131r, yuvarlak f\u0131r\u00e7a kenarlarda derin temizlik yapar, konik f\u0131r\u00e7a ise dar alanlarda etkilidir. Banyo, mutfak, fayans, zemin, hal\u0131 ve lavabo temizli\u011fi i\u00e7in idealdir. Naylon k\u0131llar \u00e7izilme yapmadan g\u00fcvenli kullan\u0131m sa\u011flar. Matkap g\u00fcc\u00fc ile birle\u015fti\u011finde zamandan tasarruf ettirir ve yorulmadan temizlik yapman\u0131za olanak tan\u0131r.&nbsp;<\/p>\n","protected":false},"excerpt":{"rendered":"<p>Matkap uyumlu temizlik f\u0131r\u00e7as\u0131 seti ile g\u00fcnl\u00fck temizlik art\u0131k \u00e7ok daha kolay. \u00dc\u00e7 farkl\u0131 ba\u015fl\u0131k, farkl\u0131 alanlarda etkili sonu\u00e7 verir. Geni\u015f f\u0131r\u00e7a b\u00fcy\u00fck y\u00fczeylerde h\u0131z kazand\u0131r\u0131r, yuvarlak f\u0131r\u00e7a kenarlarda derin temizlik yapar, konik f\u0131r\u00e7a ise dar alanlarda etkilidir. Banyo, mutfak, fayans, zemin, hal\u0131 ve lavabo temizli\u011fi i\u00e7in idealdir. Naylon k\u0131llar \u00e7izilme yapmadan g\u00fcvenli kullan\u0131m sa\u011flar&#8230;.<\/p>\n","protected":false},"featured_media":115896,"comment_status":"open","ping_status":"closed","template":"","meta":{"_kad_post_transparent":"","_kad_post_title":"","_kad_post_layout":"","_kad_post_sidebar_id":"","_kad_post_content_style":"","_kad_post_vertical_padding":"","_kad_post_feature":"","_kad_post_feature_position":"","_kad_post_header":false,"_kad_post_footer":false,"_kad_post_classname":""},"product_brand":[],"product_cat":[15053],"product_tag":[],"class_list":{"0":"post-115897","1":"product","2":"type-product","3":"status-publish","4":"has-post-thumbnail","6":"product_cat-oto-bakim-seti-oto-bakim-seti-2","8":"first","9":"instock","10":"purchasable","11":"product-type-simple","12":"entry","13":"content-bg","14":"loop-entry"},"_links":{"self":[{"href":"https:\/\/www.hediyepazar.com\/index.php?rest_route=\/wp\/v2\/product\/115897","targetHints":{"allow":["GET"]}}],"collection":[{"href":"https:\/\/www.hediyepazar.com\/index.php?rest_route=\/wp\/v2\/product"}],"about":[{"href":"https:\/\/www.hediyepazar.com\/index.php?rest_route=\/wp\/v2\/types\/product"}],"replies":[{"embeddable":true,"href":"https:\/\/www.hediyepazar.com\/index.php?rest_route=%2Fwp%2Fv2%2Fcomments&post=115897"}],"wp:featuredmedia":[{"embeddable":true,"href":"https:\/\/www.hediyepazar.com\/index.php?rest_route=\/wp\/v2\/media\/115896"}],"wp:attachment":[{"href":"https:\/\/www.hediyepazar.com\/index.php?rest_route=%2Fwp%2Fv2%2Fmedia&parent=115897"}],"wp:term":[{"taxonomy":"product_brand","embeddable":true,"href":"https:\/\/www.hediyepazar.com\/index.php?rest_route=%2Fwp%2Fv2%2Fproduct_brand&post=115897"},{"taxonomy":"product_cat","embeddable":true,"href":"https:\/\/www.hediyepazar.com\/index.php?rest_route=%2Fwp%2Fv2%2Fproduct_cat&post=115897"},{"taxonomy":"product_tag","embeddable":true,"href":"https:\/\/www.hediyepazar.com\/index.php?rest_route=%2Fwp%2Fv2%2Fproduct_tag&post=115897"}],"curies":[{"name":"wp","href":"https:\/\/api.w.org\/{rel}","templated":true}]}}