{"id":115903,"date":"2026-05-05T15:53:04","date_gmt":"2026-05-05T18:53:04","guid":{"rendered":"https:\/\/www.hediyepazar.com\/?product=profesyonel-matkap-ucu-temizlik-fircasi-3lu-set"},"modified":"2026-05-05T15:53:04","modified_gmt":"2026-05-05T18:53:04","slug":"profesyonel-matkap-ucu-temizlik-fircasi-3lu-set","status":"publish","type":"product","link":"https:\/\/www.hediyepazar.com\/?product=profesyonel-matkap-ucu-temizlik-fircasi-3lu-set","title":{"rendered":"Profesyonel Matkap Ucu Temizlik F\u0131r\u00e7as\u0131 3\u2019l\u00fc Set"},"content":{"rendered":"<p>Profesyonel temizlik i\u00e7in tasarlanan bu 3\u2019l\u00fc matkap f\u0131r\u00e7as\u0131 seti, g\u00fc\u00e7l\u00fc performans\u0131 ile zamandan tasarruf sa\u011flar. Elektrikli matkaplara kolayca tak\u0131l\u0131r ve zorlu lekeleri zahmetsizce \u00e7\u0131kar\u0131r. D\u00fcz, yuvarlak ve konik f\u0131r\u00e7a ba\u015fl\u0131klar\u0131 sayesinde t\u00fcm y\u00fczeylerde kullan\u0131labilir. Mutfak, banyo, fayans, derz aralar\u0131, k\u00fcvet, lavabo ve hal\u0131larda etkili sonu\u00e7 verir. Naylon k\u0131llar\u0131 \u00e7izilme yapmadan derin temizlik sa\u011flar. Ara\u00e7 temizli\u011fi ve sanayi kullan\u0131m\u0131 i\u00e7in de uygundur. Uzun \u00f6m\u00fcrl\u00fc dayan\u0131kl\u0131 yap\u0131s\u0131yla defalarca kullan\u0131labilir.&nbsp;<\/p>\n","protected":false},"excerpt":{"rendered":"<p>Profesyonel temizlik i\u00e7in tasarlanan bu 3\u2019l\u00fc matkap f\u0131r\u00e7as\u0131 seti, g\u00fc\u00e7l\u00fc performans\u0131 ile zamandan tasarruf sa\u011flar. Elektrikli matkaplara kolayca tak\u0131l\u0131r ve zorlu lekeleri zahmetsizce \u00e7\u0131kar\u0131r. D\u00fcz, yuvarlak ve konik f\u0131r\u00e7a ba\u015fl\u0131klar\u0131 sayesinde t\u00fcm y\u00fczeylerde kullan\u0131labilir. Mutfak, banyo, fayans, derz aralar\u0131, k\u00fcvet, lavabo ve hal\u0131larda etkili sonu\u00e7 verir. Naylon k\u0131llar\u0131 \u00e7izilme yapmadan derin temizlik sa\u011flar. Ara\u00e7 temizli\u011fi&#8230;<\/p>\n","protected":false},"featured_media":115902,"comment_status":"open","ping_status":"closed","template":"","meta":{"_kad_post_transparent":"","_kad_post_title":"","_kad_post_layout":"","_kad_post_sidebar_id":"","_kad_post_content_style":"","_kad_post_vertical_padding":"","_kad_post_feature":"","_kad_post_feature_position":"","_kad_post_header":false,"_kad_post_footer":false,"_kad_post_classname":""},"product_brand":[],"product_cat":[15053],"product_tag":[],"class_list":{"0":"post-115903","1":"product","2":"type-product","3":"status-publish","4":"has-post-thumbnail","6":"product_cat-oto-bakim-seti-oto-bakim-seti-2","8":"first","9":"instock","10":"purchasable","11":"product-type-simple","12":"entry","13":"content-bg","14":"loop-entry"},"_links":{"self":[{"href":"https:\/\/www.hediyepazar.com\/index.php?rest_route=\/wp\/v2\/product\/115903","targetHints":{"allow":["GET"]}}],"collection":[{"href":"https:\/\/www.hediyepazar.com\/index.php?rest_route=\/wp\/v2\/product"}],"about":[{"href":"https:\/\/www.hediyepazar.com\/index.php?rest_route=\/wp\/v2\/types\/product"}],"replies":[{"embeddable":true,"href":"https:\/\/www.hediyepazar.com\/index.php?rest_route=%2Fwp%2Fv2%2Fcomments&post=115903"}],"wp:featuredmedia":[{"embeddable":true,"href":"https:\/\/www.hediyepazar.com\/index.php?rest_route=\/wp\/v2\/media\/115902"}],"wp:attachment":[{"href":"https:\/\/www.hediyepazar.com\/index.php?rest_route=%2Fwp%2Fv2%2Fmedia&parent=115903"}],"wp:term":[{"taxonomy":"product_brand","embeddable":true,"href":"https:\/\/www.hediyepazar.com\/index.php?rest_route=%2Fwp%2Fv2%2Fproduct_brand&post=115903"},{"taxonomy":"product_cat","embeddable":true,"href":"https:\/\/www.hediyepazar.com\/index.php?rest_route=%2Fwp%2Fv2%2Fproduct_cat&post=115903"},{"taxonomy":"product_tag","embeddable":true,"href":"https:\/\/www.hediyepazar.com\/index.php?rest_route=%2Fwp%2Fv2%2Fproduct_tag&post=115903"}],"curies":[{"name":"wp","href":"https:\/\/api.w.org\/{rel}","templated":true}]}}