{"id":115905,"date":"2026-05-05T15:53:08","date_gmt":"2026-05-05T18:53:08","guid":{"rendered":"https:\/\/www.hediyepazar.com\/?product=matkap-ucu-temizlik-fircasi-seti-banyo-fayans-zemin-icin"},"modified":"2026-05-05T15:53:08","modified_gmt":"2026-05-05T18:53:08","slug":"matkap-ucu-temizlik-fircasi-seti-banyo-fayans-zemin-icin","status":"publish","type":"product","link":"https:\/\/www.hediyepazar.com\/?product=matkap-ucu-temizlik-fircasi-seti-banyo-fayans-zemin-icin","title":{"rendered":"Matkap Ucu Temizlik F\u0131r\u00e7as\u0131 Seti Banyo Fayans Zemin \u0130\u00e7in"},"content":{"rendered":"<p>Matkap ucu temizlik f\u0131r\u00e7as\u0131 seti ile evinizde, banyonuzda ve mutfa\u011f\u0131n\u0131zda hijyeni kolayca sa\u011flay\u0131n. 3 farkl\u0131 f\u0131r\u00e7a ba\u015fl\u0131\u011f\u0131 farkl\u0131 y\u00fczeylerde \u00fcst\u00fcn performans sunar. Geni\u015f f\u0131r\u00e7a b\u00fcy\u00fck alanlarda h\u0131zl\u0131 temizlik yaparken, yuvarlak f\u0131r\u00e7a k\u00f6\u015feleri derinlemesine temizler. Konik f\u0131r\u00e7a ula\u015f\u0131lmas\u0131 zor dar b\u00f6lgeler i\u00e7in idealdir. Hal\u0131lar, fayans aralar\u0131, lavabo, k\u00fcvet ve duvar karolar\u0131 i\u00e7in m\u00fckemmel \u00e7\u00f6z\u00fcmd\u00fcr. Naylon k\u0131llar sayesinde y\u00fczeylere zarar vermeden etkili sonu\u00e7 al\u0131n\u0131r. Matkap g\u00fcc\u00fc ile birle\u015fti\u011finde k\u0131sa s\u00fcrede daha az eforla tertemiz alanlar elde etmenizi sa\u011flar.&nbsp;<\/p>\n","protected":false},"excerpt":{"rendered":"<p>Matkap ucu temizlik f\u0131r\u00e7as\u0131 seti ile evinizde, banyonuzda ve mutfa\u011f\u0131n\u0131zda hijyeni kolayca sa\u011flay\u0131n. 3 farkl\u0131 f\u0131r\u00e7a ba\u015fl\u0131\u011f\u0131 farkl\u0131 y\u00fczeylerde \u00fcst\u00fcn performans sunar. Geni\u015f f\u0131r\u00e7a b\u00fcy\u00fck alanlarda h\u0131zl\u0131 temizlik yaparken, yuvarlak f\u0131r\u00e7a k\u00f6\u015feleri derinlemesine temizler. Konik f\u0131r\u00e7a ula\u015f\u0131lmas\u0131 zor dar b\u00f6lgeler i\u00e7in idealdir. Hal\u0131lar, fayans aralar\u0131, lavabo, k\u00fcvet ve duvar karolar\u0131 i\u00e7in m\u00fckemmel \u00e7\u00f6z\u00fcmd\u00fcr. Naylon k\u0131llar&#8230;<\/p>\n","protected":false},"featured_media":115904,"comment_status":"open","ping_status":"closed","template":"","meta":{"_kad_post_transparent":"","_kad_post_title":"","_kad_post_layout":"","_kad_post_sidebar_id":"","_kad_post_content_style":"","_kad_post_vertical_padding":"","_kad_post_feature":"","_kad_post_feature_position":"","_kad_post_header":false,"_kad_post_footer":false,"_kad_post_classname":""},"product_brand":[],"product_cat":[15053],"product_tag":[],"class_list":{"0":"post-115905","1":"product","2":"type-product","3":"status-publish","4":"has-post-thumbnail","6":"product_cat-oto-bakim-seti-oto-bakim-seti-2","8":"first","9":"instock","10":"purchasable","11":"product-type-simple","12":"entry","13":"content-bg","14":"loop-entry"},"_links":{"self":[{"href":"https:\/\/www.hediyepazar.com\/index.php?rest_route=\/wp\/v2\/product\/115905","targetHints":{"allow":["GET"]}}],"collection":[{"href":"https:\/\/www.hediyepazar.com\/index.php?rest_route=\/wp\/v2\/product"}],"about":[{"href":"https:\/\/www.hediyepazar.com\/index.php?rest_route=\/wp\/v2\/types\/product"}],"replies":[{"embeddable":true,"href":"https:\/\/www.hediyepazar.com\/index.php?rest_route=%2Fwp%2Fv2%2Fcomments&post=115905"}],"wp:featuredmedia":[{"embeddable":true,"href":"https:\/\/www.hediyepazar.com\/index.php?rest_route=\/wp\/v2\/media\/115904"}],"wp:attachment":[{"href":"https:\/\/www.hediyepazar.com\/index.php?rest_route=%2Fwp%2Fv2%2Fmedia&parent=115905"}],"wp:term":[{"taxonomy":"product_brand","embeddable":true,"href":"https:\/\/www.hediyepazar.com\/index.php?rest_route=%2Fwp%2Fv2%2Fproduct_brand&post=115905"},{"taxonomy":"product_cat","embeddable":true,"href":"https:\/\/www.hediyepazar.com\/index.php?rest_route=%2Fwp%2Fv2%2Fproduct_cat&post=115905"},{"taxonomy":"product_tag","embeddable":true,"href":"https:\/\/www.hediyepazar.com\/index.php?rest_route=%2Fwp%2Fv2%2Fproduct_tag&post=115905"}],"curies":[{"name":"wp","href":"https:\/\/api.w.org\/{rel}","templated":true}]}}