{"id":115907,"date":"2026-05-05T15:53:15","date_gmt":"2026-05-05T18:53:15","guid":{"rendered":"https:\/\/www.hediyepazar.com\/?product=3lu-matkap-ucu-temizlik-fircasi-seti-cok-amacli"},"modified":"2026-05-05T15:53:15","modified_gmt":"2026-05-05T18:53:15","slug":"3lu-matkap-ucu-temizlik-fircasi-seti-cok-amacli","status":"publish","type":"product","link":"https:\/\/www.hediyepazar.com\/?product=3lu-matkap-ucu-temizlik-fircasi-seti-cok-amacli","title":{"rendered":"3\u2019l\u00fc Matkap Ucu Temizlik F\u0131r\u00e7as\u0131 Seti \u00c7ok Ama\u00e7l\u0131"},"content":{"rendered":"<p>Bu 3\u2019l\u00fc matkap ucu temizlik f\u0131r\u00e7as\u0131 seti, zorlu kir ve lekeleri kolayca \u00e7\u0131karman\u0131z i\u00e7in tasarlanm\u0131\u015ft\u0131r. Elektrikli veya \u015farjl\u0131 matkaplara tak\u0131larak kullan\u0131labilen f\u0131r\u00e7alar, g\u00fc\u00e7l\u00fc temizlik performans\u0131 sa\u011flar. D\u00fcz f\u0131r\u00e7a geni\u015f y\u00fczeylerde, yuvarlak f\u0131r\u00e7a k\u00f6\u015fe ve kenarlarda, konik f\u0131r\u00e7a ise dar alanlarda etkilidir. Banyo, mutfak, fayans, lavabo, k\u00fcvet, hal\u0131, zemin ve hatta ara\u00e7 jantlar\u0131nda kullan\u0131labilir. Naylon k\u0131llar\u0131 y\u00fczeye zarar vermez, \u00e7izilme riski olmadan derinlemesine temizlik yapar. Dayan\u0131kl\u0131 yap\u0131s\u0131 sayesinde uzun s\u00fcreli kullan\u0131m sa\u011flar. Zaman kazand\u0131r\u0131r ve yorulmadan profesyonel temizlik elde etmenizi sa\u011flar.&nbsp;<\/p>\n","protected":false},"excerpt":{"rendered":"<p>Bu 3\u2019l\u00fc matkap ucu temizlik f\u0131r\u00e7as\u0131 seti, zorlu kir ve lekeleri kolayca \u00e7\u0131karman\u0131z i\u00e7in tasarlanm\u0131\u015ft\u0131r. Elektrikli veya \u015farjl\u0131 matkaplara tak\u0131larak kullan\u0131labilen f\u0131r\u00e7alar, g\u00fc\u00e7l\u00fc temizlik performans\u0131 sa\u011flar. D\u00fcz f\u0131r\u00e7a geni\u015f y\u00fczeylerde, yuvarlak f\u0131r\u00e7a k\u00f6\u015fe ve kenarlarda, konik f\u0131r\u00e7a ise dar alanlarda etkilidir. Banyo, mutfak, fayans, lavabo, k\u00fcvet, hal\u0131, zemin ve hatta ara\u00e7 jantlar\u0131nda kullan\u0131labilir. Naylon k\u0131llar\u0131&#8230;<\/p>\n","protected":false},"featured_media":115906,"comment_status":"open","ping_status":"closed","template":"","meta":{"_kad_post_transparent":"","_kad_post_title":"","_kad_post_layout":"","_kad_post_sidebar_id":"","_kad_post_content_style":"","_kad_post_vertical_padding":"","_kad_post_feature":"","_kad_post_feature_position":"","_kad_post_header":false,"_kad_post_footer":false,"_kad_post_classname":""},"product_brand":[],"product_cat":[15053],"product_tag":[],"class_list":{"0":"post-115907","1":"product","2":"type-product","3":"status-publish","4":"has-post-thumbnail","6":"product_cat-oto-bakim-seti-oto-bakim-seti-2","8":"first","9":"instock","10":"purchasable","11":"product-type-simple","12":"entry","13":"content-bg","14":"loop-entry"},"_links":{"self":[{"href":"https:\/\/www.hediyepazar.com\/index.php?rest_route=\/wp\/v2\/product\/115907","targetHints":{"allow":["GET"]}}],"collection":[{"href":"https:\/\/www.hediyepazar.com\/index.php?rest_route=\/wp\/v2\/product"}],"about":[{"href":"https:\/\/www.hediyepazar.com\/index.php?rest_route=\/wp\/v2\/types\/product"}],"replies":[{"embeddable":true,"href":"https:\/\/www.hediyepazar.com\/index.php?rest_route=%2Fwp%2Fv2%2Fcomments&post=115907"}],"wp:featuredmedia":[{"embeddable":true,"href":"https:\/\/www.hediyepazar.com\/index.php?rest_route=\/wp\/v2\/media\/115906"}],"wp:attachment":[{"href":"https:\/\/www.hediyepazar.com\/index.php?rest_route=%2Fwp%2Fv2%2Fmedia&parent=115907"}],"wp:term":[{"taxonomy":"product_brand","embeddable":true,"href":"https:\/\/www.hediyepazar.com\/index.php?rest_route=%2Fwp%2Fv2%2Fproduct_brand&post=115907"},{"taxonomy":"product_cat","embeddable":true,"href":"https:\/\/www.hediyepazar.com\/index.php?rest_route=%2Fwp%2Fv2%2Fproduct_cat&post=115907"},{"taxonomy":"product_tag","embeddable":true,"href":"https:\/\/www.hediyepazar.com\/index.php?rest_route=%2Fwp%2Fv2%2Fproduct_tag&post=115907"}],"curies":[{"name":"wp","href":"https:\/\/api.w.org\/{rel}","templated":true}]}}