{"id":115909,"date":"2026-05-05T15:53:19","date_gmt":"2026-05-05T18:53:19","guid":{"rendered":"https:\/\/www.hediyepazar.com\/?product=ekonomik-alarm-disk-kilidi-motosiklet-scooter-bisiklet-guvenlik"},"modified":"2026-05-05T15:53:19","modified_gmt":"2026-05-05T18:53:19","slug":"ekonomik-alarm-disk-kilidi-motosiklet-scooter-bisiklet-guvenlik","status":"publish","type":"product","link":"https:\/\/www.hediyepazar.com\/?product=ekonomik-alarm-disk-kilidi-motosiklet-scooter-bisiklet-guvenlik","title":{"rendered":"Ekonomik Alarm Disk Kilidi Motosiklet Scooter Bisiklet G\u00fcvenlik"},"content":{"rendered":"<p>Ekonomik fiyat\u0131yla dikkat \u00e7eken alarm disk kilidi, motosiklet ve bisiklet sahipleri i\u00e7in g\u00fcvenilir bir \u00e7\u00f6z\u00fcm sunar. Disk frene tak\u0131larak tekerlek hareketini engeller ve \u015fok sens\u00f6r\u00fc sayesinde titre\u015fim alg\u0131land\u0131\u011f\u0131nda g\u00fc\u00e7l\u00fc alarm devreye girer. 110 dB seviyesindeki bu ses olas\u0131 h\u0131rs\u0131zl\u0131k giri\u015fimlerini engeller. Y\u00fcksek kaliteli metal g\u00f6vdesi darbelere kar\u015f\u0131 dayan\u0131kl\u0131d\u0131r. Su ge\u00e7irmez ve paslanmaz yap\u0131s\u0131 ile d\u0131\u015f mekan kullan\u0131m\u0131na uygundur. Kilitleme i\u015flemi kolayd\u0131r; sadece silindire basarak g\u00fcvenli\u011fi sa\u011flayabilirsiniz. Kompakt ve ta\u015f\u0131nabilir tasar\u0131m\u0131 sayesinde yan\u0131n\u0131zda kolayca ta\u015f\u0131yabilirsiniz. Paket i\u00e7eri\u011finde disk kilidi ve 2 anahtar bulunur.<\/p>\n","protected":false},"excerpt":{"rendered":"<p>Ekonomik fiyat\u0131yla dikkat \u00e7eken alarm disk kilidi, motosiklet ve bisiklet sahipleri i\u00e7in g\u00fcvenilir bir \u00e7\u00f6z\u00fcm sunar. Disk frene tak\u0131larak tekerlek hareketini engeller ve \u015fok sens\u00f6r\u00fc sayesinde titre\u015fim alg\u0131land\u0131\u011f\u0131nda g\u00fc\u00e7l\u00fc alarm devreye girer. 110 dB seviyesindeki bu ses olas\u0131 h\u0131rs\u0131zl\u0131k giri\u015fimlerini engeller. Y\u00fcksek kaliteli metal g\u00f6vdesi darbelere kar\u015f\u0131 dayan\u0131kl\u0131d\u0131r. Su ge\u00e7irmez ve paslanmaz yap\u0131s\u0131 ile d\u0131\u015f&#8230;<\/p>\n","protected":false},"featured_media":115908,"comment_status":"open","ping_status":"closed","template":"","meta":{"_kad_post_transparent":"","_kad_post_title":"","_kad_post_layout":"","_kad_post_sidebar_id":"","_kad_post_content_style":"","_kad_post_vertical_padding":"","_kad_post_feature":"","_kad_post_feature_position":"","_kad_post_header":false,"_kad_post_footer":false,"_kad_post_classname":""},"product_brand":[],"product_cat":[14985],"product_tag":[],"class_list":{"0":"post-115909","1":"product","2":"type-product","3":"status-publish","4":"has-post-thumbnail","6":"product_cat-akilli-guvenlik-urunu-akilli-guvenlik-urunu","8":"first","9":"instock","10":"purchasable","11":"product-type-simple","12":"entry","13":"content-bg","14":"loop-entry"},"_links":{"self":[{"href":"https:\/\/www.hediyepazar.com\/index.php?rest_route=\/wp\/v2\/product\/115909","targetHints":{"allow":["GET"]}}],"collection":[{"href":"https:\/\/www.hediyepazar.com\/index.php?rest_route=\/wp\/v2\/product"}],"about":[{"href":"https:\/\/www.hediyepazar.com\/index.php?rest_route=\/wp\/v2\/types\/product"}],"replies":[{"embeddable":true,"href":"https:\/\/www.hediyepazar.com\/index.php?rest_route=%2Fwp%2Fv2%2Fcomments&post=115909"}],"wp:featuredmedia":[{"embeddable":true,"href":"https:\/\/www.hediyepazar.com\/index.php?rest_route=\/wp\/v2\/media\/115908"}],"wp:attachment":[{"href":"https:\/\/www.hediyepazar.com\/index.php?rest_route=%2Fwp%2Fv2%2Fmedia&parent=115909"}],"wp:term":[{"taxonomy":"product_brand","embeddable":true,"href":"https:\/\/www.hediyepazar.com\/index.php?rest_route=%2Fwp%2Fv2%2Fproduct_brand&post=115909"},{"taxonomy":"product_cat","embeddable":true,"href":"https:\/\/www.hediyepazar.com\/index.php?rest_route=%2Fwp%2Fv2%2Fproduct_cat&post=115909"},{"taxonomy":"product_tag","embeddable":true,"href":"https:\/\/www.hediyepazar.com\/index.php?rest_route=%2Fwp%2Fv2%2Fproduct_tag&post=115909"}],"curies":[{"name":"wp","href":"https:\/\/api.w.org\/{rel}","templated":true}]}}