{"id":115911,"date":"2026-05-05T15:54:56","date_gmt":"2026-05-05T18:54:56","guid":{"rendered":"https:\/\/www.hediyepazar.com\/?product=tasinabilir-alarm-disk-kilidi-motosiklet-scooter-bisiklet-guvenlik"},"modified":"2026-05-05T15:54:56","modified_gmt":"2026-05-05T18:54:56","slug":"tasinabilir-alarm-disk-kilidi-motosiklet-scooter-bisiklet-guvenlik","status":"publish","type":"product","link":"https:\/\/www.hediyepazar.com\/?product=tasinabilir-alarm-disk-kilidi-motosiklet-scooter-bisiklet-guvenlik","title":{"rendered":"Ta\u015f\u0131nabilir Alarm Disk Kilidi Motosiklet Scooter Bisiklet G\u00fcvenlik"},"content":{"rendered":"<p>Ta\u015f\u0131nabilir alarm disk kilidi, kompakt boyutu sayesinde her yere kolayca ta\u015f\u0131nabilir ve g\u00fcvenli\u011fi her zaman yan\u0131n\u0131zda bulundurman\u0131z\u0131 sa\u011flar. Motosiklet, scooter ve bisikletlerin disk freni \u00fczerine monte edilerek kullan\u0131l\u0131r. Arac\u0131n hareket etmesini engelleyerek g\u00fcvenlik sa\u011flar. \u015eok sens\u00f6r\u00fc darbe alg\u0131lad\u0131\u011f\u0131nda g\u00fc\u00e7l\u00fc 110 dB alarm devreye girer. Bu ses hem h\u0131rs\u0131zlar\u0131 cayd\u0131r\u0131r hem de \u00e7evredeki ki\u015filerin dikkatini \u00e7eker. Y\u00fcksek kaliteli metal g\u00f6vdesi sa\u011flamd\u0131r ve uzun \u00f6m\u00fcrl\u00fc kullan\u0131m sunar. Suya ve paslanmaya dayan\u0131kl\u0131 yap\u0131s\u0131 sayesinde her hava ko\u015fulunda g\u00fcvenle kullan\u0131labilir. Kullan\u0131m\u0131 kolayd\u0131r; silindire basarak kilitleyebilirsiniz. Paket i\u00e7eri\u011finde fren kilidi ve 2 adet anahtar bulunur.<\/p>\n","protected":false},"excerpt":{"rendered":"<p>Ta\u015f\u0131nabilir alarm disk kilidi, kompakt boyutu sayesinde her yere kolayca ta\u015f\u0131nabilir ve g\u00fcvenli\u011fi her zaman yan\u0131n\u0131zda bulundurman\u0131z\u0131 sa\u011flar. Motosiklet, scooter ve bisikletlerin disk freni \u00fczerine monte edilerek kullan\u0131l\u0131r. Arac\u0131n hareket etmesini engelleyerek g\u00fcvenlik sa\u011flar. \u015eok sens\u00f6r\u00fc darbe alg\u0131lad\u0131\u011f\u0131nda g\u00fc\u00e7l\u00fc 110 dB alarm devreye girer. Bu ses hem h\u0131rs\u0131zlar\u0131 cayd\u0131r\u0131r hem de \u00e7evredeki ki\u015filerin dikkatini \u00e7eker&#8230;.<\/p>\n","protected":false},"featured_media":115910,"comment_status":"open","ping_status":"closed","template":"","meta":{"_kad_post_transparent":"","_kad_post_title":"","_kad_post_layout":"","_kad_post_sidebar_id":"","_kad_post_content_style":"","_kad_post_vertical_padding":"","_kad_post_feature":"","_kad_post_feature_position":"","_kad_post_header":false,"_kad_post_footer":false,"_kad_post_classname":""},"product_brand":[],"product_cat":[14985],"product_tag":[],"class_list":{"0":"post-115911","1":"product","2":"type-product","3":"status-publish","4":"has-post-thumbnail","6":"product_cat-akilli-guvenlik-urunu-akilli-guvenlik-urunu","8":"first","9":"instock","10":"purchasable","11":"product-type-simple","12":"entry","13":"content-bg","14":"loop-entry"},"_links":{"self":[{"href":"https:\/\/www.hediyepazar.com\/index.php?rest_route=\/wp\/v2\/product\/115911","targetHints":{"allow":["GET"]}}],"collection":[{"href":"https:\/\/www.hediyepazar.com\/index.php?rest_route=\/wp\/v2\/product"}],"about":[{"href":"https:\/\/www.hediyepazar.com\/index.php?rest_route=\/wp\/v2\/types\/product"}],"replies":[{"embeddable":true,"href":"https:\/\/www.hediyepazar.com\/index.php?rest_route=%2Fwp%2Fv2%2Fcomments&post=115911"}],"wp:featuredmedia":[{"embeddable":true,"href":"https:\/\/www.hediyepazar.com\/index.php?rest_route=\/wp\/v2\/media\/115910"}],"wp:attachment":[{"href":"https:\/\/www.hediyepazar.com\/index.php?rest_route=%2Fwp%2Fv2%2Fmedia&parent=115911"}],"wp:term":[{"taxonomy":"product_brand","embeddable":true,"href":"https:\/\/www.hediyepazar.com\/index.php?rest_route=%2Fwp%2Fv2%2Fproduct_brand&post=115911"},{"taxonomy":"product_cat","embeddable":true,"href":"https:\/\/www.hediyepazar.com\/index.php?rest_route=%2Fwp%2Fv2%2Fproduct_cat&post=115911"},{"taxonomy":"product_tag","embeddable":true,"href":"https:\/\/www.hediyepazar.com\/index.php?rest_route=%2Fwp%2Fv2%2Fproduct_tag&post=115911"}],"curies":[{"name":"wp","href":"https:\/\/api.w.org\/{rel}","templated":true}]}}