{"id":115913,"date":"2026-05-05T15:55:01","date_gmt":"2026-05-05T18:55:01","guid":{"rendered":"https:\/\/www.hediyepazar.com\/?product=su-gecirmez-alarm-disk-kilidi-motosiklet-scooter-bisiklet-guvenlik"},"modified":"2026-05-05T15:55:01","modified_gmt":"2026-05-05T18:55:01","slug":"su-gecirmez-alarm-disk-kilidi-motosiklet-scooter-bisiklet-guvenlik","status":"publish","type":"product","link":"https:\/\/www.hediyepazar.com\/?product=su-gecirmez-alarm-disk-kilidi-motosiklet-scooter-bisiklet-guvenlik","title":{"rendered":"Su Ge\u00e7irmez Alarm Disk Kilidi Motosiklet Scooter Bisiklet G\u00fcvenlik"},"content":{"rendered":"<p>Su ge\u00e7irmez alarm disk kilidi, her t\u00fcrl\u00fc hava ko\u015fulunda g\u00fcvenli kullan\u0131m i\u00e7in tasarlanm\u0131\u015ft\u0131r. Y\u00fcksek kaliteli metal g\u00f6vdesi dayan\u0131kl\u0131 ve paslanmazd\u0131r. Disk frene tak\u0131ld\u0131\u011f\u0131nda tekerle\u011fin hareketini engelleyerek arac\u0131n\u0131z\u0131 korur. \u015eok sens\u00f6r\u00fc sayesinde herhangi bir darbe alg\u0131land\u0131\u011f\u0131nda alarm devreye girer. 110 dB g\u00fcc\u00fcndeki y\u00fcksek sesli alarm, olas\u0131 h\u0131rs\u0131zl\u0131k giri\u015fimlerini cayd\u0131r\u0131r. Kullan\u0131m\u0131 basit ve pratiktir; sadece kilit silindirine basarak devreye alabilirsiniz. Alarm \u00f6nce k\u0131sa bir uyar\u0131 sesi verir, ard\u0131ndan titre\u015fim devam ederse g\u00fc\u00e7l\u00fc alarm \u00e7almaya ba\u015flar. Kompakt yap\u0131s\u0131 ile kolayca ta\u015f\u0131nabilir. Paket i\u00e7eri\u011finde fren kilidi ve 2 adet anahtar bulunur. Motosiklet, scooter ve bisikletler i\u00e7in uygundur.<\/p>\n","protected":false},"excerpt":{"rendered":"<p>Su ge\u00e7irmez alarm disk kilidi, her t\u00fcrl\u00fc hava ko\u015fulunda g\u00fcvenli kullan\u0131m i\u00e7in tasarlanm\u0131\u015ft\u0131r. Y\u00fcksek kaliteli metal g\u00f6vdesi dayan\u0131kl\u0131 ve paslanmazd\u0131r. Disk frene tak\u0131ld\u0131\u011f\u0131nda tekerle\u011fin hareketini engelleyerek arac\u0131n\u0131z\u0131 korur. \u015eok sens\u00f6r\u00fc sayesinde herhangi bir darbe alg\u0131land\u0131\u011f\u0131nda alarm devreye girer. 110 dB g\u00fcc\u00fcndeki y\u00fcksek sesli alarm, olas\u0131 h\u0131rs\u0131zl\u0131k giri\u015fimlerini cayd\u0131r\u0131r. Kullan\u0131m\u0131 basit ve pratiktir; sadece kilit silindirine&#8230;<\/p>\n","protected":false},"featured_media":115912,"comment_status":"open","ping_status":"closed","template":"","meta":{"_kad_post_transparent":"","_kad_post_title":"","_kad_post_layout":"","_kad_post_sidebar_id":"","_kad_post_content_style":"","_kad_post_vertical_padding":"","_kad_post_feature":"","_kad_post_feature_position":"","_kad_post_header":false,"_kad_post_footer":false,"_kad_post_classname":""},"product_brand":[],"product_cat":[14985],"product_tag":[],"class_list":{"0":"post-115913","1":"product","2":"type-product","3":"status-publish","4":"has-post-thumbnail","6":"product_cat-akilli-guvenlik-urunu-akilli-guvenlik-urunu","8":"first","9":"instock","10":"purchasable","11":"product-type-simple","12":"entry","13":"content-bg","14":"loop-entry"},"_links":{"self":[{"href":"https:\/\/www.hediyepazar.com\/index.php?rest_route=\/wp\/v2\/product\/115913","targetHints":{"allow":["GET"]}}],"collection":[{"href":"https:\/\/www.hediyepazar.com\/index.php?rest_route=\/wp\/v2\/product"}],"about":[{"href":"https:\/\/www.hediyepazar.com\/index.php?rest_route=\/wp\/v2\/types\/product"}],"replies":[{"embeddable":true,"href":"https:\/\/www.hediyepazar.com\/index.php?rest_route=%2Fwp%2Fv2%2Fcomments&post=115913"}],"wp:featuredmedia":[{"embeddable":true,"href":"https:\/\/www.hediyepazar.com\/index.php?rest_route=\/wp\/v2\/media\/115912"}],"wp:attachment":[{"href":"https:\/\/www.hediyepazar.com\/index.php?rest_route=%2Fwp%2Fv2%2Fmedia&parent=115913"}],"wp:term":[{"taxonomy":"product_brand","embeddable":true,"href":"https:\/\/www.hediyepazar.com\/index.php?rest_route=%2Fwp%2Fv2%2Fproduct_brand&post=115913"},{"taxonomy":"product_cat","embeddable":true,"href":"https:\/\/www.hediyepazar.com\/index.php?rest_route=%2Fwp%2Fv2%2Fproduct_cat&post=115913"},{"taxonomy":"product_tag","embeddable":true,"href":"https:\/\/www.hediyepazar.com\/index.php?rest_route=%2Fwp%2Fv2%2Fproduct_tag&post=115913"}],"curies":[{"name":"wp","href":"https:\/\/api.w.org\/{rel}","templated":true}]}}