{"id":115917,"date":"2026-05-05T15:55:12","date_gmt":"2026-05-05T18:55:12","guid":{"rendered":"https:\/\/www.hediyepazar.com\/?product=alarm-disk-fren-kilidi-paslanmaz-celik-motosiklet-scooter-bisiklet"},"modified":"2026-05-05T15:55:12","modified_gmt":"2026-05-05T18:55:12","slug":"alarm-disk-fren-kilidi-paslanmaz-celik-motosiklet-scooter-bisiklet","status":"publish","type":"product","link":"https:\/\/www.hediyepazar.com\/?product=alarm-disk-fren-kilidi-paslanmaz-celik-motosiklet-scooter-bisiklet","title":{"rendered":"Alarm Disk Fren Kilidi Paslanmaz \u00c7elik Motosiklet Scooter Bisiklet"},"content":{"rendered":"<p>Paslanmaz \u00e7elik alarm disk fren kilidi, ara\u00e7 g\u00fcvenli\u011fini \u00fcst seviyeye ta\u015f\u0131r. Motosiklet, scooter ve bisiklet i\u00e7in uygundur. Kilit, disk frene tak\u0131ld\u0131\u011f\u0131nda tekerlek hareketini engeller ve arac\u0131n \u00e7al\u0131nmas\u0131n\u0131 zorla\u015ft\u0131r\u0131r. \u015eok sens\u00f6r\u00fc sayesinde herhangi bir darbe alg\u0131land\u0131\u011f\u0131nda 110 dB alarm devreye girer. Kullan\u0131m\u0131 pratik ve h\u0131zl\u0131d\u0131r; sadece silindire basarak kilitleyebilirsiniz. Alarm ilk a\u015famada k\u0131sa bir uyar\u0131 sesi \u00e7\u0131kar\u0131r, ard\u0131ndan devam eden titre\u015fimlerde s\u00fcrekli olarak \u00e7alar. Su ge\u00e7irmez ve paslanmaz \u00f6zelli\u011fi ile d\u0131\u015f mekanda her t\u00fcrl\u00fc hava ko\u015fuluna dayan\u0131kl\u0131d\u0131r. Ekonomik ve g\u00fcvenli \u00e7\u00f6z\u00fcm sunan bu \u00fcr\u00fcn, hafif yap\u0131s\u0131 sayesinde kolayca ta\u015f\u0131nabilir. Paket i\u00e7eri\u011finde 1 adet fren kilidi ve 2 anahtar yer al\u0131r.<\/p>\n","protected":false},"excerpt":{"rendered":"<p>Paslanmaz \u00e7elik alarm disk fren kilidi, ara\u00e7 g\u00fcvenli\u011fini \u00fcst seviyeye ta\u015f\u0131r. Motosiklet, scooter ve bisiklet i\u00e7in uygundur. Kilit, disk frene tak\u0131ld\u0131\u011f\u0131nda tekerlek hareketini engeller ve arac\u0131n \u00e7al\u0131nmas\u0131n\u0131 zorla\u015ft\u0131r\u0131r. \u015eok sens\u00f6r\u00fc sayesinde herhangi bir darbe alg\u0131land\u0131\u011f\u0131nda 110 dB alarm devreye girer. Kullan\u0131m\u0131 pratik ve h\u0131zl\u0131d\u0131r; sadece silindire basarak kilitleyebilirsiniz. Alarm ilk a\u015famada k\u0131sa bir uyar\u0131 sesi&#8230;<\/p>\n","protected":false},"featured_media":115916,"comment_status":"open","ping_status":"closed","template":"","meta":{"_kad_post_transparent":"","_kad_post_title":"","_kad_post_layout":"","_kad_post_sidebar_id":"","_kad_post_content_style":"","_kad_post_vertical_padding":"","_kad_post_feature":"","_kad_post_feature_position":"","_kad_post_header":false,"_kad_post_footer":false,"_kad_post_classname":""},"product_brand":[],"product_cat":[14985],"product_tag":[],"class_list":{"0":"post-115917","1":"product","2":"type-product","3":"status-publish","4":"has-post-thumbnail","6":"product_cat-akilli-guvenlik-urunu-akilli-guvenlik-urunu","8":"first","9":"instock","10":"purchasable","11":"product-type-simple","12":"entry","13":"content-bg","14":"loop-entry"},"_links":{"self":[{"href":"https:\/\/www.hediyepazar.com\/index.php?rest_route=\/wp\/v2\/product\/115917","targetHints":{"allow":["GET"]}}],"collection":[{"href":"https:\/\/www.hediyepazar.com\/index.php?rest_route=\/wp\/v2\/product"}],"about":[{"href":"https:\/\/www.hediyepazar.com\/index.php?rest_route=\/wp\/v2\/types\/product"}],"replies":[{"embeddable":true,"href":"https:\/\/www.hediyepazar.com\/index.php?rest_route=%2Fwp%2Fv2%2Fcomments&post=115917"}],"wp:featuredmedia":[{"embeddable":true,"href":"https:\/\/www.hediyepazar.com\/index.php?rest_route=\/wp\/v2\/media\/115916"}],"wp:attachment":[{"href":"https:\/\/www.hediyepazar.com\/index.php?rest_route=%2Fwp%2Fv2%2Fmedia&parent=115917"}],"wp:term":[{"taxonomy":"product_brand","embeddable":true,"href":"https:\/\/www.hediyepazar.com\/index.php?rest_route=%2Fwp%2Fv2%2Fproduct_brand&post=115917"},{"taxonomy":"product_cat","embeddable":true,"href":"https:\/\/www.hediyepazar.com\/index.php?rest_route=%2Fwp%2Fv2%2Fproduct_cat&post=115917"},{"taxonomy":"product_tag","embeddable":true,"href":"https:\/\/www.hediyepazar.com\/index.php?rest_route=%2Fwp%2Fv2%2Fproduct_tag&post=115917"}],"curies":[{"name":"wp","href":"https:\/\/api.w.org\/{rel}","templated":true}]}}