{"id":115921,"date":"2026-05-05T15:55:58","date_gmt":"2026-05-05T18:55:58","guid":{"rendered":"https:\/\/www.hediyepazar.com\/?product=celik-govdeli-alarm-disk-kilidi-motosiklet-ve-bisiklet-icin-guvenlik"},"modified":"2026-05-05T15:55:58","modified_gmt":"2026-05-05T18:55:58","slug":"celik-govdeli-alarm-disk-kilidi-motosiklet-ve-bisiklet-icin-guvenlik","status":"publish","type":"product","link":"https:\/\/www.hediyepazar.com\/?product=celik-govdeli-alarm-disk-kilidi-motosiklet-ve-bisiklet-icin-guvenlik","title":{"rendered":"\u00c7elik G\u00f6vdeli Alarm Disk Kilidi Motosiklet ve Bisiklet \u0130\u00e7in G\u00fcvenlik"},"content":{"rendered":"<p>\u00c7elik g\u00f6vdeli alarm disk kilidi, motosiklet ve bisikletlerinizi park halindeyken koruma alt\u0131na al\u0131r. Disk frene tak\u0131larak tekerle\u011fin hareket etmesini engeller ve \u015fok sens\u00f6r\u00fc sayesinde herhangi bir darbe veya titre\u015fim alg\u0131land\u0131\u011f\u0131nda 110 dB alarm devreye girer. Bu g\u00fc\u00e7l\u00fc ses, olas\u0131 h\u0131rs\u0131zl\u0131k giri\u015fimlerini cayd\u0131r\u0131r. Y\u00fcksek kaliteli metal g\u00f6vdesi sayesinde darbeye ve k\u0131r\u0131lmaya kar\u015f\u0131 dayan\u0131kl\u0131d\u0131r. Ayr\u0131ca suya ve paslanmaya kar\u015f\u0131 diren\u00e7lidir. Kullan\u0131m\u0131 kolayd\u0131r; sadece kilit silindirine basarak kilitleme i\u015flemini tamamlayabilirsiniz. Titre\u015fim tekrarland\u0131\u011f\u0131nda alarm s\u00fcrekli devrede kalarak maksimum g\u00fcvenlik sa\u011flar. Kompakt ve hafif yap\u0131s\u0131yla yan\u0131n\u0131zda ta\u015f\u0131mak kolayd\u0131r. Motosiklet, scooter ve bisiklet i\u00e7in uygundur. Paket i\u00e7erisinde fren kilidi ve 2 adet anahtar yer almaktad\u0131r.<\/p>\n","protected":false},"excerpt":{"rendered":"<p>\u00c7elik g\u00f6vdeli alarm disk kilidi, motosiklet ve bisikletlerinizi park halindeyken koruma alt\u0131na al\u0131r. Disk frene tak\u0131larak tekerle\u011fin hareket etmesini engeller ve \u015fok sens\u00f6r\u00fc sayesinde herhangi bir darbe veya titre\u015fim alg\u0131land\u0131\u011f\u0131nda 110 dB alarm devreye girer. Bu g\u00fc\u00e7l\u00fc ses, olas\u0131 h\u0131rs\u0131zl\u0131k giri\u015fimlerini cayd\u0131r\u0131r. Y\u00fcksek kaliteli metal g\u00f6vdesi sayesinde darbeye ve k\u0131r\u0131lmaya kar\u015f\u0131 dayan\u0131kl\u0131d\u0131r. Ayr\u0131ca suya ve&#8230;<\/p>\n","protected":false},"featured_media":115920,"comment_status":"open","ping_status":"closed","template":"","meta":{"_kad_post_transparent":"","_kad_post_title":"","_kad_post_layout":"","_kad_post_sidebar_id":"","_kad_post_content_style":"","_kad_post_vertical_padding":"","_kad_post_feature":"","_kad_post_feature_position":"","_kad_post_header":false,"_kad_post_footer":false,"_kad_post_classname":""},"product_brand":[],"product_cat":[14985],"product_tag":[],"class_list":{"0":"post-115921","1":"product","2":"type-product","3":"status-publish","4":"has-post-thumbnail","6":"product_cat-akilli-guvenlik-urunu-akilli-guvenlik-urunu","8":"first","9":"instock","10":"purchasable","11":"product-type-simple","12":"entry","13":"content-bg","14":"loop-entry"},"_links":{"self":[{"href":"https:\/\/www.hediyepazar.com\/index.php?rest_route=\/wp\/v2\/product\/115921","targetHints":{"allow":["GET"]}}],"collection":[{"href":"https:\/\/www.hediyepazar.com\/index.php?rest_route=\/wp\/v2\/product"}],"about":[{"href":"https:\/\/www.hediyepazar.com\/index.php?rest_route=\/wp\/v2\/types\/product"}],"replies":[{"embeddable":true,"href":"https:\/\/www.hediyepazar.com\/index.php?rest_route=%2Fwp%2Fv2%2Fcomments&post=115921"}],"wp:featuredmedia":[{"embeddable":true,"href":"https:\/\/www.hediyepazar.com\/index.php?rest_route=\/wp\/v2\/media\/115920"}],"wp:attachment":[{"href":"https:\/\/www.hediyepazar.com\/index.php?rest_route=%2Fwp%2Fv2%2Fmedia&parent=115921"}],"wp:term":[{"taxonomy":"product_brand","embeddable":true,"href":"https:\/\/www.hediyepazar.com\/index.php?rest_route=%2Fwp%2Fv2%2Fproduct_brand&post=115921"},{"taxonomy":"product_cat","embeddable":true,"href":"https:\/\/www.hediyepazar.com\/index.php?rest_route=%2Fwp%2Fv2%2Fproduct_cat&post=115921"},{"taxonomy":"product_tag","embeddable":true,"href":"https:\/\/www.hediyepazar.com\/index.php?rest_route=%2Fwp%2Fv2%2Fproduct_tag&post=115921"}],"curies":[{"name":"wp","href":"https:\/\/api.w.org\/{rel}","templated":true}]}}