{"id":115925,"date":"2026-05-05T15:56:07","date_gmt":"2026-05-05T18:56:07","guid":{"rendered":"https:\/\/www.hediyepazar.com\/?product=disk-fren-kilidi-alarmli-anti-hirsizlik-motosiklet-scooter-bisiklet"},"modified":"2026-05-05T15:56:07","modified_gmt":"2026-05-05T18:56:07","slug":"disk-fren-kilidi-alarmli-anti-hirsizlik-motosiklet-scooter-bisiklet","status":"publish","type":"product","link":"https:\/\/www.hediyepazar.com\/?product=disk-fren-kilidi-alarmli-anti-hirsizlik-motosiklet-scooter-bisiklet","title":{"rendered":"Disk Fren Kilidi Alarml\u0131 Anti H\u0131rs\u0131zl\u0131k Motosiklet Scooter Bisiklet"},"content":{"rendered":"<p>Disk fren kilidi, motosiklet, scooter ve bisikletler i\u00e7in anti-h\u0131rs\u0131zl\u0131k g\u00fcvenlik \u00e7\u00f6z\u00fcm\u00fcd\u00fcr. Y\u00fcksek kaliteli metal malzemeden \u00fcretilmi\u015f olup sa\u011flam yap\u0131s\u0131yla uzun s\u00fcreli kullan\u0131m imkan\u0131 sunar. \u00dczerindeki \u015fok sens\u00f6r\u00fc sayesinde kilit sars\u0131ld\u0131\u011f\u0131nda veya darbe ald\u0131\u011f\u0131nda otomatik olarak devreye girer ve g\u00fc\u00e7l\u00fc alarm \u00e7alar. Alarm sesi 110 dB g\u00fcc\u00fcnde olup \u00e7evredeki insanlar\u0131 uyararak h\u0131rs\u0131zl\u0131k giri\u015fimini engeller. Kullan\u0131m\u0131 olduk\u00e7a pratiktir; sadece kilit silindirine basarak devreye al\u0131n\u0131r. Titre\u015fim durumunda \u00f6nce k\u0131sa bir uyar\u0131 sesi verir, ard\u0131ndan alarm aktif hale gelir. Alarm k\u0131sa s\u00fcre i\u00e7inde tekrar eden titre\u015fimlerde s\u00fcrekli \u00e7almaya devam eder. Su ge\u00e7irmez ve paslanmaz yap\u0131s\u0131 d\u0131\u015f mekanda g\u00fcvenle kullan\u0131lmas\u0131n\u0131 sa\u011flar. Kompakt boyutu sayesinde ta\u015f\u0131nabilir, her zaman yan\u0131n\u0131zda kolayca bulundurabilirsiniz. Paket i\u00e7eri\u011finde fren kilidi ve 2 adet anahtar bulunur.<\/p>\n","protected":false},"excerpt":{"rendered":"<p>Disk fren kilidi, motosiklet, scooter ve bisikletler i\u00e7in anti-h\u0131rs\u0131zl\u0131k g\u00fcvenlik \u00e7\u00f6z\u00fcm\u00fcd\u00fcr. Y\u00fcksek kaliteli metal malzemeden \u00fcretilmi\u015f olup sa\u011flam yap\u0131s\u0131yla uzun s\u00fcreli kullan\u0131m imkan\u0131 sunar. \u00dczerindeki \u015fok sens\u00f6r\u00fc sayesinde kilit sars\u0131ld\u0131\u011f\u0131nda veya darbe ald\u0131\u011f\u0131nda otomatik olarak devreye girer ve g\u00fc\u00e7l\u00fc alarm \u00e7alar. Alarm sesi 110 dB g\u00fcc\u00fcnde olup \u00e7evredeki insanlar\u0131 uyararak h\u0131rs\u0131zl\u0131k giri\u015fimini engeller. Kullan\u0131m\u0131 olduk\u00e7a&#8230;<\/p>\n","protected":false},"featured_media":115924,"comment_status":"open","ping_status":"closed","template":"","meta":{"_kad_post_transparent":"","_kad_post_title":"","_kad_post_layout":"","_kad_post_sidebar_id":"","_kad_post_content_style":"","_kad_post_vertical_padding":"","_kad_post_feature":"","_kad_post_feature_position":"","_kad_post_header":false,"_kad_post_footer":false,"_kad_post_classname":""},"product_brand":[],"product_cat":[14985],"product_tag":[],"class_list":{"0":"post-115925","1":"product","2":"type-product","3":"status-publish","4":"has-post-thumbnail","6":"product_cat-akilli-guvenlik-urunu-akilli-guvenlik-urunu","8":"first","9":"instock","10":"purchasable","11":"product-type-simple","12":"entry","13":"content-bg","14":"loop-entry"},"_links":{"self":[{"href":"https:\/\/www.hediyepazar.com\/index.php?rest_route=\/wp\/v2\/product\/115925","targetHints":{"allow":["GET"]}}],"collection":[{"href":"https:\/\/www.hediyepazar.com\/index.php?rest_route=\/wp\/v2\/product"}],"about":[{"href":"https:\/\/www.hediyepazar.com\/index.php?rest_route=\/wp\/v2\/types\/product"}],"replies":[{"embeddable":true,"href":"https:\/\/www.hediyepazar.com\/index.php?rest_route=%2Fwp%2Fv2%2Fcomments&post=115925"}],"wp:featuredmedia":[{"embeddable":true,"href":"https:\/\/www.hediyepazar.com\/index.php?rest_route=\/wp\/v2\/media\/115924"}],"wp:attachment":[{"href":"https:\/\/www.hediyepazar.com\/index.php?rest_route=%2Fwp%2Fv2%2Fmedia&parent=115925"}],"wp:term":[{"taxonomy":"product_brand","embeddable":true,"href":"https:\/\/www.hediyepazar.com\/index.php?rest_route=%2Fwp%2Fv2%2Fproduct_brand&post=115925"},{"taxonomy":"product_cat","embeddable":true,"href":"https:\/\/www.hediyepazar.com\/index.php?rest_route=%2Fwp%2Fv2%2Fproduct_cat&post=115925"},{"taxonomy":"product_tag","embeddable":true,"href":"https:\/\/www.hediyepazar.com\/index.php?rest_route=%2Fwp%2Fv2%2Fproduct_tag&post=115925"}],"curies":[{"name":"wp","href":"https:\/\/api.w.org\/{rel}","templated":true}]}}