{"id":115929,"date":"2026-05-05T15:56:17","date_gmt":"2026-05-05T18:56:17","guid":{"rendered":"https:\/\/www.hediyepazar.com\/?product=uzun-omurlu-bataryali-tasinabilir-bocek-kovucu"},"modified":"2026-05-05T15:56:17","modified_gmt":"2026-05-05T18:56:17","slug":"uzun-omurlu-bataryali-tasinabilir-bocek-kovucu","status":"publish","type":"product","link":"https:\/\/www.hediyepazar.com\/?product=uzun-omurlu-bataryali-tasinabilir-bocek-kovucu","title":{"rendered":"Uzun \u00d6m\u00fcrl\u00fc Bataryal\u0131 Ta\u015f\u0131nabilir B\u00f6cek Kovucu"},"content":{"rendered":"<p>Dahili 2000 mAh bataryas\u0131 ile uzun s\u00fcreli kullan\u0131m sunan bu b\u00f6cek \u00f6ld\u00fcr\u00fcc\u00fc lamba, ta\u015f\u0131nabilir tasar\u0131m\u0131yla dikkat \u00e7eker. USB ba\u011flant\u0131s\u0131 sayesinde powerbank veya bilgisayar \u00fczerinden \u015farj edilebilir. Kamp, piknik, bal\u0131k tutma gibi a\u00e7\u0131k hava etkinlikleri i\u00e7in m\u00fckemmel bir yard\u0131mc\u0131d\u0131r. Sessiz \u00e7al\u0131\u015ft\u0131\u011f\u0131 i\u00e7in uykunuzu b\u00f6lmez, huzurlu geceler ge\u00e7irmenizi sa\u011flar.<\/p>\n","protected":false},"excerpt":{"rendered":"<p>Dahili 2000 mAh bataryas\u0131 ile uzun s\u00fcreli kullan\u0131m sunan bu b\u00f6cek \u00f6ld\u00fcr\u00fcc\u00fc lamba, ta\u015f\u0131nabilir tasar\u0131m\u0131yla dikkat \u00e7eker. USB ba\u011flant\u0131s\u0131 sayesinde powerbank veya bilgisayar \u00fczerinden \u015farj edilebilir. Kamp, piknik, bal\u0131k tutma gibi a\u00e7\u0131k hava etkinlikleri i\u00e7in m\u00fckemmel bir yard\u0131mc\u0131d\u0131r. Sessiz \u00e7al\u0131\u015ft\u0131\u011f\u0131 i\u00e7in uykunuzu b\u00f6lmez, huzurlu geceler ge\u00e7irmenizi sa\u011flar.<\/p>\n","protected":false},"featured_media":115928,"comment_status":"open","ping_status":"closed","template":"","meta":{"_kad_post_transparent":"","_kad_post_title":"","_kad_post_layout":"","_kad_post_sidebar_id":"","_kad_post_content_style":"","_kad_post_vertical_padding":"","_kad_post_feature":"","_kad_post_feature_position":"","_kad_post_header":false,"_kad_post_footer":false,"_kad_post_classname":""},"product_brand":[],"product_cat":[15078],"product_tag":[],"class_list":{"0":"post-115929","1":"product","2":"type-product","3":"status-publish","4":"has-post-thumbnail","6":"product_cat-hasere-kovucular-hasere-kovucular","8":"first","9":"instock","10":"purchasable","11":"product-type-simple","12":"entry","13":"content-bg","14":"loop-entry"},"_links":{"self":[{"href":"https:\/\/www.hediyepazar.com\/index.php?rest_route=\/wp\/v2\/product\/115929","targetHints":{"allow":["GET"]}}],"collection":[{"href":"https:\/\/www.hediyepazar.com\/index.php?rest_route=\/wp\/v2\/product"}],"about":[{"href":"https:\/\/www.hediyepazar.com\/index.php?rest_route=\/wp\/v2\/types\/product"}],"replies":[{"embeddable":true,"href":"https:\/\/www.hediyepazar.com\/index.php?rest_route=%2Fwp%2Fv2%2Fcomments&post=115929"}],"wp:featuredmedia":[{"embeddable":true,"href":"https:\/\/www.hediyepazar.com\/index.php?rest_route=\/wp\/v2\/media\/115928"}],"wp:attachment":[{"href":"https:\/\/www.hediyepazar.com\/index.php?rest_route=%2Fwp%2Fv2%2Fmedia&parent=115929"}],"wp:term":[{"taxonomy":"product_brand","embeddable":true,"href":"https:\/\/www.hediyepazar.com\/index.php?rest_route=%2Fwp%2Fv2%2Fproduct_brand&post=115929"},{"taxonomy":"product_cat","embeddable":true,"href":"https:\/\/www.hediyepazar.com\/index.php?rest_route=%2Fwp%2Fv2%2Fproduct_cat&post=115929"},{"taxonomy":"product_tag","embeddable":true,"href":"https:\/\/www.hediyepazar.com\/index.php?rest_route=%2Fwp%2Fv2%2Fproduct_tag&post=115929"}],"curies":[{"name":"wp","href":"https:\/\/api.w.org\/{rel}","templated":true}]}}