{"id":115931,"date":"2026-05-05T15:56:21","date_gmt":"2026-05-05T18:56:21","guid":{"rendered":"https:\/\/www.hediyepazar.com\/?product=kamp-ve-bahce-icin-sarjli-bocek-kovucu-lamba"},"modified":"2026-05-05T15:56:21","modified_gmt":"2026-05-05T18:56:21","slug":"kamp-ve-bahce-icin-sarjli-bocek-kovucu-lamba","status":"publish","type":"product","link":"https:\/\/www.hediyepazar.com\/?product=kamp-ve-bahce-icin-sarjli-bocek-kovucu-lamba","title":{"rendered":"Kamp ve Bah\u00e7e \u0130\u00e7in \u015earjl\u0131 B\u00f6cek Kovucu Lamba"},"content":{"rendered":"<p>A\u00e7\u0131k hava etkinlikleriniz art\u0131k daha huzurlu! Bu \u015farjl\u0131 b\u00f6cek kovucu lamba, 360\u00b0 kapsama alan\u0131 ile sivrisinek ve u\u00e7an b\u00f6cekleri etkili bir \u015fekilde uzakla\u015ft\u0131r\u0131r. USB ile kolayca \u015farj edilebilir ve g\u00fc\u00e7l\u00fc bataryas\u0131yla uzun s\u00fcreli kullan\u0131m sa\u011flar. Hafif ve ta\u015f\u0131nabilir yap\u0131s\u0131yla \u00e7antan\u0131za at\u0131p istedi\u011finiz yere g\u00f6t\u00fcrebilirsiniz. Bah\u00e7ede, balkonda, kampta ya da tatilde yan\u0131n\u0131zda olacak ideal bir yard\u0131mc\u0131d\u0131r.<\/p>\n","protected":false},"excerpt":{"rendered":"<p>A\u00e7\u0131k hava etkinlikleriniz art\u0131k daha huzurlu! Bu \u015farjl\u0131 b\u00f6cek kovucu lamba, 360\u00b0 kapsama alan\u0131 ile sivrisinek ve u\u00e7an b\u00f6cekleri etkili bir \u015fekilde uzakla\u015ft\u0131r\u0131r. USB ile kolayca \u015farj edilebilir ve g\u00fc\u00e7l\u00fc bataryas\u0131yla uzun s\u00fcreli kullan\u0131m sa\u011flar. Hafif ve ta\u015f\u0131nabilir yap\u0131s\u0131yla \u00e7antan\u0131za at\u0131p istedi\u011finiz yere g\u00f6t\u00fcrebilirsiniz. Bah\u00e7ede, balkonda, kampta ya da tatilde yan\u0131n\u0131zda olacak ideal bir yard\u0131mc\u0131d\u0131r.<\/p>\n","protected":false},"featured_media":115930,"comment_status":"open","ping_status":"closed","template":"","meta":{"_kad_post_transparent":"","_kad_post_title":"","_kad_post_layout":"","_kad_post_sidebar_id":"","_kad_post_content_style":"","_kad_post_vertical_padding":"","_kad_post_feature":"","_kad_post_feature_position":"","_kad_post_header":false,"_kad_post_footer":false,"_kad_post_classname":""},"product_brand":[],"product_cat":[15078],"product_tag":[],"class_list":{"0":"post-115931","1":"product","2":"type-product","3":"status-publish","4":"has-post-thumbnail","6":"product_cat-hasere-kovucular-hasere-kovucular","8":"first","9":"instock","10":"purchasable","11":"product-type-simple","12":"entry","13":"content-bg","14":"loop-entry"},"_links":{"self":[{"href":"https:\/\/www.hediyepazar.com\/index.php?rest_route=\/wp\/v2\/product\/115931","targetHints":{"allow":["GET"]}}],"collection":[{"href":"https:\/\/www.hediyepazar.com\/index.php?rest_route=\/wp\/v2\/product"}],"about":[{"href":"https:\/\/www.hediyepazar.com\/index.php?rest_route=\/wp\/v2\/types\/product"}],"replies":[{"embeddable":true,"href":"https:\/\/www.hediyepazar.com\/index.php?rest_route=%2Fwp%2Fv2%2Fcomments&post=115931"}],"wp:featuredmedia":[{"embeddable":true,"href":"https:\/\/www.hediyepazar.com\/index.php?rest_route=\/wp\/v2\/media\/115930"}],"wp:attachment":[{"href":"https:\/\/www.hediyepazar.com\/index.php?rest_route=%2Fwp%2Fv2%2Fmedia&parent=115931"}],"wp:term":[{"taxonomy":"product_brand","embeddable":true,"href":"https:\/\/www.hediyepazar.com\/index.php?rest_route=%2Fwp%2Fv2%2Fproduct_brand&post=115931"},{"taxonomy":"product_cat","embeddable":true,"href":"https:\/\/www.hediyepazar.com\/index.php?rest_route=%2Fwp%2Fv2%2Fproduct_cat&post=115931"},{"taxonomy":"product_tag","embeddable":true,"href":"https:\/\/www.hediyepazar.com\/index.php?rest_route=%2Fwp%2Fv2%2Fproduct_tag&post=115931"}],"curies":[{"name":"wp","href":"https:\/\/api.w.org\/{rel}","templated":true}]}}