{"id":115947,"date":"2026-05-05T16:00:20","date_gmt":"2026-05-05T19:00:20","guid":{"rendered":"https:\/\/www.hediyepazar.com\/?product=turbo-motorlu-cok-amacli-temizlik-ve-sogutma-cihazi"},"modified":"2026-05-05T16:00:20","modified_gmt":"2026-05-05T19:00:20","slug":"turbo-motorlu-cok-amacli-temizlik-ve-sogutma-cihazi","status":"publish","type":"product","link":"https:\/\/www.hediyepazar.com\/?product=turbo-motorlu-cok-amacli-temizlik-ve-sogutma-cihazi","title":{"rendered":"Turbo Motorlu \u00c7ok Ama\u00e7l\u0131 Temizlik ve So\u011futma Cihaz\u0131"},"content":{"rendered":"<p>130000 RPM turbo motor teknolojisi ile g\u00fc\u00e7l\u00fc performans sa\u011flayan bu cihaz, hem temizlik hem de serinletme i\u015flevi g\u00f6r\u00fcr. Klavyeden bilgisayara, ara\u00e7 i\u00e7inden kamp ekipmanlar\u0131na kadar pek \u00e7ok alanda rahatl\u0131kla kullan\u0131labilir. \u015earj edilebilir bataryas\u0131 uzun \u00f6m\u00fcrl\u00fc kullan\u0131m sa\u011flar, Type-C deste\u011fi ile h\u0131zl\u0131 \u015farj edilir. Zengin kutu i\u00e7eri\u011finde farkl\u0131 ba\u015fl\u0131klar ve \u015farj kablosu bulunur. Minimal boyutlar\u0131 sayesinde \u00e7antada kolay ta\u015f\u0131n\u0131r. Y\u00fcksek \u0131s\u0131ya ve darbeye dayan\u0131kl\u0131 malzemeden \u00fcretilmi\u015ftir. Sessiz ve etkili motoru sayesinde hem ev hem de i\u015f yerinde kullan\u0131ma uygundur. \u00c7ok ama\u00e7l\u0131 kullan\u0131m sunan pratik bir \u00fcr\u00fcnd\u00fcr.<\/p>\n","protected":false},"excerpt":{"rendered":"<p>130000 RPM turbo motor teknolojisi ile g\u00fc\u00e7l\u00fc performans sa\u011flayan bu cihaz, hem temizlik hem de serinletme i\u015flevi g\u00f6r\u00fcr. Klavyeden bilgisayara, ara\u00e7 i\u00e7inden kamp ekipmanlar\u0131na kadar pek \u00e7ok alanda rahatl\u0131kla kullan\u0131labilir. \u015earj edilebilir bataryas\u0131 uzun \u00f6m\u00fcrl\u00fc kullan\u0131m sa\u011flar, Type-C deste\u011fi ile h\u0131zl\u0131 \u015farj edilir. Zengin kutu i\u00e7eri\u011finde farkl\u0131 ba\u015fl\u0131klar ve \u015farj kablosu bulunur. Minimal boyutlar\u0131 sayesinde&#8230;<\/p>\n","protected":false},"featured_media":115946,"comment_status":"open","ping_status":"closed","template":"","meta":{"_kad_post_transparent":"","_kad_post_title":"","_kad_post_layout":"","_kad_post_sidebar_id":"","_kad_post_content_style":"","_kad_post_vertical_padding":"","_kad_post_feature":"","_kad_post_feature_position":"","_kad_post_header":false,"_kad_post_footer":false,"_kad_post_classname":""},"product_brand":[],"product_cat":[15021],"product_tag":[],"class_list":{"0":"post-115947","1":"product","2":"type-product","3":"status-publish","4":"has-post-thumbnail","6":"product_cat-vantilator-vantilator","8":"first","9":"instock","10":"purchasable","11":"product-type-simple","12":"entry","13":"content-bg","14":"loop-entry"},"_links":{"self":[{"href":"https:\/\/www.hediyepazar.com\/index.php?rest_route=\/wp\/v2\/product\/115947","targetHints":{"allow":["GET"]}}],"collection":[{"href":"https:\/\/www.hediyepazar.com\/index.php?rest_route=\/wp\/v2\/product"}],"about":[{"href":"https:\/\/www.hediyepazar.com\/index.php?rest_route=\/wp\/v2\/types\/product"}],"replies":[{"embeddable":true,"href":"https:\/\/www.hediyepazar.com\/index.php?rest_route=%2Fwp%2Fv2%2Fcomments&post=115947"}],"wp:featuredmedia":[{"embeddable":true,"href":"https:\/\/www.hediyepazar.com\/index.php?rest_route=\/wp\/v2\/media\/115946"}],"wp:attachment":[{"href":"https:\/\/www.hediyepazar.com\/index.php?rest_route=%2Fwp%2Fv2%2Fmedia&parent=115947"}],"wp:term":[{"taxonomy":"product_brand","embeddable":true,"href":"https:\/\/www.hediyepazar.com\/index.php?rest_route=%2Fwp%2Fv2%2Fproduct_brand&post=115947"},{"taxonomy":"product_cat","embeddable":true,"href":"https:\/\/www.hediyepazar.com\/index.php?rest_route=%2Fwp%2Fv2%2Fproduct_cat&post=115947"},{"taxonomy":"product_tag","embeddable":true,"href":"https:\/\/www.hediyepazar.com\/index.php?rest_route=%2Fwp%2Fv2%2Fproduct_tag&post=115947"}],"curies":[{"name":"wp","href":"https:\/\/api.w.org\/{rel}","templated":true}]}}