{"id":115949,"date":"2026-05-05T16:00:28","date_gmt":"2026-05-05T19:00:28","guid":{"rendered":"https:\/\/www.hediyepazar.com\/?product=yuksek-hizli-kablosuz-el-tipi-hava-ufleme-temizlik-cihazi"},"modified":"2026-05-05T16:00:28","modified_gmt":"2026-05-05T19:00:28","slug":"yuksek-hizli-kablosuz-el-tipi-hava-ufleme-temizlik-cihazi","status":"publish","type":"product","link":"https:\/\/www.hediyepazar.com\/?product=yuksek-hizli-kablosuz-el-tipi-hava-ufleme-temizlik-cihazi","title":{"rendered":"Y\u00fcksek H\u0131zl\u0131 Kablosuz El Tipi Hava \u00dcfleme Temizlik Cihaz\u0131"},"content":{"rendered":"<p>GKablosuz kullan\u0131m rahatl\u0131\u011f\u0131 sunan bu hava \u00fcfleme cihaz\u0131, g\u00fc\u00e7l\u00fc motoru sayesinde temizlik i\u015flerini zahmetsiz hale getirir. Klavye, bilgisayar, araba i\u00e7i, klima filtreleri ve ula\u015f\u0131lmas\u0131 zor k\u00f6\u015felerde \u00fcst\u00fcn performans g\u00f6sterir. Y\u00fcksek kapasiteli bataryas\u0131 sayesinde 30 ila 120 dakika aras\u0131 kullan\u0131m sa\u011flar. Turbo motor teknolojisi ile g\u00fc\u00e7l\u00fc hava ak\u0131m\u0131 olu\u015fturur. Farkl\u0131 ba\u015fl\u0131klar\u0131 sayesinde hem toz temizleme hem de hava \u00fcfleme amac\u0131yla kullan\u0131labilir. Kompakt boyutu ile \u00e7antan\u0131zda ta\u015f\u0131nabilir, kamp ve a\u00e7\u0131k hava etkinliklerinde de kullan\u0131labilir. Sa\u011flam malzeme yap\u0131s\u0131 uzun s\u00fcreli kullan\u0131m i\u00e7in uygundur. Evde, ofiste ve ara\u00e7ta en pratik yard\u0131mc\u0131n\u0131z olacak.<\/p>\n","protected":false},"excerpt":{"rendered":"<p>GKablosuz kullan\u0131m rahatl\u0131\u011f\u0131 sunan bu hava \u00fcfleme cihaz\u0131, g\u00fc\u00e7l\u00fc motoru sayesinde temizlik i\u015flerini zahmetsiz hale getirir. Klavye, bilgisayar, araba i\u00e7i, klima filtreleri ve ula\u015f\u0131lmas\u0131 zor k\u00f6\u015felerde \u00fcst\u00fcn performans g\u00f6sterir. Y\u00fcksek kapasiteli bataryas\u0131 sayesinde 30 ila 120 dakika aras\u0131 kullan\u0131m sa\u011flar. Turbo motor teknolojisi ile g\u00fc\u00e7l\u00fc hava ak\u0131m\u0131 olu\u015fturur. Farkl\u0131 ba\u015fl\u0131klar\u0131 sayesinde hem toz temizleme hem&#8230;<\/p>\n","protected":false},"featured_media":115948,"comment_status":"open","ping_status":"closed","template":"","meta":{"_kad_post_transparent":"","_kad_post_title":"","_kad_post_layout":"","_kad_post_sidebar_id":"","_kad_post_content_style":"","_kad_post_vertical_padding":"","_kad_post_feature":"","_kad_post_feature_position":"","_kad_post_header":false,"_kad_post_footer":false,"_kad_post_classname":""},"product_brand":[],"product_cat":[15021],"product_tag":[],"class_list":{"0":"post-115949","1":"product","2":"type-product","3":"status-publish","4":"has-post-thumbnail","6":"product_cat-vantilator-vantilator","8":"first","9":"instock","10":"purchasable","11":"product-type-simple","12":"entry","13":"content-bg","14":"loop-entry"},"_links":{"self":[{"href":"https:\/\/www.hediyepazar.com\/index.php?rest_route=\/wp\/v2\/product\/115949","targetHints":{"allow":["GET"]}}],"collection":[{"href":"https:\/\/www.hediyepazar.com\/index.php?rest_route=\/wp\/v2\/product"}],"about":[{"href":"https:\/\/www.hediyepazar.com\/index.php?rest_route=\/wp\/v2\/types\/product"}],"replies":[{"embeddable":true,"href":"https:\/\/www.hediyepazar.com\/index.php?rest_route=%2Fwp%2Fv2%2Fcomments&post=115949"}],"wp:featuredmedia":[{"embeddable":true,"href":"https:\/\/www.hediyepazar.com\/index.php?rest_route=\/wp\/v2\/media\/115948"}],"wp:attachment":[{"href":"https:\/\/www.hediyepazar.com\/index.php?rest_route=%2Fwp%2Fv2%2Fmedia&parent=115949"}],"wp:term":[{"taxonomy":"product_brand","embeddable":true,"href":"https:\/\/www.hediyepazar.com\/index.php?rest_route=%2Fwp%2Fv2%2Fproduct_brand&post=115949"},{"taxonomy":"product_cat","embeddable":true,"href":"https:\/\/www.hediyepazar.com\/index.php?rest_route=%2Fwp%2Fv2%2Fproduct_cat&post=115949"},{"taxonomy":"product_tag","embeddable":true,"href":"https:\/\/www.hediyepazar.com\/index.php?rest_route=%2Fwp%2Fv2%2Fproduct_tag&post=115949"}],"curies":[{"name":"wp","href":"https:\/\/api.w.org\/{rel}","templated":true}]}}