{"id":115951,"date":"2026-05-05T16:00:33","date_gmt":"2026-05-05T19:00:33","guid":{"rendered":"https:\/\/www.hediyepazar.com\/?product=turbo-guclu-hava-ufleme-ve-vakum-makinesi-cok-fonksiyonlu-kullanim"},"modified":"2026-05-05T16:00:33","modified_gmt":"2026-05-05T19:00:33","slug":"turbo-guclu-hava-ufleme-ve-vakum-makinesi-cok-fonksiyonlu-kullanim","status":"publish","type":"product","link":"https:\/\/www.hediyepazar.com\/?product=turbo-guclu-hava-ufleme-ve-vakum-makinesi-cok-fonksiyonlu-kullanim","title":{"rendered":"Turbo G\u00fc\u00e7l\u00fc Hava \u00dcfleme ve Vakum Makinesi \u00c7ok Fonksiyonlu Kullan\u0131m"},"content":{"rendered":"<p>G\u00fc\u00e7l\u00fc hava \u00fcfleme ve vakum \u00f6zelli\u011fine sahip bu \u00e7ok fonksiyonlu cihaz, ev, ara\u00e7 ve ofis temizli\u011finde b\u00fcy\u00fck kolayl\u0131k sa\u011flar. 130000 RPM\u2019e kadar \u00e7\u0131kan y\u00fcksek h\u0131zl\u0131 motoru sayesinde klavye aras\u0131na ka\u00e7an k\u0131r\u0131nt\u0131lardan araban\u0131n k\u00f6\u015fe bucak tozlar\u0131na kadar her t\u00fcrl\u00fc detay\u0131 kolayca temizler. \u015earj edilebilir bataryas\u0131 uzun s\u00fcreli kullan\u0131m imk\u00e2n\u0131 sunarken, Type-C \u015farj deste\u011fi ile h\u0131zl\u0131 ve pratik \u015farj edilebilir. \u00dc\u00e7 kademeli h\u0131z ayar\u0131yla ihtiyaca g\u00f6re g\u00fc\u00e7 se\u00e7ilebilir. Kompakt tasar\u0131m\u0131 sayesinde kolay ta\u015f\u0131n\u0131r ve yer kaplamaz. Dayan\u0131kl\u0131 g\u00f6vde yap\u0131s\u0131 uzun \u00f6m\u00fcrl\u00fc kullan\u0131m i\u00e7in uygundur. Kutusunda farkl\u0131 ba\u015fl\u0131klar, \u015farj kablosu ve kullan\u0131m k\u0131lavuzu ile birlikte gelir. Hem temizlik hem de yaz aylar\u0131nda serinleme i\u00e7in kullan\u0131labilecek pratik bir \u00fcr\u00fcnd\u00fcr.<\/p>\n","protected":false},"excerpt":{"rendered":"<p>G\u00fc\u00e7l\u00fc hava \u00fcfleme ve vakum \u00f6zelli\u011fine sahip bu \u00e7ok fonksiyonlu cihaz, ev, ara\u00e7 ve ofis temizli\u011finde b\u00fcy\u00fck kolayl\u0131k sa\u011flar. 130000 RPM\u2019e kadar \u00e7\u0131kan y\u00fcksek h\u0131zl\u0131 motoru sayesinde klavye aras\u0131na ka\u00e7an k\u0131r\u0131nt\u0131lardan araban\u0131n k\u00f6\u015fe bucak tozlar\u0131na kadar her t\u00fcrl\u00fc detay\u0131 kolayca temizler. \u015earj edilebilir bataryas\u0131 uzun s\u00fcreli kullan\u0131m imk\u00e2n\u0131 sunarken, Type-C \u015farj deste\u011fi ile h\u0131zl\u0131 ve&#8230;<\/p>\n","protected":false},"featured_media":115950,"comment_status":"open","ping_status":"closed","template":"","meta":{"_kad_post_transparent":"","_kad_post_title":"","_kad_post_layout":"","_kad_post_sidebar_id":"","_kad_post_content_style":"","_kad_post_vertical_padding":"","_kad_post_feature":"","_kad_post_feature_position":"","_kad_post_header":false,"_kad_post_footer":false,"_kad_post_classname":""},"product_brand":[],"product_cat":[15021],"product_tag":[],"class_list":{"0":"post-115951","1":"product","2":"type-product","3":"status-publish","4":"has-post-thumbnail","6":"product_cat-vantilator-vantilator","8":"first","9":"instock","10":"purchasable","11":"product-type-simple","12":"entry","13":"content-bg","14":"loop-entry"},"_links":{"self":[{"href":"https:\/\/www.hediyepazar.com\/index.php?rest_route=\/wp\/v2\/product\/115951","targetHints":{"allow":["GET"]}}],"collection":[{"href":"https:\/\/www.hediyepazar.com\/index.php?rest_route=\/wp\/v2\/product"}],"about":[{"href":"https:\/\/www.hediyepazar.com\/index.php?rest_route=\/wp\/v2\/types\/product"}],"replies":[{"embeddable":true,"href":"https:\/\/www.hediyepazar.com\/index.php?rest_route=%2Fwp%2Fv2%2Fcomments&post=115951"}],"wp:featuredmedia":[{"embeddable":true,"href":"https:\/\/www.hediyepazar.com\/index.php?rest_route=\/wp\/v2\/media\/115950"}],"wp:attachment":[{"href":"https:\/\/www.hediyepazar.com\/index.php?rest_route=%2Fwp%2Fv2%2Fmedia&parent=115951"}],"wp:term":[{"taxonomy":"product_brand","embeddable":true,"href":"https:\/\/www.hediyepazar.com\/index.php?rest_route=%2Fwp%2Fv2%2Fproduct_brand&post=115951"},{"taxonomy":"product_cat","embeddable":true,"href":"https:\/\/www.hediyepazar.com\/index.php?rest_route=%2Fwp%2Fv2%2Fproduct_cat&post=115951"},{"taxonomy":"product_tag","embeddable":true,"href":"https:\/\/www.hediyepazar.com\/index.php?rest_route=%2Fwp%2Fv2%2Fproduct_tag&post=115951"}],"curies":[{"name":"wp","href":"https:\/\/api.w.org\/{rel}","templated":true}]}}