{"id":115967,"date":"2026-05-05T16:03:59","date_gmt":"2026-05-05T19:03:59","guid":{"rendered":"https:\/\/www.hediyepazar.com\/?product=ayarlanabilir-hizli-cift-baslikli-masaustu-fan-gece-lambali-serinletici"},"modified":"2026-05-05T16:03:59","modified_gmt":"2026-05-05T19:03:59","slug":"ayarlanabilir-hizli-cift-baslikli-masaustu-fan-gece-lambali-serinletici","status":"publish","type":"product","link":"https:\/\/www.hediyepazar.com\/?product=ayarlanabilir-hizli-cift-baslikli-masaustu-fan-gece-lambali-serinletici","title":{"rendered":"Ayarlanabilir H\u0131zl\u0131 \u00c7ift Ba\u015fl\u0131kl\u0131 Masa\u00fcst\u00fc Fan \u2013 Gece Lambal\u0131 Serinletici"},"content":{"rendered":"<p>S\u0131cak yaz g\u00fcnlerinde ferahl\u0131k arayanlar i\u00e7in tasarlanm\u0131\u015f bu masa\u00fcst\u00fc fan, \u00e7ift kafal\u0131 yap\u0131s\u0131 sayesinde hava ak\u0131\u015f\u0131n\u0131 iki kat\u0131na \u00e7\u0131kar\u0131r. 6 kanatl\u0131 \u00f6zel pervane tasar\u0131m\u0131 sayesinde geni\u015f alanlarda etkili serinlik sa\u011flar. 4 farkl\u0131 h\u0131z kademesi ile ihtiyac\u0131n\u0131za g\u00f6re do\u011fal r\u00fczgar, serin r\u00fczgar, g\u00fc\u00e7l\u00fc r\u00fczgar ve uyku r\u00fczgar\u0131 se\u00e7eneklerini kullanabilirsiniz. USB \u015farj edilebilir pil teknolojisi sayesinde powerbank, bilgisayar veya adapt\u00f6r ile kolayca \u015farj edilebilir. %78 daha uzun pil \u00f6mr\u00fc sayesinde kesintisiz serinlik sunar. 720\u00b0 d\u00f6nebilen sal\u0131n\u0131m \u00f6zelli\u011fi, havay\u0131 her k\u00f6\u015feye ula\u015ft\u0131r\u0131r. Sessiz motor teknolojisi, 36 dB seviyesinde g\u00fcr\u00fclt\u00fc ile \u00e7al\u0131\u015farak uyku ve \u00e7al\u0131\u015fma anlar\u0131nda rahats\u0131z etmez. Kaymaz taban pedleri g\u00fcvenli kullan\u0131m sa\u011flarken, dahili gece lambas\u0131 fonksiyonu lo\u015f ve rahatlat\u0131c\u0131 bir atmosfer olu\u015fturur. Hem ev hem ofis ortam\u0131nda \u015f\u0131k ve fonksiyonel bir serinletici olarak kullan\u0131m\u0131n\u0131za haz\u0131rd\u0131r.<\/p>\n","protected":false},"excerpt":{"rendered":"<p>S\u0131cak yaz g\u00fcnlerinde ferahl\u0131k arayanlar i\u00e7in tasarlanm\u0131\u015f bu masa\u00fcst\u00fc fan, \u00e7ift kafal\u0131 yap\u0131s\u0131 sayesinde hava ak\u0131\u015f\u0131n\u0131 iki kat\u0131na \u00e7\u0131kar\u0131r. 6 kanatl\u0131 \u00f6zel pervane tasar\u0131m\u0131 sayesinde geni\u015f alanlarda etkili serinlik sa\u011flar. 4 farkl\u0131 h\u0131z kademesi ile ihtiyac\u0131n\u0131za g\u00f6re do\u011fal r\u00fczgar, serin r\u00fczgar, g\u00fc\u00e7l\u00fc r\u00fczgar ve uyku r\u00fczgar\u0131 se\u00e7eneklerini kullanabilirsiniz. USB \u015farj edilebilir pil teknolojisi sayesinde powerbank,&#8230;<\/p>\n","protected":false},"featured_media":115966,"comment_status":"open","ping_status":"closed","template":"","meta":{"_kad_post_transparent":"","_kad_post_title":"","_kad_post_layout":"","_kad_post_sidebar_id":"","_kad_post_content_style":"","_kad_post_vertical_padding":"","_kad_post_feature":"","_kad_post_feature_position":"","_kad_post_header":false,"_kad_post_footer":false,"_kad_post_classname":""},"product_brand":[],"product_cat":[15021],"product_tag":[],"class_list":{"0":"post-115967","1":"product","2":"type-product","3":"status-publish","4":"has-post-thumbnail","6":"product_cat-vantilator-vantilator","8":"first","9":"instock","10":"purchasable","11":"product-type-simple","12":"entry","13":"content-bg","14":"loop-entry"},"_links":{"self":[{"href":"https:\/\/www.hediyepazar.com\/index.php?rest_route=\/wp\/v2\/product\/115967","targetHints":{"allow":["GET"]}}],"collection":[{"href":"https:\/\/www.hediyepazar.com\/index.php?rest_route=\/wp\/v2\/product"}],"about":[{"href":"https:\/\/www.hediyepazar.com\/index.php?rest_route=\/wp\/v2\/types\/product"}],"replies":[{"embeddable":true,"href":"https:\/\/www.hediyepazar.com\/index.php?rest_route=%2Fwp%2Fv2%2Fcomments&post=115967"}],"wp:featuredmedia":[{"embeddable":true,"href":"https:\/\/www.hediyepazar.com\/index.php?rest_route=\/wp\/v2\/media\/115966"}],"wp:attachment":[{"href":"https:\/\/www.hediyepazar.com\/index.php?rest_route=%2Fwp%2Fv2%2Fmedia&parent=115967"}],"wp:term":[{"taxonomy":"product_brand","embeddable":true,"href":"https:\/\/www.hediyepazar.com\/index.php?rest_route=%2Fwp%2Fv2%2Fproduct_brand&post=115967"},{"taxonomy":"product_cat","embeddable":true,"href":"https:\/\/www.hediyepazar.com\/index.php?rest_route=%2Fwp%2Fv2%2Fproduct_cat&post=115967"},{"taxonomy":"product_tag","embeddable":true,"href":"https:\/\/www.hediyepazar.com\/index.php?rest_route=%2Fwp%2Fv2%2Fproduct_tag&post=115967"}],"curies":[{"name":"wp","href":"https:\/\/api.w.org\/{rel}","templated":true}]}}