{"id":115969,"date":"2026-05-05T16:04:05","date_gmt":"2026-05-05T19:04:05","guid":{"rendered":"https:\/\/www.hediyepazar.com\/?product=720-doner-cift-tarafli-masaustu-vantilator-usb-sarjli-sessiz-fan"},"modified":"2026-05-05T16:04:05","modified_gmt":"2026-05-05T19:04:05","slug":"720-doner-cift-tarafli-masaustu-vantilator-usb-sarjli-sessiz-fan","status":"publish","type":"product","link":"https:\/\/www.hediyepazar.com\/?product=720-doner-cift-tarafli-masaustu-vantilator-usb-sarjli-sessiz-fan","title":{"rendered":"720\u00b0 D\u00f6ner \u00c7ift Tarafl\u0131 Masa\u00fcst\u00fc Vantilat\u00f6r \u2013 USB \u015earjl\u0131 Sessiz Fan"},"content":{"rendered":"<p>Bu yenilik\u00e7i masa\u00fcst\u00fc vantilat\u00f6r, 720\u00b0 d\u00f6nebilen \u00e7ift tarafl\u0131 ba\u015fl\u0131\u011f\u0131 ile odan\u0131zda her y\u00f6ne e\u015fit serinlik sa\u011flar. USB \u015farj \u00f6zelli\u011fi sayesinde ta\u015f\u0131nabilir kullan\u0131m imk\u00e2n\u0131 sunar, powerbank veya bilgisayar \u00fczerinden kolayca \u015farj edilebilir. Geli\u015ftirilmi\u015f pil teknolojisiyle %78 daha uzun pil \u00f6mr\u00fc sunar, uzun s\u00fcre kesintisiz serinleme sa\u011flar. \u00c7ift kafal\u0131 tasar\u0131m\u0131yla hava ak\u0131\u015f\u0131n\u0131 art\u0131rarak daha geni\u015f bir alana serinlik yayar. Sessiz motor teknolojisi sayesinde yaln\u0131zca 36 dB seviyesinde \u00e7al\u0131\u015f\u0131r; bu da uyurken, \u00e7al\u0131\u015f\u0131rken veya dinlenirken rahats\u0131z etmez. Duvara monte edilebilen asma delikleri ve masa\u00fcst\u00fc kullan\u0131m se\u00e7ene\u011fi ile \u00e7ok y\u00f6nl\u00fc kullan\u0131m imk\u00e2n\u0131 sunar. Kaymaz tabanl\u0131 yap\u0131s\u0131, g\u00fcvenli kullan\u0131m sa\u011flarken, gece lambas\u0131 fonksiyonu ile gece kullan\u0131mlar\u0131nda ek bir avantaj sa\u011flar. Yaz aylar\u0131nda evde, ofiste veya seyahatlerde yan\u0131n\u0131zdan ay\u0131rmak istemeyece\u011finiz pratik bir serinletici \u00e7\u00f6z\u00fcm sunar.<\/p>\n","protected":false},"excerpt":{"rendered":"<p>Bu yenilik\u00e7i masa\u00fcst\u00fc vantilat\u00f6r, 720\u00b0 d\u00f6nebilen \u00e7ift tarafl\u0131 ba\u015fl\u0131\u011f\u0131 ile odan\u0131zda her y\u00f6ne e\u015fit serinlik sa\u011flar. USB \u015farj \u00f6zelli\u011fi sayesinde ta\u015f\u0131nabilir kullan\u0131m imk\u00e2n\u0131 sunar, powerbank veya bilgisayar \u00fczerinden kolayca \u015farj edilebilir. Geli\u015ftirilmi\u015f pil teknolojisiyle %78 daha uzun pil \u00f6mr\u00fc sunar, uzun s\u00fcre kesintisiz serinleme sa\u011flar. \u00c7ift kafal\u0131 tasar\u0131m\u0131yla hava ak\u0131\u015f\u0131n\u0131 art\u0131rarak daha geni\u015f bir alana&#8230;<\/p>\n","protected":false},"featured_media":115968,"comment_status":"open","ping_status":"closed","template":"","meta":{"_kad_post_transparent":"","_kad_post_title":"","_kad_post_layout":"","_kad_post_sidebar_id":"","_kad_post_content_style":"","_kad_post_vertical_padding":"","_kad_post_feature":"","_kad_post_feature_position":"","_kad_post_header":false,"_kad_post_footer":false,"_kad_post_classname":""},"product_brand":[],"product_cat":[15021],"product_tag":[],"class_list":{"0":"post-115969","1":"product","2":"type-product","3":"status-publish","4":"has-post-thumbnail","6":"product_cat-vantilator-vantilator","8":"first","9":"instock","10":"purchasable","11":"product-type-simple","12":"entry","13":"content-bg","14":"loop-entry"},"_links":{"self":[{"href":"https:\/\/www.hediyepazar.com\/index.php?rest_route=\/wp\/v2\/product\/115969","targetHints":{"allow":["GET"]}}],"collection":[{"href":"https:\/\/www.hediyepazar.com\/index.php?rest_route=\/wp\/v2\/product"}],"about":[{"href":"https:\/\/www.hediyepazar.com\/index.php?rest_route=\/wp\/v2\/types\/product"}],"replies":[{"embeddable":true,"href":"https:\/\/www.hediyepazar.com\/index.php?rest_route=%2Fwp%2Fv2%2Fcomments&post=115969"}],"wp:featuredmedia":[{"embeddable":true,"href":"https:\/\/www.hediyepazar.com\/index.php?rest_route=\/wp\/v2\/media\/115968"}],"wp:attachment":[{"href":"https:\/\/www.hediyepazar.com\/index.php?rest_route=%2Fwp%2Fv2%2Fmedia&parent=115969"}],"wp:term":[{"taxonomy":"product_brand","embeddable":true,"href":"https:\/\/www.hediyepazar.com\/index.php?rest_route=%2Fwp%2Fv2%2Fproduct_brand&post=115969"},{"taxonomy":"product_cat","embeddable":true,"href":"https:\/\/www.hediyepazar.com\/index.php?rest_route=%2Fwp%2Fv2%2Fproduct_cat&post=115969"},{"taxonomy":"product_tag","embeddable":true,"href":"https:\/\/www.hediyepazar.com\/index.php?rest_route=%2Fwp%2Fv2%2Fproduct_tag&post=115969"}],"curies":[{"name":"wp","href":"https:\/\/api.w.org\/{rel}","templated":true}]}}