{"id":115983,"date":"2026-05-05T16:04:45","date_gmt":"2026-05-05T19:04:45","guid":{"rendered":"https:\/\/www.hediyepazar.com\/?product=yuksek-hizli-parazit-onleyici-wifi-repeater-router"},"modified":"2026-05-05T16:04:45","modified_gmt":"2026-05-05T19:04:45","slug":"yuksek-hizli-parazit-onleyici-wifi-repeater-router","status":"publish","type":"product","link":"https:\/\/www.hediyepazar.com\/?product=yuksek-hizli-parazit-onleyici-wifi-repeater-router","title":{"rendered":"Y\u00fcksek H\u0131zl\u0131 Parazit \u00d6nleyici WiFi Repeater Router"},"content":{"rendered":"<p>Tak ve \u00e7al\u0131\u015ft\u0131r \u00f6zelli\u011fi ile kullan\u0131m\u0131 son derece kolayd\u0131r. \u00dcstelik a\u011f ayarlar\u0131n\u0131 otomatik hat\u0131rlad\u0131\u011f\u0131 i\u00e7in cihaz\u0131 farkl\u0131 alanlarda yeniden yap\u0131land\u0131rmaya gerek kalmadan kullanabilirsiniz. Seyahatlerde, yazl\u0131klarda ya da ofiste rahat\u00e7a yan\u0131n\u0131zda ta\u015f\u0131yabilir, istedi\u011finiz yerde g\u00fc\u00e7l\u00fc internetin tad\u0131n\u0131 \u00e7\u0131karabilirsiniz.<\/p>\n","protected":false},"excerpt":{"rendered":"<p>Tak ve \u00e7al\u0131\u015ft\u0131r \u00f6zelli\u011fi ile kullan\u0131m\u0131 son derece kolayd\u0131r. \u00dcstelik a\u011f ayarlar\u0131n\u0131 otomatik hat\u0131rlad\u0131\u011f\u0131 i\u00e7in cihaz\u0131 farkl\u0131 alanlarda yeniden yap\u0131land\u0131rmaya gerek kalmadan kullanabilirsiniz. Seyahatlerde, yazl\u0131klarda ya da ofiste rahat\u00e7a yan\u0131n\u0131zda ta\u015f\u0131yabilir, istedi\u011finiz yerde g\u00fc\u00e7l\u00fc internetin tad\u0131n\u0131 \u00e7\u0131karabilirsiniz.<\/p>\n","protected":false},"featured_media":115982,"comment_status":"open","ping_status":"closed","template":"","meta":{"_kad_post_transparent":"","_kad_post_title":"","_kad_post_layout":"","_kad_post_sidebar_id":"","_kad_post_content_style":"","_kad_post_vertical_padding":"","_kad_post_feature":"","_kad_post_feature_position":"","_kad_post_header":false,"_kad_post_footer":false,"_kad_post_classname":""},"product_brand":[],"product_cat":[14989],"product_tag":[],"class_list":{"0":"post-115983","1":"product","2":"type-product","3":"status-publish","4":"has-post-thumbnail","6":"product_cat-wireless-adaptor-wireless-adaptor","8":"first","9":"instock","10":"purchasable","11":"product-type-simple","12":"entry","13":"content-bg","14":"loop-entry"},"_links":{"self":[{"href":"https:\/\/www.hediyepazar.com\/index.php?rest_route=\/wp\/v2\/product\/115983","targetHints":{"allow":["GET"]}}],"collection":[{"href":"https:\/\/www.hediyepazar.com\/index.php?rest_route=\/wp\/v2\/product"}],"about":[{"href":"https:\/\/www.hediyepazar.com\/index.php?rest_route=\/wp\/v2\/types\/product"}],"replies":[{"embeddable":true,"href":"https:\/\/www.hediyepazar.com\/index.php?rest_route=%2Fwp%2Fv2%2Fcomments&post=115983"}],"wp:featuredmedia":[{"embeddable":true,"href":"https:\/\/www.hediyepazar.com\/index.php?rest_route=\/wp\/v2\/media\/115982"}],"wp:attachment":[{"href":"https:\/\/www.hediyepazar.com\/index.php?rest_route=%2Fwp%2Fv2%2Fmedia&parent=115983"}],"wp:term":[{"taxonomy":"product_brand","embeddable":true,"href":"https:\/\/www.hediyepazar.com\/index.php?rest_route=%2Fwp%2Fv2%2Fproduct_brand&post=115983"},{"taxonomy":"product_cat","embeddable":true,"href":"https:\/\/www.hediyepazar.com\/index.php?rest_route=%2Fwp%2Fv2%2Fproduct_cat&post=115983"},{"taxonomy":"product_tag","embeddable":true,"href":"https:\/\/www.hediyepazar.com\/index.php?rest_route=%2Fwp%2Fv2%2Fproduct_tag&post=115983"}],"curies":[{"name":"wp","href":"https:\/\/api.w.org\/{rel}","templated":true}]}}