{"id":115985,"date":"2026-05-05T16:06:02","date_gmt":"2026-05-05T19:06:02","guid":{"rendered":"https:\/\/www.hediyepazar.com\/?product=yuksek-hizli-parazit-onleyici-wifi-repeater-router-2"},"modified":"2026-05-05T16:06:02","modified_gmt":"2026-05-05T19:06:02","slug":"yuksek-hizli-parazit-onleyici-wifi-repeater-router-2","status":"publish","type":"product","link":"https:\/\/www.hediyepazar.com\/?product=yuksek-hizli-parazit-onleyici-wifi-repeater-router-2","title":{"rendered":"Y\u00fcksek H\u0131zl\u0131 Parazit \u00d6nleyici WiFi Repeater Router"},"content":{"rendered":"<p>WiFi menzil geni\u015fletici, y\u00f6nlendiricinize istemci olarak ba\u011flanarak kapsama alan\u0131n\u0131 geni\u015fletir. R\u00f6le deste\u011fi ile farkl\u0131 odalarda da g\u00fc\u00e7l\u00fc ba\u011flant\u0131 sa\u011flar. Bu sayede t\u00fcm cihazlar\u0131n\u0131z i\u00e7in interneti ayn\u0131 g\u00fc\u00e7le kullanabilir, daha verimli bir a\u011f deneyimi ya\u015fayabilirsiniz.<\/p>\n","protected":false},"excerpt":{"rendered":"<p>WiFi menzil geni\u015fletici, y\u00f6nlendiricinize istemci olarak ba\u011flanarak kapsama alan\u0131n\u0131 geni\u015fletir. R\u00f6le deste\u011fi ile farkl\u0131 odalarda da g\u00fc\u00e7l\u00fc ba\u011flant\u0131 sa\u011flar. Bu sayede t\u00fcm cihazlar\u0131n\u0131z i\u00e7in interneti ayn\u0131 g\u00fc\u00e7le kullanabilir, daha verimli bir a\u011f deneyimi ya\u015fayabilirsiniz.<\/p>\n","protected":false},"featured_media":115984,"comment_status":"open","ping_status":"closed","template":"","meta":{"_kad_post_transparent":"","_kad_post_title":"","_kad_post_layout":"","_kad_post_sidebar_id":"","_kad_post_content_style":"","_kad_post_vertical_padding":"","_kad_post_feature":"","_kad_post_feature_position":"","_kad_post_header":false,"_kad_post_footer":false,"_kad_post_classname":""},"product_brand":[],"product_cat":[14989],"product_tag":[],"class_list":{"0":"post-115985","1":"product","2":"type-product","3":"status-publish","4":"has-post-thumbnail","6":"product_cat-wireless-adaptor-wireless-adaptor","8":"first","9":"instock","10":"purchasable","11":"product-type-simple","12":"entry","13":"content-bg","14":"loop-entry"},"_links":{"self":[{"href":"https:\/\/www.hediyepazar.com\/index.php?rest_route=\/wp\/v2\/product\/115985","targetHints":{"allow":["GET"]}}],"collection":[{"href":"https:\/\/www.hediyepazar.com\/index.php?rest_route=\/wp\/v2\/product"}],"about":[{"href":"https:\/\/www.hediyepazar.com\/index.php?rest_route=\/wp\/v2\/types\/product"}],"replies":[{"embeddable":true,"href":"https:\/\/www.hediyepazar.com\/index.php?rest_route=%2Fwp%2Fv2%2Fcomments&post=115985"}],"wp:featuredmedia":[{"embeddable":true,"href":"https:\/\/www.hediyepazar.com\/index.php?rest_route=\/wp\/v2\/media\/115984"}],"wp:attachment":[{"href":"https:\/\/www.hediyepazar.com\/index.php?rest_route=%2Fwp%2Fv2%2Fmedia&parent=115985"}],"wp:term":[{"taxonomy":"product_brand","embeddable":true,"href":"https:\/\/www.hediyepazar.com\/index.php?rest_route=%2Fwp%2Fv2%2Fproduct_brand&post=115985"},{"taxonomy":"product_cat","embeddable":true,"href":"https:\/\/www.hediyepazar.com\/index.php?rest_route=%2Fwp%2Fv2%2Fproduct_cat&post=115985"},{"taxonomy":"product_tag","embeddable":true,"href":"https:\/\/www.hediyepazar.com\/index.php?rest_route=%2Fwp%2Fv2%2Fproduct_tag&post=115985"}],"curies":[{"name":"wp","href":"https:\/\/api.w.org\/{rel}","templated":true}]}}