{"id":115989,"date":"2026-05-05T16:06:15","date_gmt":"2026-05-05T19:06:15","guid":{"rendered":"https:\/\/www.hediyepazar.com\/?product=wps-destekli-2-4ghz-5ghz-wifi-sinyal-guclendirici"},"modified":"2026-05-05T16:06:15","modified_gmt":"2026-05-05T19:06:15","slug":"wps-destekli-2-4ghz-5ghz-wifi-sinyal-guclendirici","status":"publish","type":"product","link":"https:\/\/www.hediyepazar.com\/?product=wps-destekli-2-4ghz-5ghz-wifi-sinyal-guclendirici","title":{"rendered":"WPS Destekli 2.4GHz + 5GHz WiFi Sinyal G\u00fc\u00e7lendirici"},"content":{"rendered":"<p>2.4GHz + 5GHz \u00e7ift bant deste\u011fi ile donat\u0131lm\u0131\u015f bu WiFi Repeater, y\u00fcksek h\u0131zl\u0131 ba\u011flant\u0131 sa\u011flar. G\u00fc\u00e7l\u00fc parazit \u00f6nleyici teknolojisi sayesinde evinizin her k\u00f6\u015fesinde stabil ve h\u0131zl\u0131 internet sunar. \u0130ster oyun oynay\u0131n, ister online ders veya toplant\u0131ya kat\u0131l\u0131n, donma ve gecikme olmadan ba\u011flant\u0131da kalabilirsiniz.<\/p>\n","protected":false},"excerpt":{"rendered":"<p>2.4GHz + 5GHz \u00e7ift bant deste\u011fi ile donat\u0131lm\u0131\u015f bu WiFi Repeater, y\u00fcksek h\u0131zl\u0131 ba\u011flant\u0131 sa\u011flar. G\u00fc\u00e7l\u00fc parazit \u00f6nleyici teknolojisi sayesinde evinizin her k\u00f6\u015fesinde stabil ve h\u0131zl\u0131 internet sunar. \u0130ster oyun oynay\u0131n, ister online ders veya toplant\u0131ya kat\u0131l\u0131n, donma ve gecikme olmadan ba\u011flant\u0131da kalabilirsiniz.<\/p>\n","protected":false},"featured_media":115988,"comment_status":"open","ping_status":"closed","template":"","meta":{"_kad_post_transparent":"","_kad_post_title":"","_kad_post_layout":"","_kad_post_sidebar_id":"","_kad_post_content_style":"","_kad_post_vertical_padding":"","_kad_post_feature":"","_kad_post_feature_position":"","_kad_post_header":false,"_kad_post_footer":false,"_kad_post_classname":""},"product_brand":[],"product_cat":[14989],"product_tag":[],"class_list":{"0":"post-115989","1":"product","2":"type-product","3":"status-publish","4":"has-post-thumbnail","6":"product_cat-wireless-adaptor-wireless-adaptor","8":"first","9":"instock","10":"purchasable","11":"product-type-simple","12":"entry","13":"content-bg","14":"loop-entry"},"_links":{"self":[{"href":"https:\/\/www.hediyepazar.com\/index.php?rest_route=\/wp\/v2\/product\/115989","targetHints":{"allow":["GET"]}}],"collection":[{"href":"https:\/\/www.hediyepazar.com\/index.php?rest_route=\/wp\/v2\/product"}],"about":[{"href":"https:\/\/www.hediyepazar.com\/index.php?rest_route=\/wp\/v2\/types\/product"}],"replies":[{"embeddable":true,"href":"https:\/\/www.hediyepazar.com\/index.php?rest_route=%2Fwp%2Fv2%2Fcomments&post=115989"}],"wp:featuredmedia":[{"embeddable":true,"href":"https:\/\/www.hediyepazar.com\/index.php?rest_route=\/wp\/v2\/media\/115988"}],"wp:attachment":[{"href":"https:\/\/www.hediyepazar.com\/index.php?rest_route=%2Fwp%2Fv2%2Fmedia&parent=115989"}],"wp:term":[{"taxonomy":"product_brand","embeddable":true,"href":"https:\/\/www.hediyepazar.com\/index.php?rest_route=%2Fwp%2Fv2%2Fproduct_brand&post=115989"},{"taxonomy":"product_cat","embeddable":true,"href":"https:\/\/www.hediyepazar.com\/index.php?rest_route=%2Fwp%2Fv2%2Fproduct_cat&post=115989"},{"taxonomy":"product_tag","embeddable":true,"href":"https:\/\/www.hediyepazar.com\/index.php?rest_route=%2Fwp%2Fv2%2Fproduct_tag&post=115989"}],"curies":[{"name":"wp","href":"https:\/\/api.w.org\/{rel}","templated":true}]}}